{"id":57820,"date":"2022-04-21T10:07:47","date_gmt":"2022-04-21T14:07:47","guid":{"rendered":"https:\/\/www.quadexpert.com\/?page_id=57820"},"modified":"2026-03-26T16:20:57","modified_gmt":"2026-03-26T20:20:57","slug":"home-2","status":"publish","type":"page","link":"https:\/\/www.quadexpert.com\/fr\/","title":{"rendered":"Accueil"},"content":{"rendered":"<div class=\"wpb-content-wrapper\"><p>[vc_row][vc_column width=\u00a0\u00bb1\/6&Prime;][\/vc_column][vc_column width=\u00a0\u00bb1\/3&Prime;]<div class='quad-landing-card' style='background-image: url(https:\/\/www.quadexpert.com\/wp-content\/uploads\/bike.jpg)'><div class='quad-card-bg'><\/div><div class='quad-card-top-text'>\u00c0 la recherche d'un<\/div><div class='quad-card-title-text'>nouveau v\u00e9hicule?<\/div><div class='quad-spacer-container'><div class='quad-spacer'><\/div><\/div><div class='quad-card-inner'><a href='https:\/\/www.quadexpert.com\/fr\/yamaha-nouvelle-unite\/'><div class='quad-card-button'>Nouveau V\u00e9hicule<\/div><\/a><a href='https:\/\/www.quadexpert.com\/fr\/vehicules-usages\/'><div class='quad-card-button'>V\u00e9hicule Usag\u00e9<\/div><\/a><div class='quad-bottom-text'><a href='https:\/\/www.quadexpert.com\/fr\/financement-facile\/'>Financement d'un v\u00e9hicule <i class='fa fa-arrow-right'><\/i><\/a><\/div><\/div><\/div>[\/vc_column][vc_column width=\u00a0\u00bb1\/3&Prime;]<div class='quad-landing-card' style='background-image: url(https:\/\/www.quadexpert.com\/wp-content\/uploads\/oem-parts.jpg)'><div class='quad-card-bg'><\/div><div class='quad-card-top-text'>Vous cherchez des<\/div><div class='quad-card-title-text'>pi\u00e8ces d'origine ?<\/div><div class='quad-spacer-container'><div class='quad-spacer'><\/div><\/div><div class='quad-card-inner'><a href='https:\/\/www.quadexpert.com\/fr\/oem-parts\/'><div class='quad-card-button'>Pi\u00e8ces d&#039;origine<\/div><\/a><a href='https:\/\/www.quadexpert.com\/fr\/liquidation-quad-expert\/' target=\"_blank\"><div class='quad-card-button'>Accessoires d&#039;origine<\/div><\/a><div class='quad-bottom-text'><a href='https:\/\/www.quadexpert.com\/fr\/categorie-produit\/liquidation\/'>Liquidation en magasin <i class='fa fa-arrow-right'><\/i><\/a><\/div><\/div><\/div>[\/vc_column][vc_column width=\u00a0\u00bb1\/6&Prime;][\/vc_column][\/vc_row][vc_row][vc_column][\/vc_column][\/vc_row][vc_row equal_height=\u00a0\u00bbyes\u00a0\u00bb content_placement=\u00a0\u00bbmiddle\u00a0\u00bb][vc_column width=\u00a0\u00bb1\/3&Prime;][vc_single_image image=\u00a0\u00bb142538&Prime; img_size=\u00a0\u00bblarge\u00a0\u00bb css=\u00a0\u00bb\u00a0\u00bb][\/vc_column][vc_column width=\u00a0\u00bb2\/3&Prime;][vc_column_text]<\/p>\n<h4>QUAD EXPERT EST UN <strong>CONCESSIONNAIRE \u00c9LITE YAMAHA<\/strong><\/h4>\n<p>Faire partie de l&rsquo;\u00e9lite, c&rsquo;est \u00eatre parmi les meilleurs des meilleurs. Gr\u00e2ce au Programme des concessionnaires \u00c9lite, Yamaha reconna\u00eet les concessionnaires qui s&rsquo;engagent \u00e0 se surpasser pour leurs clients afin de s&rsquo;assurer qu&rsquo;ils vivent la meilleure exp\u00e9rience, du moment o\u00f9 vous entrez dans la salle d&rsquo;exposition jusqu&rsquo;au moment o\u00f9 vous prenez les cl\u00e9s de votre nouvelle Yamaha.<br \/>\n<b>Seul un nombre restreint de concessionnaires de tout le Canada a obtenu le prestigieux statut de concessionnaire \u00c9lite.<\/b><br \/>\n<a href=\"https:\/\/www.yamaha-motor.ca\/fr\" target=\"_blank\" rel=\"noopener\">Site Web de Yamaha Motor Canada &gt; Cliquez ici<\/a>[\/vc_column_text][\/vc_column][\/vc_row][vc_row][vc_column width=\u00a0\u00bb1\/5&Prime;][vc_single_image image=\u00a0\u00bb142477&Prime; img_size=\u00a0\u00bbmedium\u00a0\u00bb alignment=\u00a0\u00bbcenter\u00a0\u00bb onclick=\u00a0\u00bbcustom_link\u00a0\u00bb css=\u00a0\u00bb\u00a0\u00bb link=\u00a0\u00bbhttps:\/\/www.quadexpert.com\/fr\/yamaha\/\u00a0\u00bb][vc_single_image image=\u00a0\u00bb142484&Prime; img_size=\u00a0\u00bbmedium\u00a0\u00bb alignment=\u00a0\u00bbcenter\u00a0\u00bb onclick=\u00a0\u00bbcustom_link\u00a0\u00bb css=\u00a0\u00bb\u00a0\u00bb link=\u00a0\u00bbhttps:\/\/www.quadexpert.com\/fr\/produit-energitique\/\u00a0\u00bb][vc_single_image image=\u00a0\u00bb142492&Prime; img_size=\u00a0\u00bbmedium\u00a0\u00bb alignment=\u00a0\u00bbcenter\u00a0\u00bb onclick=\u00a0\u00bbcustom_link\u00a0\u00bb css=\u00a0\u00bb\u00a0\u00bb link=\u00a0\u00bbhttps:\/\/www.quadexpert.com\/fr\/velos-yamaha\/\u00a0\u00bb][vc_single_image image=\u00a0\u00bb142481&Prime; img_size=\u00a0\u00bbmedium\u00a0\u00bb css=\u00a0\u00bb\u00a0\u00bb][\/vc_column][vc_column width=\u00a0\u00bb1\/5&Prime;][vc_single_image image=\u00a0\u00bb74683&Prime; img_size=\u00a0\u00bbfull\u00a0\u00bb alignment=\u00a0\u00bbcenter\u00a0\u00bb onclick=\u00a0\u00bbcustom_link\u00a0\u00bb link=\u00a0\u00bbhttps:\/\/www.quadexpert.com\/fr\/smoker-craft\/\u00a0\u00bb][vc_single_image image=\u00a0\u00bb103343&Prime; img_size=\u00a0\u00bbfull\u00a0\u00bb alignment=\u00a0\u00bbcenter\u00a0\u00bb onclick=\u00a0\u00bbcustom_link\u00a0\u00bb link=\u00a0\u00bbhttps:\/\/www.quadexpert.com\/fr\/sunchaser\/\u00a0\u00bb][\/vc_column][vc_column width=\u00a0\u00bb1\/5&Prime;][\/vc_column][vc_column width=\u00a0\u00bb2\/5&Prime;][vc_column_text]<\/p>\n<h4><span style='font-weight: 800;'>RECHERCHEER<\/span> DANS NOTRE INVENTAIRE<\/h4>\n<p>[\/vc_column_text]<div class=\"search-form search_inventory_box row inv-search-box \"><form method=\"get\" class=\"container\" action=\"https:\/\/www.quadexpert.com\/search\/\" data-form=\"singular\"><div class='row'><div class=\"col-md-6 clearfix\"><div class=\"my-dropdown condition-dropdown\"><label for=\"condition[]\" class=\"sr-only\">Condition<\/label><select id=\"condition[]\" name=\"condition[]\" class=\"css-dropdowns\" data-sort=\"condition\" data-prefix=\"\" data-label-singular=\"Condition\" data-label-plural=\"Conditions\" data-no-options=\"Aucune option\" aria-hidden=\"true\" data-compare-value=\"=\" multiple=\"true\">\n<option value=''>Condition<\/option>\n\t<option value='Neuf' data-key='new'>Neuf<\/option>\n\t<option value='Usag&eacute;' data-key='used'>Usag&eacute;<\/option>\n<\/select>\n\n<\/div><div class=\"my-dropdown brand-dropdown\"><label for=\"brand[]\" class=\"sr-only\">Marque<\/label><select id=\"brand[]\" name=\"brand[]\" class=\"css-dropdowns\" data-sort=\"brand\" data-prefix=\"\" data-label-singular=\"Marque\" data-label-plural=\"Marques\" data-no-options=\"Aucune option\" aria-hidden=\"true\" data-compare-value=\"=\" multiple=\"true\">\n<option value=''>Marque<\/option>\n\t<option value='Gas Gas' data-key='gas-gas'>Gas Gas<\/option>\n\t<option value='K-TRAIL' data-key='k-trail'>K-TRAIL<\/option>\n\t<option value='KTM' data-key='ktm'>KTM<\/option>\n\t<option value='Karavan' data-key='karavan'>Karavan<\/option>\n\t<option value='Kawasaki' data-key='kawasaki'>Kawasaki<\/option>\n\t<option value='Quick Silver' data-key='quick-silver'>Quick Silver<\/option>\n\t<option value='Rambo Bikes' data-key='rambo-bikes'>Rambo Bikes<\/option>\n\t<option value='Sherco' data-key='sherco'>Sherco<\/option>\n\t<option value='Smoker Craft' data-key='smoker-craft'>Smoker Craft<\/option>\n\t<option value='SunChaser' data-key='sunchaser'>SunChaser<\/option>\n\t<option value='Trail Master' data-key='trail-master'>Trail Master<\/option>\n\t<option value='Yamaha' data-key='yamaha'>Yamaha<\/option>\n<\/select>\n\n<\/div><div class='clearfix'><\/div><\/div><div class=\"col-md-6 clearfix\"><div class=\"my-dropdown vehicle-type-dropdown\"><label for=\"vehicle-type[]\" class=\"sr-only\">Type de v\u00e9hicule<\/label><select id=\"vehicle-type[]\" name=\"vehicle-type[]\" class=\"css-dropdowns\" data-sort=\"vehicle-type\" data-prefix=\"\" data-label-singular=\"Type de v\u00e9hicule\" data-label-plural=\"Types de v\u00e9hicules\" data-no-options=\"Aucune option\" aria-hidden=\"true\" data-compare-value=\"=\" multiple=\"true\">\n<option value=''>Type de v\u00e9hicule<\/option>\n\t<option value='ATVs' data-key='atvs'>ATVs<\/option>\n\t<option value='C&ocirc;te &agrave; C&ocirc;te' data-key='side-by-side'>C&ocirc;te &agrave; C&ocirc;te<\/option>\n\t<option value='E-Bikes' data-key='e-bikes'>E-Bikes<\/option>\n\t<option value='Fishing Boats' data-key='fishing-boats'>Fishing Boats<\/option>\n\t<option value='Generators &amp; Inverters' data-key='generators-inverters'>Generators &amp; Inverters<\/option>\n\t<option value='Marine Trailers' data-key='marine-trailers'>Marine Trailers<\/option>\n\t<option value='Motorcycle Off-Roads' data-key='motorcycle-off-roads'>Motorcycle Off-Roads<\/option>\n\t<option value='Motorcycle Streets' data-key='motorcycle-streets'>Motorcycle Streets<\/option>\n\t<option value='Outboard Motors' data-key='outboard-motors'>Outboard Motors<\/option>\n\t<option value='PTV' data-key='ptv'>PTV<\/option>\n\t<option value='Pontoons' data-key='pontoons'>Pontoons<\/option>\n\t<option value='Pumps &amp; Pressure Washers' data-key='pumps-pressure-washers'>Pumps &amp; Pressure Washers<\/option>\n\t<option value='Scooter' data-key='scooter'>Scooter<\/option>\n\t<option value='Snowblowers' data-key='snowblowers'>Snowblowers<\/option>\n\t<option value='Snowmobiles' data-key='snowmobiles'>Snowmobiles<\/option>\n\t<option value='Trailers' data-key='trailers'>Trailers<\/option>\n\t<option value='Utility Boats' data-key='utility-boats'>Utility Boats<\/option>\n\t<option value='Waverunners' data-key='waverunners'>Waverunners<\/option>\n<\/select>\n\n<\/div><div class='clearfix'><\/div><\/div><div class=\"col-md-12 clearfix search_categories\"><div class='clearfix'><\/div><\/div><div class=\"form-element pull-right margin-right-10 col-md-12\"><input type=\"submit\" value=\"Find My New Vehicle\" class=\"find_new_vehicle pull-right\"><button class=\"reset-search-form pull-right\">Reset<\/button><div class=\"loading_results pull-right\"><i class=\"fa fa-circle-o-notch fa-spin\"><\/i><\/div><\/div><\/div><\/form><\/div>[\/vc_column][\/vc_row][vc_section full_width=\u00a0\u00bbstretch_row\u00a0\u00bb content_placement=\u00a0\u00bbmiddle\u00a0\u00bb css=\u00a0\u00bb.vc_custom_1673385783261{padding-bottom: 30px !important;background-image: url(https:\/\/www.quadexpert.com\/wp-content\/uploads\/Header-2023-KimpexWaterSports2.jpg?id=104645) !important;background-position: center !important;background-repeat: no-repeat !important;background-size: cover !important;}\u00a0\u00bb][vc_row][vc_column][\/vc_column][\/vc_row][\/vc_section][vc_row css=\u00a0\u00bb.vc_custom_1673385885276{padding-top: 30px !important;}\u00a0\u00bb][vc_column][vc_row_inner][vc_column_inner][vc_column_text]<\/p>\n<h4>VENTE ET SERVICE <span style='font-weight: 800;'>EXTR\u00caME<\/span><\/h4>\n<p>[\/vc_column_text][vc_column_text]Quad Expert est votre <strong>seul arr\u00eat<\/strong> pour les sports motoris\u00e9s et la marine dans l&rsquo;Est de l&rsquo;Ontario. Il se sp\u00e9cialise dans la vente et le service de VTT, motoneiges, motocyclettes, motos tout-terrain, bateaux, pontons et autres v\u00e9hicules hors route neufs et d&rsquo;occasion.<br \/>\nSitu\u00e9 \u00e0 Clarence Rockland, \u00e0 seulement 25 minutes \u00e0 l&rsquo;est d&rsquo;Ottawa-Gatineau, Quad Expert offre une exp\u00e9rience client exceptionnelle en promettant des SERVICES de la plus haute QUALIT\u00c9.<br \/>\nNous nous occupons de toutes les marques et de tous les mod\u00e8les.[\/vc_column_text][\/vc_column_inner][\/vc_row_inner][\/vc_column][\/vc_row][vc_row][vc_column]\n\t\t\t\t<p class=\"rs-p-wp-fix\"><\/p>\n\t\t\t\t<sr7-module data-alias=\"active-slider-1\" data-id=\"23\" id=\"SR7_23_1\" class=\"rs-ov-hidden\" data-version=\"6.7.51\">\n\t\t\t\t\t<sr7-adjuster><\/sr7-adjuster>\n\t\t\t\t\t<sr7-content>\n\t\t\t\t\t\t<sr7-slide id=\"SR7_23_1-66\" data-key=\"66\">\n\t\t\t\t\t\t\t<sr7-bg id=\"SR7_23_1-66-5\" class=\"sr7-layer\"><noscript><img decoding=\"async\" src=\"https:\/\/www.quadexpert.com\/wp-content\/uploads\/opendocument-1-5.jpg\" alt=\"Opendocument (1)\" title=\"opendocument (1)\"><\/noscript><\/sr7-bg>\n\t\t\t\t\t\t\t<sr7-txt id=\"SR7_23_1-66-1\" class=\"sr7-layer\">Remotorisez <BR\/> votre bateau<BR\/> avec Yamaha.<\/sr7-txt>\n\t\t\t\t\t\t\t<sr7-txt id=\"SR7_23_1-66-3\" class=\"sr7-layer\">CLIQUEZ ICI POUR VOTRE SOUMISSION<\/sr7-txt>\n\t\t\t\t\t\t\t<sr7-txt id=\"SR7_23_1-66-4\" class=\"sr7-layer\"><\/sr7-txt>\n\t\t\t\t\t\t<\/sr7-slide>\n\t\t\t\t\t\t<sr7-slide id=\"SR7_23_1-56\" data-key=\"56\">\n\t\t\t\t\t\t\t<sr7-bg id=\"SR7_23_1-56-11\" class=\"sr7-layer\"><noscript><img decoding=\"async\" src=\"https:\/\/www.quadexpert.com\/wp-content\/uploads\/opendocument-16.jpg\" alt=\"Opendocument\" title=\"opendocument\"><\/noscript><\/sr7-bg>\n\t\t\t\t\t\t\t<sr7-txt id=\"SR7_23_1-56-4\" class=\"sr7-layer\"><\/sr7-txt>\n\t\t\t\t\t\t\t<sr7-txt id=\"SR7_23_1-56-7\" class=\"sr7-layer\">MAGASINER LES MOTOS DE ROUTE<\/sr7-txt>\n\t\t\t\t\t\t\t<sr7-txt id=\"SR7_23_1-56-8\" class=\"sr7-layer\"><i class=\"fa-motorcycle\"><\/i><\/sr7-txt>\n\t\t\t\t\t\t<\/sr7-slide>\n\t\t\t\t\t\t<sr7-slide id=\"SR7_23_1-67\" data-key=\"67\">\n\t\t\t\t\t\t\t<sr7-bg id=\"SR7_23_1-67-9\" class=\"sr7-layer\"><noscript><img decoding=\"async\" src=\"https:\/\/www.quadexpert.com\/wp-content\/uploads\/opendocument-11.jpg\" alt=\"Opendocument\" title=\"opendocument\"><\/noscript><\/sr7-bg>\n\t\t\t\t\t\t\t<sr7-txt id=\"SR7_23_1-67-1\" class=\"sr7-layer\">MOTOCROSS<\/sr7-txt>\n\t\t\t\t\t\t\t<sr7-txt id=\"SR7_23_1-67-4\" class=\"sr7-layer\">Vivez la r\u00e9volution. Ma\u00eetrisez le terrain.<\/sr7-txt>\n\t\t\t\t\t\t\t<sr7-txt id=\"SR7_23_1-67-7\" class=\"sr7-layer\">MAGASINER<\/sr7-txt>\n\t\t\t\t\t\t\t<sr7-txt id=\"SR7_23_1-67-8\" class=\"sr7-layer\"><i class=\"fa-solid fa-bolt\"><\/i><\/sr7-txt>\n\t\t\t\t\t\t<\/sr7-slide>\n\t\t\t\t\t\t<sr7-slide id=\"SR7_23_1-55\" data-key=\"55\">\n\t\t\t\t\t\t\t<sr7-bg id=\"SR7_23_1-55-11\" class=\"sr7-layer\"><noscript><img decoding=\"async\" src=\"https:\/\/www.quadexpert.com\/wp-content\/uploads\/revslider\/notgenericherobg-1536x1024.jpg\" alt=\"\" title=\"notgenericherobg.jpg\"><\/noscript><\/sr7-bg>\n\t\t\t\t\t\t\t<sr7-txt id=\"SR7_23_1-55-1\" class=\"sr7-layer\">QUAD EXPERT<\/sr7-txt>\n\t\t\t\t\t\t\t<sr7-txt id=\"SR7_23_1-55-4\" class=\"sr7-layer\">VOTRE DESTINATION PR\u00c9F\u00c9R\u00c9E <BR\/>POUR LES SPORTS MOTORIS\u00c9S<\/sr7-txt>\n\t\t\t\t\t\t\t<sr7-txt id=\"SR7_23_1-55-7\" class=\"sr7-layer\">EN SAVOIR PLUS SUR NOUS<\/sr7-txt>\n\t\t\t\t\t\t\t<sr7-txt id=\"SR7_23_1-55-8\" class=\"sr7-layer\"><i class=\"pe-7s-paper-plane\"><\/i><\/sr7-txt>\n\t\t\t\t\t\t<\/sr7-slide>\n\t\t\t\t\t\t<sr7-slide id=\"SR7_23_1-59\" data-key=\"59\">\n\t\t\t\t\t\t\t<sr7-bg id=\"SR7_23_1-59-11\" class=\"sr7-layer\"><noscript><img decoding=\"async\" src=\"https:\/\/www.quadexpert.com\/wp-content\/uploads\/Slider-SmokerCraft.jpg\" alt=\"\" title=\"Slider-SmokerCraft\"><\/noscript><\/sr7-bg>\n\t\t\t\t\t\t\t<sr7-txt id=\"SR7_23_1-59-1\" class=\"sr7-layer\">Bateaux <BR\/> SmokerCraft<\/sr7-txt>\n\t\t\t\t\t\t\t<sr7-txt id=\"SR7_23_1-59-4\" class=\"sr7-layer\">LES BATEAUX SMOKER CRAFT<\/br>\nDisponible chez Quad Expert<\/sr7-txt>\n\t\t\t\t\t\t\t<sr7-txt id=\"SR7_23_1-59-5\" class=\"sr7-layer\">Magasiner<\/sr7-txt>\n\t\t\t\t\t\t\t<sr7-txt id=\"SR7_23_1-59-8\" class=\"sr7-layer\"><i class=\"material-icons\">directions_boat<\/i><\/sr7-txt>\n\t\t\t\t\t\t<\/sr7-slide>\n\t\t\t\t\t\t<sr7-slide id=\"SR7_23_1-72\" data-key=\"72\">\n\t\t\t\t\t\t<\/sr7-slide>\n\t\t\t\t\t<\/sr7-content>\n\t\t\t\t\t<image_lists style=\"display:none\">\n\t\t\t\t\t\t<img data-src=\"\/\/www.quadexpert.com\/wp-content\/uploads\/Slider-2024-Snowmobile.jpg\" data-libid=\"121804\" data-lib=\"medialibrary\" title=\"Slider-2024-Snowmobile\" width=\"0\" height=\"0\" data-dbsrc=\"Ly93d3cucXVhZGV4cGVydC5jb20vd3AtY29udGVudC91cGxvYWRzL1NsaWRlci0yMDI0LVNub3dtb2JpbGUuanBn\"\/>\n\t\t\t\t\t\t<img data-src=\"\/\/www.quadexpert.com\/wp-content\/uploads\/revslider\/notgenericherobg-1536x1024.jpg\" data-libid=\"59005\" title=\"notgenericherobg.jpg\" width=\"0\" height=\"0\" data-dbsrc=\"Ly93d3cucXVhZGV4cGVydC5jb20vd3AtY29udGVudC91cGxvYWRzL3JldnNsaWRlci9ub3RnZW5lcmljaGVyb2JnLTE1MzZ4MTAyNC5qcGc=\"\/>\n\t\t\t\t\t\t<img data-src=\"\/\/www.quadexpert.com\/wp-content\/uploads\/1-Yamaha_Revs_70th_LockUp_RGB_En.png\" data-libid=\"143288\" alt=\"Yamaha Revs 70th LockUp RGB En\" title=\"Yamaha_Revs_70th_LockUp_RGB_En\" width=\"0\" height=\"0\" data-dbsrc=\"Ly93d3cucXVhZGV4cGVydC5jb20vd3AtY29udGVudC91cGxvYWRzLzEtWWFtYWhhX1JldnNfNzB0aF9Mb2NrVXBfUkdCX0VuLnBuZw==\"\/>\n\t\t\t\t\t\t<img loading=\"lazy\" data-src=\"\/\/www.quadexpert.com\/wp-content\/uploads\/opendocument-16.jpg\" data-libid=\"143272\" data-lib=\"medialibrary\" alt=\"Opendocument\" title=\"opendocument\" width=\"0\" height=\"0\" data-dbsrc=\"Ly93d3cucXVhZGV4cGVydC5jb20vd3AtY29udGVudC91cGxvYWRzL29wZW5kb2N1bWVudC0xNi5qcGc=\"\/>\n\t\t\t\t\t\t<img loading=\"lazy\" data-src=\"\/\/www.quadexpert.com\/wp-content\/uploads\/Slider-SmokerCraft.jpg\" data-libid=\"74680\" data-lib=\"medialibrary\" title=\"Slider-SmokerCraft\" width=\"0\" height=\"0\" data-dbsrc=\"Ly93d3cucXVhZGV4cGVydC5jb20vd3AtY29udGVudC91cGxvYWRzL1NsaWRlci1TbW9rZXJDcmFmdC5qcGc=\"\/>\n\t\t\t\t\t\t<img loading=\"lazy\" data-src=\"\/\/www.quadexpert.com\/wp-content\/uploads\/FBCover-Closed-Monday.jpg\" data-libid=\"125932\" data-lib=\"medialibrary\" title=\"FBCover-Closed-Monday\" width=\"0\" height=\"0\" data-dbsrc=\"Ly93d3cucXVhZGV4cGVydC5jb20vd3AtY29udGVudC91cGxvYWRzL0ZCQ292ZXItQ2xvc2VkLU1vbmRheS5qcGc=\"\/>\n\t\t\t\t\t\t<img loading=\"lazy\" data-src=\"\/\/www.quadexpert.com\/wp-content\/uploads\/4212_DemoEnWeb-1.jpg\" data-libid=\"128469\" data-lib=\"medialibrary\" alt=\"Demo Day\" title=\"Demo Day\" width=\"0\" height=\"0\" data-dbsrc=\"Ly93d3cucXVhZGV4cGVydC5jb20vd3AtY29udGVudC91cGxvYWRzLzQyMTJfRGVtb0VuV2ViLTEuanBn\"\/>\n\t\t\t\t\t\t<img loading=\"lazy\" data-src=\"\/\/www.quadexpert.com\/wp-content\/uploads\/4212_DemoFrWeb.jpg\" data-libid=\"128471\" data-lib=\"medialibrary\" alt=\"4212 Demofrweb\" title=\"4212_DemoFrWeb\" width=\"0\" height=\"0\" data-dbsrc=\"Ly93d3cucXVhZGV4cGVydC5jb20vd3AtY29udGVudC91cGxvYWRzLzQyMTJfRGVtb0ZyV2ViLmpwZw==\"\/>\n\t\t\t\t\t\t<img loading=\"lazy\" data-src=\"\/\/www.quadexpert.com\/wp-content\/uploads\/website-slider-1.png\" data-libid=\"136402\" data-lib=\"medialibrary\" alt=\"Website slider (1)\" title=\"website slider (1)\" width=\"0\" height=\"0\" data-dbsrc=\"Ly93d3cucXVhZGV4cGVydC5jb20vd3AtY29udGVudC91cGxvYWRzL3dlYnNpdGUtc2xpZGVyLTEucG5n\"\/>\n\t\t\t\t\t\t<img loading=\"lazy\" data-src=\"\/\/www.quadexpert.com\/wp-content\/uploads\/opendocument-1-5.jpg\" data-libid=\"143276\" data-lib=\"medialibrary\" alt=\"Opendocument (1)\" title=\"opendocument (1)\" width=\"0\" height=\"0\" data-dbsrc=\"Ly93d3cucXVhZGV4cGVydC5jb20vd3AtY29udGVudC91cGxvYWRzL29wZW5kb2N1bWVudC0xLTUuanBn\"\/>\n\t\t\t\t\t\t<img loading=\"lazy\" data-src=\"\/\/www.quadexpert.com\/wp-content\/uploads\/opendocument-11.jpg\" data-libid=\"141425\" data-lib=\"medialibrary\" alt=\"Opendocument\" title=\"opendocument\" width=\"0\" height=\"0\" data-dbsrc=\"Ly93d3cucXVhZGV4cGVydC5jb20vd3AtY29udGVudC91cGxvYWRzL29wZW5kb2N1bWVudC0xMS5qcGc=\"\/>\n\t\t\t\t\t\t<img loading=\"lazy\" data-src=\"\/\/www.quadexpert.com\/wp-content\/uploads\/HOLIDAY-HOURS-3.png\" data-libid=\"142142\" data-lib=\"medialibrary\" alt=\"HOLIDAY HOURS (3)\" title=\"HOLIDAY HOURS (3)\" width=\"0\" height=\"0\" data-dbsrc=\"Ly93d3cucXVhZGV4cGVydC5jb20vd3AtY29udGVudC91cGxvYWRzL0hPTElEQVktSE9VUlMtMy5wbmc=\"\/>\n\t\t\t\t\t<\/image_lists>\n\t\t\t\t<\/sr7-module>\n\t\t\t\t<script>\n\t\t\t\t\twindow.SR7 ??={};SR7.PMH ??={}; SR7.PMH[\"SR7_23_1\"] = {cn:100,state:false,fn: function() { if (window._tpt!==undefined && window._tpt.prepareModuleHeight !== undefined) {  _tpt.prepareModuleHeight({id:\"SR7_23_1\",el:[600,600,500,400,400],type:'standard',shdw:'0',gh:[600,600,500,400,400],gw:[1240,1240,1024,778,400],vpt:['20%&#039;,&#039;20%&#039;,&#039;20%&#039;,&#039;20%&#039;,&#039;20%'],size:{fullWidth:true, fullHeight:false},mh:'0',onh:0,onw:0,bg:{color:'{\"orig\":\"transparent\",\"type\":\"solid\",\"string\":\"transparent\"}'},plType:'-1',plColor:'#FFFFFF'});   SR7.PMH[\"SR7_23_1\"].state=true;} else if(SR7.PMH[\"SR7_23_1\"].cn-->0)\tsetTimeout( SR7.PMH[\"SR7_23_1\"].fn,19);}};SR7.PMH[\"SR7_23_1\" ].fn();\n\t\t\t\t<\/script>\n[\/vc_column][\/vc_row]<\/p>\n<\/div>","protected":false},"excerpt":{"rendered":"<p>[vc_row][vc_column width=\u00a0\u00bb1\/6&Prime;][\/vc_column][vc_column width=\u00a0\u00bb1\/3&Prime;][\/vc_column][vc_column width=\u00a0\u00bb1\/3&Prime;][\/vc_column][vc_column width=\u00a0\u00bb1\/6&Prime;][\/vc_column][\/vc_row][vc_row][vc_column][\/vc_column][\/vc_row][vc_row equal_height=\u00a0\u00bbyes\u00a0\u00bb content_placement=\u00a0\u00bbmiddle\u00a0\u00bb][vc_column width=\u00a0\u00bb1\/3&Prime;][vc_single_image image=\u00a0\u00bb142538&Prime; img_size=\u00a0\u00bblarge\u00a0\u00bb css=\u00a0\u00bb\u00a0\u00bb][\/vc_column][vc_column width=\u00a0\u00bb2\/3&Prime;][vc_column_text]<\/p>\n<p> QUAD EXPERT EST UN <strong>CONCESSIONNAIRE \u00c9LITE YAMAHA<\/strong> <\/p>\n<p>Faire partie de l&rsquo;\u00e9lite, c&rsquo;est \u00eatre parmi les meilleurs des meilleurs. Gr\u00e2ce au Programme des concessionnaires \u00c9lite, Yamaha reconna\u00eet les concessionnaires qui s&rsquo;engagent \u00e0 se surpasser pour leurs clients afin de s&rsquo;assurer qu&rsquo;ils vivent la meilleure exp\u00e9rience, du moment o\u00f9 vous entrez dans la salle d&rsquo;exposition jusqu&rsquo;au moment o\u00f9 vous prenez les cl\u00e9s de votre nouvelle Yamaha.<br \/> <b>Seul un nombre restreint de concessionnaires de tout le Canada a obtenu le prestigieux statut de concessionnaire \u00c9lite.<\/b><br \/> Site Web de Yamaha Motor Canada &gt; Cliquez ici[\/vc_column_text][\/vc_column][\/vc_row][vc_row][vc_column width=\u00a0\u00bb1\/5&Prime;][vc_single_image image=\u00a0\u00bb142477&Prime; img_size=\u00a0\u00bbmedium\u00a0\u00bb alignment=\u00a0\u00bbcenter\u00a0\u00bb onclick=\u00a0\u00bbcustom_link\u00a0\u00bb css=\u00a0\u00bb\u00a0\u00bb link=\u00a0\u00bbhttps:\/\/www.quadexpert.com\/fr\/yamaha\/\u00a0\u00bb][vc_single_image image=\u00a0\u00bb142484&Prime; img_size=\u00a0\u00bbmedium\u00a0\u00bb alignment=\u00a0\u00bbcenter\u00a0\u00bb onclick=\u00a0\u00bbcustom_link\u00a0\u00bb css=\u00a0\u00bb\u00a0\u00bb link=\u00a0\u00bbhttps:\/\/www.quadexpert.com\/fr\/produit-energitique\/\u00a0\u00bb][vc_single_image image=\u00a0\u00bb142492&Prime; img_size=\u00a0\u00bbmedium\u00a0\u00bb alignment=\u00a0\u00bbcenter\u00a0\u00bb onclick=\u00a0\u00bbcustom_link\u00a0\u00bb css=\u00a0\u00bb\u00a0\u00bb link=\u00a0\u00bbhttps:\/\/www.quadexpert.com\/fr\/velos-yamaha\/\u00a0\u00bb][vc_single_image image=\u00a0\u00bb142481&Prime; img_size=\u00a0\u00bbmedium\u00a0\u00bb css=\u00a0\u00bb\u00a0\u00bb][\/vc_column][vc_column width=\u00a0\u00bb1\/5&Prime;][vc_single_image image=\u00a0\u00bb74683&Prime; img_size=\u00a0\u00bbfull\u00a0\u00bb alignment=\u00a0\u00bbcenter\u00a0\u00bb onclick=\u00a0\u00bbcustom_link\u00a0\u00bb link=\u00a0\u00bbhttps:\/\/www.quadexpert.com\/fr\/smoker-craft\/\u00a0\u00bb][vc_single_image image=\u00a0\u00bb103343&Prime; img_size=\u00a0\u00bbfull\u00a0\u00bb alignment=\u00a0\u00bbcenter\u00a0\u00bb onclick=\u00a0\u00bbcustom_link\u00a0\u00bb link=\u00a0\u00bbhttps:\/\/www.quadexpert.com\/fr\/sunchaser\/\u00a0\u00bb][\/vc_column][vc_column width=\u00a0\u00bb1\/5&Prime;][\/vc_column][vc_column width=\u00a0\u00bb2\/5&Prime;][vc_column_text]<\/p>\n<p> DANS NOTRE INVENTAIRE <\/p>\n<p>[\/vc_column_text][\/vc_column][\/vc_row][vc_section full_width=\u00a0\u00bbstretch_row\u00a0\u00bb content_placement=\u00a0\u00bbmiddle\u00a0\u00bb css=\u00a0\u00bb.vc_custom_1673385783261{padding-bottom: 30px !important;background-image: url(https:\/\/www.quadexpert.com\/wp-content\/uploads\/Header-2023-KimpexWaterSports2.jpg?id=104645) !important;background-position: center !important;background-repeat: no-repeat !important;background-size: [&#8230;]<\/p>\n","protected":false},"author":2,"featured_media":0,"parent":0,"menu_order":0,"comment_status":"closed","ping_status":"closed","template":"","meta":{"content-type":"","slim_seo":{"title":"Ottawa-Gatineau-Rockland Powersports Dealership","description":"Quad Expert is your local ATVs, Motorcycles & Powersports Dealer in Ottawa-Gatineau, (Clarence-Rockland). We also repair. We are Yamaha, Sherco & Beta Dealer."},"footnotes":""},"class_list":["post-57820","page","type-page","status-publish","hentry"],"_links":{"self":[{"href":"https:\/\/www.quadexpert.com\/fr\/wp-json\/wp\/v2\/pages\/57820","targetHints":{"allow":["GET"]}}],"collection":[{"href":"https:\/\/www.quadexpert.com\/fr\/wp-json\/wp\/v2\/pages"}],"about":[{"href":"https:\/\/www.quadexpert.com\/fr\/wp-json\/wp\/v2\/types\/page"}],"author":[{"embeddable":true,"href":"https:\/\/www.quadexpert.com\/fr\/wp-json\/wp\/v2\/users\/2"}],"replies":[{"embeddable":true,"href":"https:\/\/www.quadexpert.com\/fr\/wp-json\/wp\/v2\/comments?post=57820"}],"version-history":[{"count":54,"href":"https:\/\/www.quadexpert.com\/fr\/wp-json\/wp\/v2\/pages\/57820\/revisions"}],"predecessor-version":[{"id":143300,"href":"https:\/\/www.quadexpert.com\/fr\/wp-json\/wp\/v2\/pages\/57820\/revisions\/143300"}],"wp:attachment":[{"href":"https:\/\/www.quadexpert.com\/fr\/wp-json\/wp\/v2\/media?parent=57820"}],"curies":[{"name":"wp","href":"https:\/\/api.w.org\/{rel}","templated":true}]}}