{"id":29551,"date":"2022-02-28T16:02:11","date_gmt":"2022-02-28T21:02:11","guid":{"rendered":"https:\/\/www.quadexpert.com\/termes-et-conditions\/"},"modified":"2022-03-21T15:02:04","modified_gmt":"2022-03-21T19:02:04","slug":"termes-et-conditions","status":"publish","type":"page","link":"https:\/\/www.quadexpert.com\/fr\/termes-et-conditions\/","title":{"rendered":"Termes et Conditions"},"content":{"rendered":"<div class=\"wpb-content-wrapper\"><p>[vc_row][vc_column][vc_column_text]<\/p>\n<h2><span style=\"color: #d40404;\">Conditions d\u2019Utilisation<\/span><\/h2>\n<p>[\/vc_column_text][vc_column_text]<\/p>\n<p>Bienvenue sur QuadExpert.com (le site de \u201cQuadExpert.com\u201d). Les services sur ce site vous sont offerts par QuadExpert.com, et ses affili\u00e9s sont soumis aux conditions suivantes. <strong>Si vous visitez ou magasinez sur le site QuadExpert.com, vous acceptez ces conditions. <\/strong> Veuillez les lire attentivement. Lorsque vous utilisez un service QuadExpert.com actuel ou futur ou que vous visitez ou achetez aupr\u00e8s de toute entreprise affili\u00e9e \u00e0 QuadExpert.com, qu\u2019elle soit ou non incluse dans le site QuadExpert.com, vous serez \u00e9galement soumis aux directives et conditions applicables \u00e0 ce service ou affaires.<\/p>\n<p>EN UTILISANT LE SITE QUADEXPERT.COM ET LES SERVICES OFFERTS PAR L\u2019INTERM\u00c9DIAIRE DE CELUI-CI, VOUS ACCEPTEZ D\u2019\u00caTRE LI\u00c9 PAR CES CONDITIONS D\u2019UTILISATION ET TOUTES LES POLITIQUES, CONDITIONS ET DIRECTIVES CONNEXES. SI VOUS N\u2019ACCEPTEZ PAS L\u2019UNE DE CES CONDITIONS D\u2019UTILISATION, VOUS NE POUVEZ PAS UTILISER LE SITE QUADEXPERT.COM.[\/vc_column_text][vc_column_text]<\/p>\n<h4>Avis, commentaires, communications et autres contenus<\/h4>\n<p>Les visiteurs peuvent publier des critiques, des commentaires et d\u2019autres contenus ; envoyer des cartes \u00e9lectroniques et d\u2019autres communications ; et soumettre des suggestions, des id\u00e9es, des commentaires, des questions ou d\u2019autres informations, tant que le contenu n\u2019est pas ill\u00e9gal, obsc\u00e8ne, mena\u00e7ant, diffamatoire, envahissant la vie priv\u00e9e, enfreignant les droits de propri\u00e9t\u00e9 intellectuelle ou autrement pr\u00e9judiciable \u00e0 des tiers ou r\u00e9pr\u00e9hensible, et ne ne pas consister en ou contenir des virus logiciels, des campagnes politiques, des sollicitations commerciales, des cha\u00eenes de lettres, des envois de masse ou toute forme de \u00ab spam \u00bb. Vous ne pouvez pas utiliser une fausse adresse courriel usurper l\u2019identit\u00e9 d\u2019une personne ou d\u2019une entit\u00e9, ou autrement induire en erreur quant \u00e0 l\u2019origine d\u2019une carte ou de tout autre contenu. QuadExpert.com se r\u00e9serve le droit (mais pas l\u2019obligation) de supprimer ou de modifier ce contenu, mais ne r\u00e9vise pas r\u00e9guli\u00e8rement le contenu publi\u00e9.<\/p>\n<p>Si vous publiez du contenu ou soumettez du mat\u00e9riel, et sauf indication contraire de notre part, vous accordez \u00e0 QuadExpert.com et \u00e0 ses soci\u00e9t\u00e9s affili\u00e9es un droit non exclusif, libre de droits, perp\u00e9tuel, irr\u00e9vocable et enti\u00e8rement sous-licenciable d\u2019utiliser, reproduire, modifier, adapter, publier, traduire , cr\u00e9er des \u0153uvres d\u00e9riv\u00e9es \u00e0 partir de, distribuer et afficher ce contenu dans le monde entier sur n\u2019importe quel support. Vous accordez \u00e0 QuadExpert.com et \u00e0 ses affili\u00e9s et sous-licenci\u00e9s le droit d\u2019utiliser le nom que vous soumettez en relation avec ce contenu s\u2019ils le souhaitent. Vous d\u00e9clarez et garantissez que vous poss\u00e9dez ou contr\u00f4lez autrement tous les droits sur le contenu que vous publiez ; que le contenu est exact ; que l\u2019utilisation du contenu que vous fournissez ne viole pas cette politique et ne causera pas de pr\u00e9judice \u00e0 toute personne ou entit\u00e9 ; et que vous indemniserez QuadExpert.com ou ses soci\u00e9t\u00e9s affili\u00e9es pour toutes les r\u00e9clamations r\u00e9sultant du contenu que vous fournissez. QuadExpert.com a le droit mais non l\u2019obligation de surveiller et de modifier ou de supprimer toute activit\u00e9 ou contenu. QuadExpert.com n\u2019assume aucune responsabilit\u00e9 et n\u2019assume aucune responsabilit\u00e9 pour tout contenu publi\u00e9 par vous ou par un lien externe.[\/vc_column_text][vc_column_text]<\/p>\n<h4>Risque de perte<\/h4>\n<p>Tous les articles achet\u00e9s sur QuadExpert.com sont fabriqu\u00e9s conform\u00e9ment \u00e0 un contrat d\u2019exp\u00e9dition. Cela signifie que le risque de perte et la propri\u00e9t\u00e9 de ces articles vous sont transf\u00e9r\u00e9s lors de notre livraison au transporteur.[\/vc_column_text][vc_column_text]<\/p>\n<h4>Descriptions du Produits<\/h4>\n<p>QuadExpert.com tente d\u2019\u00eatre aussi pr\u00e9cis que possible. Cependant, QuadExpert.com ne garantit pas que la description du produit ou tout autre contenu du site QuadExpert.com sont exacts, complets, fiables, \u00e0 jour ou sans erreur. Si un produit offert par QuadExpert.com lui-m\u00eame n\u2019est pas tel que d\u00e9crit, votre seul recours est de le retourner dans un \u00e9tat inutilis\u00e9.[\/vc_column_text][vc_column_text]<\/p>\n<h4>Tarification<\/h4>\n<p>Sauf indication contraire, le prix affich\u00e9 pour les produits sur notre site Web repr\u00e9sente le prix de d\u00e9tail complet indiqu\u00e9 sur le produit lui-m\u00eame, sugg\u00e9r\u00e9 par le fabricant ou le fournisseur, ou estim\u00e9 conform\u00e9ment aux pratiques standard de l\u2019industrie. Le prix catalogue est une estimation de prix comparative et peut ou non repr\u00e9senter le prix en vigueur dans chaque r\u00e9gion \u00e0 un jour donn\u00e9. Pour certains articles qui sont offerts en ensemble, le prix courant peut repr\u00e9senter des prix \u00ab en stock \u00bb, c\u2019est-\u00e0-dire le total du prix de d\u00e9tail estim\u00e9 ou sugg\u00e9r\u00e9 par le fabricant pour chacun des articles inclus dans l\u2019ensemble. Lorsqu\u2019un article est propos\u00e9 \u00e0 la vente par l\u2019un de nos marchands, le prix catalogue peut \u00eatre fourni par le marchand.<\/p>\n<p>En ce qui concerne les articles vendus par QuadExpert.com, nous ne pouvons pas confirmer le prix d\u2019un article tant que vous n\u2019avez pas command\u00e9 ; cependant, nous ne d\u00e9bitons PAS votre carte de cr\u00e9dit tant que votre commande n\u2019est pas entr\u00e9e dans le processus d\u2019exp\u00e9dition. Malgr\u00e9 tous nos efforts, un petit nombre d\u2019articles de notre catalogue peuvent \u00eatre mal \u00e9valu\u00e9s. Si le prix correct d\u2019un article est sup\u00e9rieur \u00e0 notre prix indiqu\u00e9, nous pourrons, \u00e0 notre discr\u00e9tion, soit vous contacter pour obtenir des instructions avant l\u2019exp\u00e9dition, soit annuler votre commande et vous informer de cette annulation.<\/p>\n<p>Tous les prix sont sujets \u00e0 changement. QuadExpert.com se r\u00e9serve le droit d\u2019apporter des ajustements aux prix et aux offres de produits pour des raisons telles que, mais sans s\u2019y limiter, l\u2019\u00e9volution des conditions du march\u00e9, l\u2019arr\u00eat du produit, l\u2019indisponibilit\u00e9 du produit, les changements de prix du fabricant et les erreurs dans les publicit\u00e9s. Toutes les commandes sont sujettes \u00e0 une disponibilit\u00e9 du produit. Par cons\u00e9quent, QuadExpert.com ne peut garantir qu\u2019il sera en mesure d\u2019honorer les commandes du Client.<\/p>\n<p>Tous les articles vendus en vente finale ne peuvent \u00eatre ni rembours\u00e9s, ni retourn\u00e9s, ni \u00e9chang\u00e9s. Veuillez noter que TOUS les articles achet\u00e9s sur Quad Expert.com\/shop sont annonc\u00e9s comme <span style=\"color: #d60404;\"> <strong>VENTE FINALE = AUCUN RETOUR \u2013 AUCUN \u00c9CHANGE \u2013 AUCUN REMBOURSEMENT \u2013 AUCUNE RETENUE !<br \/>\nDES \u00c9CONOMIES JUSTES INCROYABLES ! Vous devez faire vos propres recherches pour le montage. Ces articles sont des stocks plus anciens et des stocks exc\u00e9dentaires. <\/strong><\/span>[\/vc_column_text][vc_column_text]<\/p>\n<h4>Exclusion de garanties et limitation de responsabilit\u00e9<\/h4>\n<p>CE SITE ET TOUTES LES INFORMATIONS, LE CONTENU, LES MAT\u00c9RIAUX, LES PRODUITS (Y COMPRIS LES LOGICIELS) ET LES SERVICES INCLUS SUR OU MIS \u00c0 VOTRE DISPOSITION PAR L\u2019INTERM\u00c9DIAIRE DE CE SITE SONT FOURNIS PAR QUADEXPERT.COM SUR UNE BASE \u00ab EN L\u2019\u00c9TAT \u00bb ET \u00ab SELON LA DISPONIBILIT\u00c9 \u00bb, SAUF INDICATION CONTRAIRE. EN COURS D\u2019\u00c9CRITURE. QUADEXPERT.COM NE FAIT AUCUNE REPR\u00c9SENTATION OU GARANTIE D\u2019AUCUNE SORTE, EXPRESSE OU IMPLICITE, QUANT AU FONCTIONNEMENT DE CE SITE OU AUX INFORMATIONS, CONTENU, MAT\u00c9RIAUX, PRODUITS (Y COMPRIS LES LOGICIELS) OU SERVICES INCLUS OU MIS \u00c0 VOTRE DISPOSITION SUR CE SITE, SAUF INDICATION CONTRAIRE PAR \u00c9CRIT. VOUS ACCEPTEZ EXPRESS\u00c9MENT QUE VOTRE UTILISATION DE CE SITE EST \u00c0 VOS PROPRES RISQUES.<\/p>\n<p>DANS TOUTE LA MESURE PERMISE PAR LA LOI APPLICABLE, QUADEXPERT.COM D\u00c9CLINE TOUTE GARANTIE, EXPRESSE OU IMPLICITE, Y COMPRIS, MAIS SANS S\u2019Y LIMITER, LES GARANTIES IMPLICITES DE QUALIT\u00c9 MARCHANDE ET D\u2019AD\u00c9QUATION \u00c0 UN USAGE PARTICULIER. QUADEXPERT.COM NE GARANTIT PAS QUE LE SITE QUADEXPERT.COM ; LES INFORMATIONS, LE CONTENU, LES DOCUMENTS, LES PRODUITS (Y COMPRIS LES LOGICIELS) OU LES SERVICES INCLUS SUR OU MIS \u00c0 VOTRE DISPOSITION PAR L\u2019INTERM\u00c9DIAIRE DE CE SITE ; SES SERVEURS OU LES COURRIEL ENVOY\u00c9S DEPUIS QUADEXPERT.COM SONT EXEMPTS DE VIRUS OU D\u2019AUTRES \u00c9L\u00c9MENTS NUISIBLES. QUADEXPERT.COM NE SERA PAS RESPONSABLE DES DOMMAGES DE QUELQUE NATURE QUE CE SOIT R\u00c9SULTANT DE L\u2019UTILISATION DU SITE QUADEXPERT.COM OU DE TOUTE INFORMATION, CONTENU, MAT\u00c9RIAUX, PRODUITS (Y COMPRIS LES LOGICIELS) OU SERVICES INCLUS OU AUTREMENT MIS \u00c0 VOTRE DISPOSITION SUR CE SITE. , Y COMPRIS, MAIS SANS S\u2019Y LIMITER, LES DOMMAGES DIRECTS, INDIRECTS, ACCESSOIRES, PUNITIFS ET CONS\u00c9CUTIFS.<\/p>\n<p>LES LOIS DE CERTAINES JURIDICTIONS N\u2019AUTORISENT PAS LES LIMITATIONS SUR LES GARANTIES IMPLICITES OU L\u2019EXCLUSION OU LA LIMITATION DE CERTAINS DOMMAGES. SI CES LOIS S\u2019APPLIQUENT \u00c0 VOUS, CERTAINES OU TOUTES LES EXCLUSIONS, EXCLUSIONS OU LIMITATIONS CI-DESSUS PEUVENT NE PAS S\u2019APPLIQUER \u00c0 VOUS, ET VOUS POURRIEZ AVOIR DES DROITS SUPPL\u00c9MENTAIRES.[\/vc_column_text][vc_column_text]<\/p>\n<h4>Politiques du site, modification et divisibilit\u00e9<\/h4>\n<p>Veuillez consulter nos autres politiques, telles que notre politique de prix, publi\u00e9e sur le site QuadExpert.com. Ces politiques r\u00e9gissent \u00e9galement votre visite sur le site QuadExpert.com. Votre utilisation du site QuadExpert.com sera soumise \u00e0 la version des Conditions d\u2019utilisation affich\u00e9e sur ce site au moment de cette utilisation. En cons\u00e9quence, il vous est conseill\u00e9 de consulter les Conditions d\u2019utilisation avant d\u2019utiliser le site QuadExpert.com.<\/p>\n<p>VOTRE UTILISATION CONTINUE DE CE SITE APR\u00c8S LA PUBLICATION DE TOUTE MODIFICATION OU R\u00c9VISION CONSTITUERA VOTRE ACCEPTATION DE CES MODIFICATIONS OU R\u00c9VISIONS. SI VOUS N\u2019ACCEPTEZ PAS LES MODIFICATIONS OU LES R\u00c9VISIONS DE CES CONDITIONS D\u2019UTILISATION, VOUS NE POUVEZ PAS UTILISER LE SITE QUADEXPERT.COM ET DEVEZ CESSER D\u2019UTILISER LE SITE IMM\u00c9DIATEMENT.<\/p>\n<p>Si l\u2019une de ces conditions est jug\u00e9e invalide, nulle ou inapplicable pour quelque raison que ce soit, cette condition sera r\u00e9put\u00e9e divisible et n\u2019affectera pas la validit\u00e9 et l\u2019applicabilit\u00e9 de toute condition restante.[\/vc_column_text][\/vc_column][\/vc_row]<\/p>\n<\/div>","protected":false},"excerpt":{"rendered":"<p>[vc_row][vc_column][vc_column_text]<\/p>\n<p> Conditions d\u2019Utilisation <\/p>\n<p>[\/vc_column_text][vc_column_text]<\/p>\n<p>Bienvenue sur QuadExpert.com (le site de \u201cQuadExpert.com\u201d). Les services sur ce site vous sont offerts par QuadExpert.com, et ses affili\u00e9s sont soumis aux conditions suivantes. <strong>Si vous visitez ou magasinez sur le site QuadExpert.com, vous acceptez ces conditions. <\/strong> Veuillez les lire attentivement. Lorsque vous utilisez un service QuadExpert.com actuel ou futur ou que vous visitez ou achetez aupr\u00e8s de toute entreprise affili\u00e9e \u00e0 QuadExpert.com, qu\u2019elle soit ou non incluse dans le site QuadExpert.com, vous serez \u00e9galement soumis aux directives et conditions applicables \u00e0 ce service ou affaires.<\/p>\n<p>EN UTILISANT LE SITE QUADEXPERT.COM ET LES SERVICES OFFERTS PAR L\u2019INTERM\u00c9DIAIRE DE CELUI-CI, VOUS ACCEPTEZ D\u2019\u00caTRE LI\u00c9 PAR CES CONDITIONS D\u2019UTILISATION ET TOUTES LES POLITIQUES, CONDITIONS ET DIRECTIVES CONNEXES. SI VOUS N\u2019ACCEPTEZ PAS L\u2019UNE DE CES CONDITIONS D\u2019UTILISATION, VOUS NE POUVEZ PAS UTILISER LE SITE QUADEXPERT.COM.[\/vc_column_text][vc_column_text]<\/p>\n<p> Avis, commentaires, communications et autres contenus <\/p>\n<p>Les visiteurs peuvent publier des critiques, des commentaires et d\u2019autres contenus [&#8230;]<\/p>\n","protected":false},"author":2,"featured_media":0,"parent":0,"menu_order":0,"comment_status":"closed","ping_status":"closed","template":"","meta":{"content-type":"","slim_seo":{"title":"Termes et Conditions - Quad Expert","description":"[vc_row][vc_column][vc_column_text] Conditions d\u2019Utilisation [\/vc_column_text][vc_column_text] Bienvenue sur QuadExpert.com (le site de \u201cQuadExpert.com\u201d). Les s"},"footnotes":""},"class_list":["post-29551","page","type-page","status-publish","hentry"],"_links":{"self":[{"href":"https:\/\/www.quadexpert.com\/fr\/wp-json\/wp\/v2\/pages\/29551","targetHints":{"allow":["GET"]}}],"collection":[{"href":"https:\/\/www.quadexpert.com\/fr\/wp-json\/wp\/v2\/pages"}],"about":[{"href":"https:\/\/www.quadexpert.com\/fr\/wp-json\/wp\/v2\/types\/page"}],"author":[{"embeddable":true,"href":"https:\/\/www.quadexpert.com\/fr\/wp-json\/wp\/v2\/users\/2"}],"replies":[{"embeddable":true,"href":"https:\/\/www.quadexpert.com\/fr\/wp-json\/wp\/v2\/comments?post=29551"}],"version-history":[{"count":10,"href":"https:\/\/www.quadexpert.com\/fr\/wp-json\/wp\/v2\/pages\/29551\/revisions"}],"predecessor-version":[{"id":30659,"href":"https:\/\/www.quadexpert.com\/fr\/wp-json\/wp\/v2\/pages\/29551\/revisions\/30659"}],"wp:attachment":[{"href":"https:\/\/www.quadexpert.com\/fr\/wp-json\/wp\/v2\/media?parent=29551"}],"curies":[{"name":"wp","href":"https:\/\/api.w.org\/{rel}","templated":true}]}}