{"id":29544,"date":"2022-02-28T15:29:53","date_gmt":"2022-02-28T20:29:53","guid":{"rendered":"https:\/\/www.quadexpert.com\/confidentialite\/"},"modified":"2022-03-15T16:52:26","modified_gmt":"2022-03-15T20:52:26","slug":"confidentialite","status":"publish","type":"page","link":"https:\/\/www.quadexpert.com\/fr\/confidentialite\/","title":{"rendered":"Confidentialit\u00e9"},"content":{"rendered":"<div class=\"wpb-content-wrapper\"><p>[vc_row][vc_column][vc_column_text]Quad Expert comprend l&rsquo;importance de votre vie priv\u00e9e et de la s\u00e9curit\u00e9 des informations personnelles que vous partagez avec nous. Nous nous engageons \u00e0 garantir que toute information personnelle que vous fournissez reste s\u00e9curis\u00e9e et confidentielle \u00e0 tout moment. Cet avis d\u00e9crit notre politique de confidentialit\u00e9 et la mani\u00e8re dont vos informations personnelles sont utilis\u00e9es. En visitant Quad Expert , vous acceptez les pratiques d\u00e9crites dans cet avis de confidentialit\u00e9.[\/vc_column_text][vc_column_text]<\/p>\n<h4>What Personal Information About Customers Does Quad Expert Gather?<\/h4>\n<p>Les informations que nous recueillons aupr\u00e8s de nos clients nous aident \u00e0 personnaliser et \u00e0 am\u00e9liorer continuellement votre exp\u00e9rience d&rsquo;achat chez Quad Expert. <\/p>\n<p>Voici les types d&rsquo;informations que nous recueillons.<\/p>\n<ul>\n<li><strong>Information You Give Us<\/strong>: We receive and store any information you enter on our Web site or give us in any other way. You can choose not to provide certain information, but then you might not be able to take advantage of many of our features. We use the information that you provide for such purposes as responding to your requests, fulfilling orders, customizing future shopping for you, improving our store features, and communication with you.<\/li>\n<li><strong>Automatic Information<\/strong>: We receive and store certain types of information whenever you interact with our website. For example, like many web sites, we sometimes use \u00ab\u00a0cookies,\u00a0\u00bb and we obtain certain types of information when your Web browser accesses our website.<\/li>\n<li><strong>E-mail Communications<\/strong>: To help us make e-mails more productive to improve service and your shopping experience, we sometimes send you newsletters of our services and products, notifications of changes to our policies, and order confirmations. If you do not want to receive e-mail from us, other than order notifications and receipts, please adjust your \u00ab\u00a0Subscription\u00a0\u00bb preferences by logging into your account.<\/li>\n<\/ul>\n<p>[\/vc_column_text][vc_column_text]<\/p>\n<h4>Qu&rsquo;en est-il des cookies ?<\/h4>\n<p>Les cookies sont des fichiers texte d&rsquo;identification alphanum\u00e9rique que nous transf\u00e9rons sur le disque dur de votre ordinateur par le biais de votre navigateur Web pour permettre \u00e0 nos syst\u00e8mes de reconna\u00eetre votre navigateur et de fournir des fonctionnalit\u00e9s telles que le stockage des articles de votre panier entre les visites.[\/vc_column_text][vc_column_text]<\/p>\n<h4>Quad Expert partage-t-il les informations qu&rsquo;il re\u00e7oit ?<\/h4>\n<p>Nous respectons votre vie priv\u00e9e et vous remercions de votre confiance. \u00c0 aucun moment nous ne fournissons les coordonn\u00e9es de votre compte ou vos informations de paiement \u00e0 un vendeur, associ\u00e9 ou fournisseur de services tiers, sauf si cela est absolument n\u00e9cessaire pour effectuer votre transaction et votre commande.[\/vc_column_text][vc_column_text]<\/p>\n<h4>Quelles sont les informations auxquelles je peux acc\u00e9der?<\/h4>\n<p>Quad Expert vous donne acc\u00e8s \u00e0 un large \u00e9ventail d&rsquo;informations sur votre compte et vos interactions avec nous dans le but limit\u00e9 de consulter et, dans certains cas, de mettre \u00e0 jour ces informations.[\/vc_column_text][vc_column_text]<\/p>\n<h4>Conditions d&rsquo;Utilisation, Avis et R\u00e9visions<\/h4>\n<p>Si vous choisissez de visiter Quad Expert , votre visite et tout litige concernant la confidentialit\u00e9 sont soumis au pr\u00e9sent avis et \u00e0 nos conditions d&rsquo;utilisation, y compris les limitations des dommages, l&rsquo;arbitrage des litiges et l&rsquo;application de la loi de l&rsquo;\u00c9tat de notre r\u00e9gion. Si vous avez des inqui\u00e9tudes concernant la confidentialit\u00e9 de vos informations personnelles telles qu&rsquo;elles sont utilis\u00e9es et collect\u00e9es sur notre site Web, veuillez nous envoyer une description d\u00e9taill\u00e9e en cliquant sur le lien \u00ab\u00a0Contactez-nous\u00a0\u00bb dans le menu lat\u00e9ral, et nous tenterons de r\u00e9soudre le probl\u00e8me.<\/p>\n<p>Notre activit\u00e9 \u00e9volue constamment, et notre avis de confidentialit\u00e9 et les conditions d&rsquo;utilisation changeront \u00e9galement. Nous pouvons envoyer par e-mail des rappels p\u00e9riodiques de nos avis et conditions, sauf si vous nous avez demand\u00e9 de ne pas le faire, mais vous devez consulter notre site Web fr\u00e9quemment pour voir les changements r\u00e9cents. Sauf indication contraire, notre avis de confidentialit\u00e9 actuel s&rsquo;applique \u00e0 toutes les informations que nous d\u00e9tenons sur vous et votre compte. Cependant, nous tenons nos promesses et ne modifierons jamais de mani\u00e8re substantielle nos politiques et pratiques pour les rendre moins protectrices des informations clients collect\u00e9es par le pass\u00e9 sans le consentement des clients concern\u00e9s.[\/vc_column_text][vc_column_text]<\/p>\n<h4>Modifications de la d\u00e9claration de confidentialit\u00e9 du site Web<\/h4>\n<p>Si nous d\u00e9cidons de modifier la d\u00e9claration de confidentialit\u00e9 de notre site Web, nous publierons ces modifications sur notre site Web afin que nos utilisateurs soient toujours inform\u00e9s des informations que nous recueillons, de la mani\u00e8re dont nous les utilisons et des circonstances dans lesquelles nous les divulguons, le cas \u00e9ch\u00e9ant. Si, \u00e0 un moment donn\u00e9, nous d\u00e9cidons d&rsquo;utiliser les informations personnelles d&rsquo;une mani\u00e8re diff\u00e9rente de celle indiqu\u00e9e au moment de leur collecte, les utilisateurs auront le choix d&rsquo;accepter ou de refuser que nous utilisions leurs informations de cette mani\u00e8re diff\u00e9rente.[\/vc_column_text][vc_column_text]<\/p>\n<h4>Liens vers des tiers<\/h4>\n<p>Le site Web peut inclure des liens vers des sites Web de tiers. Ces sites li\u00e9s ont des politiques de confidentialit\u00e9 distinctes et ind\u00e9pendantes que nous vous recommandons de lire attentivement. Nous n&rsquo;avons aucun contr\u00f4le sur ces sites et n&rsquo;avons donc aucune responsabilit\u00e9 quant \u00e0 la mani\u00e8re dont les organisations qui exploitent ces sites peuvent recueillir, utiliser, divulguer ou traiter vos informations personnelles.<\/p>\n<p>Les liens que nous pourrions placer sur notre site Web ne signifient pas que nous parrainons ou approuvons ces sites, que nous y sommes affili\u00e9s ou associ\u00e9s, ou que nous avons \u00e9t\u00e9 l\u00e9galement autoris\u00e9s \u00e0 utiliser une marque de commerce, un nom commercial, une marque de service, un dessin, un logo, un symbole ou tout autre mat\u00e9riel prot\u00e9g\u00e9 par le droit d&rsquo;auteur affich\u00e9 sur ces sites ou accessible par eux.<\/p>\n<p>Nous sommes heureux de recevoir vos commentaires concernant les liens externes que nous avons plac\u00e9s sur notre site Web.[\/vc_column_text][vc_column_text]<\/p>\n<h4>Indemnit\u00e9<\/h4>\n<p>En utilisant ce site Web, vous acceptez d&rsquo;indemniser et de d\u00e9gager Quad Expert (anciennement Mark&rsquo;s Auto &#038; Cycle Repair), ses soci\u00e9t\u00e9s affili\u00e9es, ses membres, ses dirigeants, ses employ\u00e9s, ses agents et ses conc\u00e9dants de licence de toute perte, d\u00e9pense, dommage, r\u00e9clamation, amende, p\u00e9nalit\u00e9, co\u00fbts et responsabilit\u00e9s (y compris les frais juridiques et comptables raisonnables), r\u00e9sultant (a) de tout contenu que vous (ou toute personne agissant sous votre mot de passe ou nom d&rsquo;utilisateur) soumettez, affichez, transmettez ou rendez disponible sur le site Web et\/ou (b) de votre utilisation de ce site Web, de sa connexion, ou de toute violation pr\u00e9sum\u00e9e par vous des pr\u00e9sentes conditions d&rsquo;utilisation.[\/vc_column_text][vc_column_text]<\/p>\n<h4>Information tu nous fournis<\/h4>\n<p>Vous fournissez la plupart de ces informations lorsque vous recherchez, achetez, commandez, publiez des critiques ou utilisez d&rsquo;autres m\u00e9thodes de communication via notre site Web ou par courriel \u00e0 Quad Expert (anciennement Mark&rsquo;s Auto &#038; Cycle Repair). \u00c0 la suite de ces actions, vous pouvez nous fournir des informations telles que votre nom, votre adresse, vos num\u00e9ros de t\u00e9l\u00e9phone et les informations relatives \u00e0 votre carte de cr\u00e9dit.[\/vc_column_text][vc_column_text]<\/p>\n<h4>Information Automatic<\/h4>\n<p>\u00c0 des raisons de s\u00e9curit\u00e9, Quad Expert collecte et analyse parfois l&rsquo;adresse de protocole Internet (IP) utilis\u00e9e pour connecter votre ordinateur \u00e0 Internet et \u00e0 notre site Web. Ceci est fait pour votre protection \u00e0 des fins de suivi dans le cas malheureux o\u00f9 quelqu&rsquo;un aurait acc\u00e8s \u00e0 vos informations personnelles ou financi\u00e8res et ouvrirait un compte ou ferait des achats en votre nom.[\/vc_column_text][\/vc_column][\/vc_row]<\/p>\n<\/div>","protected":false},"excerpt":{"rendered":"<p>[vc_row][vc_column][vc_column_text]Quad Expert comprend l&rsquo;importance de votre vie priv\u00e9e et de la s\u00e9curit\u00e9 des informations personnelles que vous partagez avec nous. Nous nous engageons \u00e0 garantir que toute information personnelle que vous fournissez reste s\u00e9curis\u00e9e et confidentielle \u00e0 tout moment. Cet avis d\u00e9crit notre politique de confidentialit\u00e9 et la mani\u00e8re dont vos informations personnelles sont utilis\u00e9es. En visitant Quad Expert , vous acceptez les pratiques d\u00e9crites dans cet avis de confidentialit\u00e9.[\/vc_column_text][vc_column_text]<\/p>\n<p> What Personal Information About Customers Does Quad Expert Gather? <\/p>\n<p>Les informations que nous recueillons aupr\u00e8s de nos clients nous aident \u00e0 personnaliser et \u00e0 am\u00e9liorer continuellement votre exp\u00e9rience d&rsquo;achat chez Quad Expert. <\/p>\n<p>Voici les types d&rsquo;informations que nous recueillons.<\/p>\n<ul>\n<li><strong>Information You Give Us<\/strong>: We receive and store any information you enter on our Web site or give us in any other way. You can choose not to provide certain information, but then you might not be able to take advantage of many of [&#8230;]<\/li>\n<\/ul>\n","protected":false},"author":2,"featured_media":0,"parent":0,"menu_order":0,"comment_status":"closed","ping_status":"closed","template":"","meta":{"content-type":"","slim_seo":{"title":"Confidentialit\u00e9 - Quad Expert","description":"[vc_row][vc_column][vc_column_text]Quad Expert comprend l'importance de votre vie priv\u00e9e et de la s\u00e9curit\u00e9 des informations personnelles que vous partagez avec"},"footnotes":""},"class_list":["post-29544","page","type-page","status-publish","hentry"],"_links":{"self":[{"href":"https:\/\/www.quadexpert.com\/fr\/wp-json\/wp\/v2\/pages\/29544","targetHints":{"allow":["GET"]}}],"collection":[{"href":"https:\/\/www.quadexpert.com\/fr\/wp-json\/wp\/v2\/pages"}],"about":[{"href":"https:\/\/www.quadexpert.com\/fr\/wp-json\/wp\/v2\/types\/page"}],"author":[{"embeddable":true,"href":"https:\/\/www.quadexpert.com\/fr\/wp-json\/wp\/v2\/users\/2"}],"replies":[{"embeddable":true,"href":"https:\/\/www.quadexpert.com\/fr\/wp-json\/wp\/v2\/comments?post=29544"}],"version-history":[{"count":10,"href":"https:\/\/www.quadexpert.com\/fr\/wp-json\/wp\/v2\/pages\/29544\/revisions"}],"predecessor-version":[{"id":30614,"href":"https:\/\/www.quadexpert.com\/fr\/wp-json\/wp\/v2\/pages\/29544\/revisions\/30614"}],"wp:attachment":[{"href":"https:\/\/www.quadexpert.com\/fr\/wp-json\/wp\/v2\/media?parent=29544"}],"curies":[{"name":"wp","href":"https:\/\/api.w.org\/{rel}","templated":true}]}}