{"id":29488,"date":"2022-02-25T15:52:06","date_gmt":"2022-02-25T20:52:06","guid":{"rendered":"https:\/\/www.quadexpert.com\/entrevue-de-journal\/"},"modified":"2022-03-16T09:37:14","modified_gmt":"2022-03-16T13:37:14","slug":"entrevue-de-journal","status":"publish","type":"page","link":"https:\/\/www.quadexpert.com\/fr\/entrevue-de-journal\/","title":{"rendered":"Entrevue de Journal"},"content":{"rendered":"<div class=\"wpb-content-wrapper\"><p>[vc_row][vc_column width=\u00a0\u00bb1\/2&Prime;][vc_video link=\u00a0\u00bbhttps:\/\/www.youtube.com\/watch?v=bCqyurTJprw&amp;feature=youtu.be\u00a0\u00bb title=\u00a0\u00bbPower Trip TV\u00a0\u00bb][vc_column_text]<\/p>\n<div id=\"top-row\" class=\"style-scope ytd-video-secondary-info-renderer\">\n<div id=\"upload-info\" class=\"style-scope ytd-video-owner-renderer\">\n<h4 class=\"title style-scope ytd-video-primary-info-renderer\">Power Trip tv<\/h4>\n<p>Teaser pour notre \u00e9mission de t\u00e9l\u00e9vision : Power Trip tv\n<\/p><\/div>\n<\/div>\n<p>[\/vc_column_text][vc_video link=\u00a0\u00bbhttps:\/\/www.youtube.com\/watch?v=LZlr6Y7tL44&Prime; title=\u00a0\u00bbGuide Clarence-Rockland\u00a0\u00bb][vc_video link=\u00a0\u00bbhttps:\/\/www.youtube.com\/watch?v=IMhn0MwzudY\u00a0\u00bb title=\u00a0\u00bbCourses de boue 2015&Prime;][vc_column_text]<\/p>\n<div id=\"top-row\" class=\"style-scope ytd-video-secondary-info-renderer\">\n<div id=\"upload-info\" class=\"style-scope ytd-video-owner-renderer\">\n<h4 class=\"title style-scope ytd-video-primary-info-renderer\">QuadExpert a Valley Supersport<\/h4>\n<p><span class=\"date style-scope ytd-video-secondary-info-renderer\">Added on June 5, 2015 &#8211;\u00a0<a href=\"https:\/\/www.youtube.com\/watch?v=LZlr6Y7tL44\" target=\"_blank\" rel=\"noopener noreferrer\">YouTube<\/a><\/span><\/p>\n<p>Regardez 24 secondes dans cette vid\u00e9o pour le technicien \/ coureur de Quad Expert Cedric Campagna! Il prouve que 6 ans plus tard, lors des Valley Supersport Mud Races 2015, le Brute Force 880 r\u00e9alise toujours le meilleur temps! Visitez notre site Web \u00e0 <a class=\"yt-simple-endpoint style-scope yt-formatted-string\" spellcheck=\"false\" href=\"https:\/\/www.youtube.com\/redirect?q=http%3A%2F%2Fwww.quadexpert.com%2F&#038;v=IMhn0MwzudY&#038;event=video_description&#038;redir_token=S7RqQS4U6ErsihskoRI2AkQn0Nh8MTU0MTg3OTA1NUAxNTQxNzkyNjU1\" rel=\"nofollow\">https:\/\/www.quadexpert.com\/<\/a><br \/>\nou appelez-nous au 613 487-QUAD (7823) pour toutes vos courses et courses de VTT MUD! Notre personnel comp\u00e9tent est qualifi\u00e9 pour vous faire aller plus vite!\n<\/div>\n<\/div>\n<p>[\/vc_column_text][\/vc_column][vc_column width=\u00a0\u00bb1\/2&Prime;][vc_video link=\u00a0\u00bbhttps:\/\/www.youtube.com\/watch?v=kNk0PNueVLM&amp;feature=youtu.be\u00a0\u00bb title=\u00a0\u00bbHistoires de Sentiers &#8211; RDS\u00a0\u00bb][vc_column_text]<\/p>\n<div id=\"top-row\" class=\"style-scope ytd-video-secondary-info-renderer\">\n<div id=\"upload-info\" class=\"style-scope ytd-video-owner-renderer\">\n<h4 class=\"title style-scope ytd-video-primary-info-renderer\">Histoires de Sentiers\u00a02017-2018\u00a0\u00e9pisode 12<\/h4>\n<p><span class=\"date style-scope ytd-video-secondary-info-renderer\">Added on December 11, 2017 &#8211;\u00a0<a href=\"https:\/\/www.youtube.com\/watch?v=LZlr6Y7tL44\" target=\"_blank\" rel=\"noopener noreferrer\">YouTube<\/a><\/span><\/p>\n<\/div>\n<\/div>\n<p>[\/vc_column_text][vc_video link=\u00a0\u00bbhttps:\/\/www.facebook.com\/ReleveTFO247\/videos\/354279955055567\/UzpfSTc2NjYyMDExMjozMDYwNjExMjk0OTk0MTQ6MTA6MTUxOTg5MTIwMDoxNTIyNTY1OTk5OjMyNjk4MTc3OTk1MDA0MDM4Njk\/?lst=766620112%3A766620112%3A1540994500&Prime; title=\u00a0\u00bbRel\u00e8ve TFO 24-7&Prime;][vc_column_text]<\/p>\n<div id=\"top-row\" class=\"style-scope ytd-video-secondary-info-renderer\">\n<div id=\"upload-info\" class=\"style-scope ytd-video-owner-renderer\">\n<h4 id=\"owner-container\" class=\"style-scope ytd-video-owner-renderer\">Passionn\u00e9e de motocross<\/h4>\n<p><span class=\"date style-scope ytd-video-secondary-info-renderer\">Added on March 5th, 2018 &#8211;\u00a0<a href=\"https:\/\/www.facebook.com\/ReleveTFO247\/videos\/354279955055567\/UzpfSTc2NjYyMDExMjozMDYwNjExMjk0OTk0MTQ6MTA6MTUxOTg5MTIwMDoxNTIyNTY1OTk5OjMyNjk4MTc3OTk1MDA0MDM4Njk\/?lst=766620112%3A766620112%3A1540994500\" target=\"_blank\" rel=\"noopener noreferrer\">Facebook &#8211; Rel\u00e8ve TFO 24-7<\/a><\/span><\/p>\n<\/div>\n<\/div>\n<div id=\"content\" class=\"style-scope ytd-expander\">\n<div id=\"description\" class=\"style-scope ytd-video-secondary-info-renderer\">Roxanne Rollin est passionn\u00e9e par le motocross depuis son adolescence. Elle partage d\u00e9sormais ce sport \u00e0 travers le magasin qu&rsquo;elle g\u00e8re \u00e0 Rockland.<\/div>\n<\/div>\n<p>[\/vc_column_text][\/vc_column][\/vc_row][vc_row][vc_column][vc_column_text]<\/p>\n<h2>Quad Expert &#8211; Le vendeur num\u00e9ro un du plaisir motoris\u00e9<\/h2>\n<p><span class=\"date style-scope ytd-video-secondary-info-renderer\">Ajouter le 12 Octobre, 2018 &#8211;\u00a0<a href=\"https:\/\/en.prescott-russell.on.ca\/business\/economic_development\/success_stories\/quad_expert_-_number-one_dealer_in_motorized_fun\" target=\"_blank\" rel=\"noopener noreferrer\">Prescott &#038; Russell<\/a><\/span><\/p>\n<p><img fetchpriority=\"high\" decoding=\"async\" class=\" wp-image-27532 alignleft\" src=\"https:\/\/www.quadexpert.com\/wp-content\/uploads\/quad-expert-1.jpg\" alt=\"\" width=\"456\" height=\"269\" \/>Les comt\u00e9s unis de Prescott et Russell repr\u00e9sentent un vaste terrain de jeu en plein air. Ceux qui aiment passer du temps \u00e0 l&rsquo;ext\u00e9rieur, quelle que soit la saison, trouveront beaucoup de choses \u00e0 aimer dans la r\u00e9gion.<\/p>\n<p>Bien s\u00fbr, l&rsquo;une des meilleures fa\u00e7ons de vivre v\u00e9ritablement le grand air canadien est d&rsquo;explorer ses sentiers les moins fr\u00e9quent\u00e9s.<\/p>\n<p>Certes, il y a de nombreuses fa\u00e7ons de le faire, mais pour certains, la seule vraie fa\u00e7on est de profiter des sensations des sports motoris\u00e9s !<\/p>\n<p>Quad Expert, situ\u00e9 \u00e0 Cheney, Clarence-Rockland, le sait et s&rsquo;adresse \u00e0 ceux qui consid\u00e8rent les vastes \u00e9tendues de l&rsquo;UCPR comme un terrain de jeu naturel de premier ordre.<\/p>\n<p>L&rsquo;entreprise familiale est une superstar locale dans le monde des sports motoris\u00e9s. En effet, toute personne int\u00e9ress\u00e9e par le monde des VTT, des motoneiges, des motocyclettes et de tout ce qui se trouve entre les deux ferait bien de rendre visite \u00e0 Quad Expert.<\/p>\n<p>\u00ab\u00a0Nous vendons du plaisir&#8230; et nous nous amusons \u00e0 vendre du plaisir\u00a0\u00bb, d\u00e9clare Roxanne Rollin, copropri\u00e9taire de Quad Expert.<\/p>\n<p>\u00ab\u00a0Nous sommes tous tr\u00e8s passionn\u00e9s par ce que nous faisons, mais notre v\u00e9ritable objectif est le service \u00e0 la client\u00e8le. Nous sommes tous tr\u00e8s motiv\u00e9s et notre objectif est d&rsquo;atteindre le sommet!\u00a0\u00bb.<\/p>\n<p>La d\u00e9claration de Mme Rollin n&rsquo;est pas \u00e0 prendre \u00e0 la l\u00e9g\u00e8re. Avec son mari, Mark Schroeder, le duo a litt\u00e9ralement construit ce qui est aujourd&rsquo;hui une entreprise tr\u00e8s prosp\u00e8re \u00e0 partir de rien.<\/p>\n<p>\u00ab\u00a0Tout a commenc\u00e9 \u00e0 la maison, avec Mark et moi\u00a0\u00bb, a d\u00e9clar\u00e9 Rollin.<\/p>\n<p>\u00ab\u00a0J&rsquo;\u00e9tais l&rsquo;acheteur. Je visitais les ventes aux ench\u00e8res, je regardais autour de moi et j&rsquo;achetais des VTT endommag\u00e9s. Mark r\u00e9parait les v\u00e9hicules \u00e0 la maison et nous les vendions.\u00a0\u00bb<\/p>\n<p>Avec un peu de soutien, le couple a r\u00e9ussi \u00e0 se cr\u00e9er une activit\u00e9 secondaire int\u00e9ressante. Apr\u00e8s quelques ann\u00e9es, ce qui n&rsquo;\u00e9tait qu&rsquo;une simple id\u00e9e opportuniste, appel\u00e9e\u00a0<em>Mark\u2019s Auto and Cycle Repair<\/em>\u00a0est devenue beaucoup plus.<\/p>\n<p>\u00ab\u00a0Nous \u00e9tions tr\u00e8s occup\u00e9s et comme nous travaillions \u00e0 domicile, nous avons en quelque sorte perdu notre vie personnelle. At some point, I told myself: \u2018we need to move the business somewhere else. If we want this business to be worth something, we need to completely rebrand the business. We settled on a name that could be international, that represented what we did and that had an available .com,\u00a0\u00bb explained Rollin.<\/p>\n<p>Il y a environ dix ans, apr\u00e8s quelques ann\u00e9es de travail \u00e0 domicile sous la banni\u00e8re Quad Expert, Rollin et Schroeder se sont retrouv\u00e9s face \u00e0 une opportunit\u00e9 &#8211; la propri\u00e9t\u00e9 situ\u00e9e au 457 Russell Road \u00e9tait \u00e0 vendre.<\/p>\n<p>\u00ab\u00a0C&rsquo;\u00e9tait un ancien march\u00e9 aux puces, le b\u00e2timent \u00e9tait rempli de surplus gouvernementaux et tout \u00e9tait d\u00e9labr\u00e9. We started renovating the place as best we could, recycling what we found inside as much as possible. We didn\u2019t have the inventory we have today, but we put so much effort into customer service that the word spread,\u201d said Rollin.<\/p>\n<p>\u00c0 l&rsquo;\u00e9poque, Quad Expert n&rsquo;avait aucune id\u00e9e que son modeste magasin de v\u00e9hicules d&rsquo;occasion deviendrait bient\u00f4t l&rsquo;un des meilleurs concessionnaires de sports motoris\u00e9s du pays.<\/p>\n<p><strong>Croissance et success<br \/>\n<\/strong>Si l&rsquo;on entrait aujourd&rsquo;hui dans la salle d&rsquo;exposition de Quad Expert, il serait difficile de croire que tout a commenc\u00e9 par la vente de v\u00e9hicules d&rsquo;occasion au sein d&rsquo;un ancien march\u00e9 aux puces.<\/p>\n<p>En effet, la premi\u00e8re impression que l&rsquo;on aurait en visitant Quad Expert est plut\u00f4t positive. Visiter le magasin signifie entrer dans une salle d&rsquo;exposition lumineuse, propre et bien achaland\u00e9e.<\/p>\n<p>Les clients sont accueillis par des marques telles que Yamaha, Husqvarna et Fox Racing (pour n&rsquo;en citer que quelques-unes) et par l&rsquo;un des 14 membres du personnel qui ont clairement l&rsquo;air de s&rsquo;amuser comme des fous. En d&rsquo;autres termes, Quad Expert ressemble et fonctionne comme une machine bien huil\u00e9e.<\/p>\n<p>\u00ab\u00a0Il y a quelque temps, je savais que nous avions besoin de marques dans notre magasin pour r\u00e9ussir. J&rsquo;ai sollicit\u00e9 Yamaha pendant des mois et apr\u00e8s un certain temps, un vendeur est venu nous rendre visite. Apr\u00e8s avoir pass\u00e9 30 minutes ici, non seulement il a reconnu que nous \u00e9tions un bon prospect, mais il a dit que nous avions l&rsquo;\u00e9toffe d&rsquo;un cinq \u00e9toiles. Quelques mois plus tard, nous avons eu notre premi\u00e8re motoneige Yamaha\u00a0\u00bb, explique Rollin.<\/p>\n<p>Comme tout concessionnaire respectable, Quad Expert assure \u00e9galement le soutien et l&rsquo;entretien des v\u00e9hicules qu&rsquo;il vend, sous l&rsquo;\u0153il exp\u00e9riment\u00e9 du technicien et copropri\u00e9taire Mark Schroeder.<\/p>\n<p>\u00ab\u00a0Mark s&rsquo;est qualifi\u00e9 pour le Grand Prix technique de Yamaha. Il n&rsquo;a peut-\u00eatre pas gagn\u00e9, mais il s&rsquo;est class\u00e9 parmi les huit meilleurs techniciens Yamaha au Canada\u00a0\u00bb, a d\u00e9clar\u00e9 M. Rollin.<\/p>\n<p>Le succ\u00e8s de Quad Expert avec Yamaha ne s&rsquo;est pas arr\u00eat\u00e9 l\u00e0. In 2017, the Japanese giant awarded them five gold stars.<\/p>\n<p>\u00ab\u00a0C&rsquo;est l\u00e0 que nous avons r\u00e9alis\u00e9 \u00e0 quel point nous avions du succ\u00e8s. Yamaha nous a invit\u00e9s \u00e0 Santa Lucia avec les autres concessionnaires cinq \u00e9toiles et nous avons rapidement remarqu\u00e9 qu&rsquo;il y en avait tr\u00e8s peu,\u00a0\u00bb said Rollin.<\/p>\n<p>R\u00e9cemment, des cadres sup\u00e9rieurs de Yamaha ont fait le voyage depuis le Japon pour visiter Quad Expert afin de constater leur succ\u00e8s de pr\u00e8s.<\/p>\n<p>\u00ab\u00a0Ils \u00e9taient curieux de voir d&rsquo;o\u00f9 venait notre succ\u00e8s. They probably looked at a map and wondered how we managed to be rated number one in customer service in Canada here, in a small rural community such as ours\u00a0\u00bb said Rollin.<\/p>\n<p><strong>Une vraie experience local<br \/>\n<\/strong>Quad Expert se sent d\u00e9finitivement chez lui ici, dans la RUPC, entour\u00e9 de passionn\u00e9s de sports motoris\u00e9s.<\/p>\n<p>\u00ab\u00a0C&rsquo;est le c\u0153ur des sports motoris\u00e9s. For motorcycles, our store is a popular pit stop &#8211; we can easily have hundreds stop by. We\u2019re close to Larose Forest, which hosts trails for the Bytown Motorcycle Association for off-road, the ATV club of Eastern Ontario Inc. and the Eastern Ontario Snowmobile Association,\u00a0\u00bb explained Rollin.<\/p>\n<p>\u00ab\u00a0Les gens vivent pour ce genre de choses par ici. Une fois qu&rsquo;ils ont fait un tour en VTT ou en motoneige, ils commencent \u00e0 voir le monde diff\u00e9remment. Nous faisons partie d&rsquo;une communaut\u00e9 au sein d&rsquo;une communaut\u00e9\u00a0\u00bb.<\/p>\n<p>Quad Expert est situ\u00e9 au 457 Russell Road, Clarence-Rockland. Toute personne int\u00e9ress\u00e9e \u00e0 en savoir plus peut visiter le site<a title=\"External Quad Expert website\" href=\"https:\/\/quadexpert.com\/\" target=\"_blank\" rel=\"noopener noreferrer\">website<\/a>ou mieux encore, passez nous voir.<\/p>\n<p>Amateur de sports motoris\u00e9s ou non, Quad Expert m\u00e9rite une visite.[\/vc_column_text][\/vc_column][\/vc_row]<\/p>\n<\/div>","protected":false},"excerpt":{"rendered":"<p>[vc_row][vc_column width=\u00a0\u00bb1\/2&Prime;][vc_video link=\u00a0\u00bbhttps:\/\/www.youtube.com\/watch?v=bCqyurTJprw&amp;feature=youtu.be\u00a0\u00bb title=\u00a0\u00bbPower Trip TV\u00a0\u00bb][vc_column_text]<\/p>\n<p> Power Trip tv <\/p>\n<p>Teaser pour notre \u00e9mission de t\u00e9l\u00e9vision : Power Trip tv <\/p>\n<p>[\/vc_column_text][vc_video link=\u00a0\u00bbhttps:\/\/www.youtube.com\/watch?v=LZlr6Y7tL44&Prime; title=\u00a0\u00bbGuide Clarence-Rockland\u00a0\u00bb][vc_video link=\u00a0\u00bbhttps:\/\/www.youtube.com\/watch?v=IMhn0MwzudY\u00a0\u00bb title=\u00a0\u00bbCourses de boue 2015&Prime;][vc_column_text]<\/p>\n<p> QuadExpert a Valley Supersport <\/p>\n<p>Added on June 5, 2015 &#8211;\u00a0YouTube<\/p>\n<p>Regardez 24 secondes dans cette vid\u00e9o pour le technicien \/ coureur de Quad Expert Cedric Campagna! Il prouve que 6 ans plus tard, lors des Valley Supersport Mud Races 2015, le Brute Force 880 r\u00e9alise toujours le meilleur temps! Visitez notre site Web \u00e0 https:\/\/www.quadexpert.com\/<br \/> ou appelez-nous au 613 487-QUAD (7823) pour toutes vos courses et courses de VTT MUD! Notre personnel comp\u00e9tent est qualifi\u00e9 pour vous faire aller plus vite! <\/p>\n<p>[\/vc_column_text][\/vc_column][vc_column width=\u00a0\u00bb1\/2&Prime;][vc_video link=\u00a0\u00bbhttps:\/\/www.youtube.com\/watch?v=kNk0PNueVLM&amp;feature=youtu.be\u00a0\u00bb title=\u00a0\u00bbHistoires de Sentiers &#8211; RDS\u00a0\u00bb][vc_column_text]<\/p>\n<p> Histoires de Sentiers\u00a02017-2018\u00a0\u00e9pisode 12 <\/p>\n<p>Added on December 11, 2017 &#8211;\u00a0YouTube<\/p>\n<p>[\/vc_column_text][vc_video link=\u00a0\u00bbhttps:\/\/www.facebook.com\/ReleveTFO247\/videos\/354279955055567\/UzpfSTc2NjYyMDExMjozMDYwNjExMjk0OTk0MTQ6MTA6MTUxOTg5MTIwMDoxNTIyNTY1OTk5OjMyNjk4MTc3OTk1MDA0MDM4Njk\/?lst=766620112%3A766620112%3A1540994500&Prime; title=\u00a0\u00bbRel\u00e8ve TFO 24-7&Prime;][vc_column_text]<\/p>\n<p> Passionn\u00e9e de motocross <\/p>\n<p>Added on March 5th, 2018 &#8211;\u00a0Facebook &#8211; Rel\u00e8ve TFO 24-7<\/p>\n<p> Roxanne Rollin est passionn\u00e9e par le motocross depuis [&#8230;]<\/p>\n","protected":false},"author":2,"featured_media":0,"parent":0,"menu_order":0,"comment_status":"closed","ping_status":"closed","template":"","meta":{"content-type":"","slim_seo":{"title":"Entrevue de Journal - Quad Expert","description":"[vc_row][vc_column width=\"1\/2\"][vc_video link=\"https:\/\/www.youtube.com\/watch?v=bCqyurTJprw&amp;feature=youtu.be\" title=\"Power Trip TV\"][vc_column_text] Power Tr"},"footnotes":""},"class_list":["post-29488","page","type-page","status-publish","hentry"],"_links":{"self":[{"href":"https:\/\/www.quadexpert.com\/fr\/wp-json\/wp\/v2\/pages\/29488","targetHints":{"allow":["GET"]}}],"collection":[{"href":"https:\/\/www.quadexpert.com\/fr\/wp-json\/wp\/v2\/pages"}],"about":[{"href":"https:\/\/www.quadexpert.com\/fr\/wp-json\/wp\/v2\/types\/page"}],"author":[{"embeddable":true,"href":"https:\/\/www.quadexpert.com\/fr\/wp-json\/wp\/v2\/users\/2"}],"replies":[{"embeddable":true,"href":"https:\/\/www.quadexpert.com\/fr\/wp-json\/wp\/v2\/comments?post=29488"}],"version-history":[{"count":10,"href":"https:\/\/www.quadexpert.com\/fr\/wp-json\/wp\/v2\/pages\/29488\/revisions"}],"predecessor-version":[{"id":30628,"href":"https:\/\/www.quadexpert.com\/fr\/wp-json\/wp\/v2\/pages\/29488\/revisions\/30628"}],"wp:attachment":[{"href":"https:\/\/www.quadexpert.com\/fr\/wp-json\/wp\/v2\/media?parent=29488"}],"curies":[{"name":"wp","href":"https:\/\/api.w.org\/{rel}","templated":true}]}}