{"id":29437,"date":"2022-02-24T12:16:49","date_gmt":"2022-02-24T17:16:49","guid":{"rendered":"https:\/\/www.quadexpert.com\/cour-de-vehicules-de-recuperation-a-vendre\/"},"modified":"2022-07-06T16:56:21","modified_gmt":"2022-07-06T20:56:21","slug":"cour-de-recuperation","status":"publish","type":"page","link":"https:\/\/www.quadexpert.com\/fr\/cour-de-recuperation\/","title":{"rendered":"Cour de V\u00e9hicules de r\u00e9cup\u00e9ration \u00e0 vendre"},"content":{"rendered":"<div class=\"wpb-content-wrapper\"><p>[vc_row][vc_column][vc_single_image image=\u00a0\u00bb29877&Prime; img_size=\u00a0\u00bbfull\u00a0\u00bb][\/vc_column][\/vc_row][vc_row css=\u00a0\u00bb.vc_custom_1410361334750{margin-bottom: 70px !important;}\u00a0\u00bb][vc_column][vc_column_text]<\/p>\n<h3 style=\"text-align: center;\"><span style=\"color: #c7081b;\">Le SP\u00c9CIALISTE EN R\u00c9CUP\u00c9RATION de Quad Expert \u00e0 votre SERVICE.<\/span><\/h3>\n<p>[\/vc_column_text][vc_column_text]Quad Expert propose des pi\u00e8ces neuves d&rsquo;apr\u00e8s-vente et des pi\u00e8ces d&rsquo;occasion et de r\u00e9cup\u00e9ration de qualit\u00e9 pour toutes les marques et tous les mod\u00e8les de VTT, UTV, Motocyclettes Hors Route et Motoneiges.<strong><em>\u00a0<\/em><\/strong>Notre installation de recyclage dispose d&rsquo;une s\u00e9lection importante et sans cesse croissante d&rsquo;unit\u00e9s de r\u00e9cup\u00e9ration de v\u00e9hicules hors route d&rsquo;occasion qui sont mises en pi\u00e8ces quotidiennement.\u00a0 Notre parc de pi\u00e8ces usag\u00e9es n&rsquo;est pas seulement bon pour l&rsquo;environnement, mais aussi tr\u00e8s rentable pour nos clients, car nous vendons g\u00e9n\u00e9ralement des pi\u00e8ces de VTT, de VU et de motoneige<strong>usag\u00e9es \u00e0 50 % ou moins du prix des pi\u00e8ces neuves d&rsquo;origine<\/strong>en fonction de l&rsquo;\u00e9tat de la pi\u00e8ce de r\u00e9cup\u00e9ration.[\/vc_column_text][vc_column_text]<\/p>\n<h4 style=\"text-align: center;\">Nous proposons la plupart des Marques et Mod\u00e8les de Pi\u00e8ces de R\u00e9cup\u00e9ration.<\/h4>\n<map id=\"ImageMapsCom-image-maps-2015-06-22-080220\" name=\"image-maps-2015-06-22-080220\">\n<area style=\"outline: none;\" title=\"\" alt=\"\" coords=\"14,8,117,58\" shape=\"rect\" href=\"https:\/\/www.yamahamotorsports.com\/sport\" target=\"_blank\" \/>\n<area style=\"outline: none;\" title=\"\" alt=\"\" coords=\"153,0,256,50\" shape=\"rect\" href=\"https:\/\/www.suzukicycles.com\/\" target=\"_blank\" \/>\n<area style=\"outline: none;\" title=\"\" alt=\"\" coords=\"282,6,385,56\" shape=\"rect\" href=\"https:\/\/www.ktm.com\/us\/\" target=\"_blank\" \/>\n<area style=\"outline: none;\" title=\"\" alt=\"\" coords=\"405,7,508,57\" shape=\"rect\" href=\"https:\/\/www.ski-doo.com\/\" target=\"_blank\" \/>\n<area style=\"outline: none;\" title=\"\" alt=\"\" coords=\"537,4,640,54\" shape=\"rect\" href=\"https:\/\/www.brp.com\/\" target=\"_blank\" \/>\n<area style=\"outline: none;\" title=\"\" alt=\"\" coords=\"651,20,748,41\" shape=\"rect\" href=\"https:\/\/can-am.brp.com\/\" target=\"_blank\" \/>\n<area style=\"outline: none;\" title=\"\" alt=\"\" coords=\"28,73,125,108\" shape=\"rect\" href=\"https:\/\/www.kawasaki.com\/\" target=\"_blank\" \/>\n<area style=\"outline: none;\" title=\"\" alt=\"\" coords=\"142,70,261,105\" shape=\"rect\" href=\"https:\/\/www.husaberg.com\/us.html\" target=\"_blank\" \/>\n<area style=\"outline: none;\" title=\"\" alt=\"\" coords=\"278,73,397,108\" shape=\"rect\" href=\"https:\/\/ca.www.arcticcat.com\/\" target=\"_blank\" \/>\n<area style=\"outline: none;\" title=\"\" alt=\"\" coords=\"395,66,477,112\" shape=\"rect\" href=\"https:\/\/www.bmwmotorcycles.com\/us\/en\/index.html\" target=\"_blank\" \/>\n<area style=\"outline: none;\" title=\"\" alt=\"\" coords=\"486,69,568,115\" shape=\"rect\" href=\"https:\/\/www.harley-davidson.com\/content\/h-d\/en_CA\/home.html\" target=\"_blank\" \/>\n<area style=\"outline: none;\" title=\"\" alt=\"\" coords=\"570,66,652,112\" shape=\"rect\" href=\"https:\/\/powersports.honda.com\/\" target=\"_blank\" \/>\n<area style=\"outline: none;\" title=\"\" alt=\"\" coords=\"669,55,742,116\" shape=\"rect\" href=\"https:\/\/www.husqvarna-motorcycles.com\/\" target=\"_blank\" \/>\n<area style=\"outline: none;\" title=\"Image Map\" alt=\"Image Map\" coords=\"752,138,754,140\" shape=\"rect\" href=\"https:\/\/www.quadexpert.com\/wp-content\/uploads\/brand.png\" \/><\/map>\n<p>[\/vc_column_text][vc_column_text]<\/p>\n<h3><\/h3>\n<p><img fetchpriority=\"high\" decoding=\"async\" class=\"alignleft wp-image-27444 \" src=\"https:\/\/www.quadexpert.com\/wp-content\/uploads\/\/JoelleClairouxPhotography-2640-min-150x100.jpg\" alt=\"\" width=\"281\" height=\"187\" srcset=\"https:\/\/www.quadexpert.com\/wp-content\/uploads\/JoelleClairouxPhotography-2640-min-150x100.jpg 150w, https:\/\/www.quadexpert.com\/wp-content\/uploads\/JoelleClairouxPhotography-2640-min-600x400.jpg 600w, https:\/\/www.quadexpert.com\/wp-content\/uploads\/JoelleClairouxPhotography-2640-min-300x200.jpg 300w, https:\/\/www.quadexpert.com\/wp-content\/uploads\/JoelleClairouxPhotography-2640-min-1024x684.jpg 1024w, https:\/\/www.quadexpert.com\/wp-content\/uploads\/JoelleClairouxPhotography-2640-min-160x107.jpg 160w, https:\/\/www.quadexpert.com\/wp-content\/uploads\/JoelleClairouxPhotography-2640-min.jpg 2048w\" sizes=\"(max-width: 281px) 100vw, 281px\" \/>Nous achetons continuellement des unit\u00e9s de r\u00e9cup\u00e9ration Arctic Cat, Bombardier \/ Skidoo, Honda, KTM, Husqvarna, Husaberg, Kawasaki, Polaris, Suzuki, et Yamaha pour ajouter \u00e0 notre inventaire&#8230;alors v\u00e9rifiez souvent. Si vous ne trouvez pas ce que vous cherchez, appelez-nous ou envoyez-nous un courriel \u00e0 l&rsquo;adresse suivante<a href=\"mailto:salvage@quadexpert.com\">salvage@quadexpert.com<\/a>car de nombreuses pi\u00e8ces sont interchang\u00e9es au cours de nombreuses ann\u00e9es et mod\u00e8les diff\u00e9rents. Si vous pouvez vous rendre dans nos locaux, nous vous recommandons d&rsquo;apporter vos anciennes pi\u00e8ces avec vous si possible, afin d&rsquo;obtenir une correspondance exacte avec ce que vous recherchez.[\/vc_column_text][\/vc_column][\/vc_row][vc_row css=\u00a0\u00bb.vc_custom_1410362518410{margin-bottom: 20px !important;}\u00a0\u00bb][vc_column][vc_column_text]<\/p>\n<h2 class=\"margin-top-none\" style=\"letter-spacing: -1.5px;\"><span style=\"color: #000000; font-size: 24pt;\"><strong>Nos Services de R\u00e9cup\u00e9ration D\u00e9taill\u00e9s<\/strong><\/span><\/h2>\n<p>[\/vc_column_text][\/vc_column][vc_column width=\u00a0\u00bb1\/3&Prime;]<div class='detail-service '><div class='details margin-top-25'> <h5><i class='fa-cog '><\/i>\u00c9changez votre unit\u00e9 de r\u00e9cup\u00e9ration<\/h5><p class='padding-top-10 margin-bottom-none'>Vous venez de d\u00e9molir votre appareil? Les r\u00e9parations seraient trop co\u00fbteuses? \u00c9changez votre VTT ou votre motoneige accident\u00e9! \u00c9changez, \u00e9conomisez des taxes et continuez \u00e0 rouler!<\/p><\/div><\/div>[\/vc_column][vc_column width=\u00a0\u00bb1\/3&Prime;]<div class='detail-service '><div class='details margin-top-25'><a href='http:\/\/||' target='_self'> <h5><i class='fa-trophy '><\/i>Localisateur de r\u00e9cup\u00e9ration<\/h5><\/a><p class='padding-top-10 margin-bottom-none'>Vous ne voyez pas votre pi\u00e8ce de r\u00e9cup\u00e9ration dans notre liste? Ce n&rsquo;est pas un probl\u00e8me. Gr\u00e2ce \u00e0 notre localisateur d&rsquo;inventaire pancanadien, nous sommes en mesure de vous procurer la pi\u00e8ce dont vous avez besoin!<\/p><\/div><\/div>[\/vc_column][vc_column width=\u00a0\u00bb1\/3&Prime;]<div class='detail-service '><div class='details margin-top-25'> <h5><i class='fa-book '><\/i>Exp\u00e9diteur de pi\u00e8ces de r\u00e9cup\u00e9ration<\/h5><p class='padding-top-10 margin-bottom-none'>Nous livrons \u00e0 des clients partout dans le monde! Nous vous livrons ces pi\u00e8ces \u00e0 votre porte!<\/p>\n<h3><\/h3>\n<p><\/p><\/div><\/div>[\/vc_column][\/vc_row]<\/p>\n<\/div>","protected":false},"excerpt":{"rendered":"<p>[vc_row][vc_column][vc_single_image image=\u00a0\u00bb19481&Prime; img_size=\u00a0\u00bbfull\u00a0\u00bb][\/vc_column][\/vc_row][vc_row css=\u00a0\u00bb.vc_custom_1410361334750{margin-bottom: 70px !important;}\u00a0\u00bb][vc_column][vc_column_text]<\/p>\n<h3 style=\"text-align: center;\"><span style=\"color: #c7081b;\">&#8230;<\/p>\n","protected":false},"author":2,"featured_media":0,"parent":0,"menu_order":0,"comment_status":"closed","ping_status":"closed","template":"","meta":{"content-type":"","slim_seo":{"title":"Cour de V\u00e9hicules de r\u00e9cup\u00e9ration \u00e0 vendre - Quad Expert","description":"[vc_row][vc_column][vc_single_image image=\"19481\" img_size=\"full\"][\/vc_column][\/vc_row][vc_row css=\".vc_custom_1410361334750{margin-bottom: 70px !important;}\"]["},"footnotes":""},"class_list":["post-29437","page","type-page","status-publish","hentry"],"_links":{"self":[{"href":"https:\/\/www.quadexpert.com\/fr\/wp-json\/wp\/v2\/pages\/29437","targetHints":{"allow":["GET"]}}],"collection":[{"href":"https:\/\/www.quadexpert.com\/fr\/wp-json\/wp\/v2\/pages"}],"about":[{"href":"https:\/\/www.quadexpert.com\/fr\/wp-json\/wp\/v2\/types\/page"}],"author":[{"embeddable":true,"href":"https:\/\/www.quadexpert.com\/fr\/wp-json\/wp\/v2\/users\/2"}],"replies":[{"embeddable":true,"href":"https:\/\/www.quadexpert.com\/fr\/wp-json\/wp\/v2\/comments?post=29437"}],"version-history":[{"count":5,"href":"https:\/\/www.quadexpert.com\/fr\/wp-json\/wp\/v2\/pages\/29437\/revisions"}],"predecessor-version":[{"id":61791,"href":"https:\/\/www.quadexpert.com\/fr\/wp-json\/wp\/v2\/pages\/29437\/revisions\/61791"}],"wp:attachment":[{"href":"https:\/\/www.quadexpert.com\/fr\/wp-json\/wp\/v2\/media?parent=29437"}],"curies":[{"name":"wp","href":"https:\/\/api.w.org\/{rel}","templated":true}]}}