{"id":29431,"date":"2022-02-24T12:04:28","date_gmt":"2022-02-24T17:04:28","guid":{"rendered":"https:\/\/www.quadexpert.com\/nos-services\/"},"modified":"2023-06-02T09:57:00","modified_gmt":"2023-06-02T13:57:00","slug":"services","status":"publish","type":"page","link":"https:\/\/www.quadexpert.com\/fr\/services\/","title":{"rendered":"Services"},"content":{"rendered":"<div class=\"wpb-content-wrapper\"><p>[vc_section][vc_row][vc_column][vc_column_text]<\/p>\n<h3>QUE POUVONS-NOUS FAIRE POUR VOUS ?<\/h3>\n<p>Nous entretenons toutes les marques et tous les mod\u00e8les[\/vc_column_text][vc_column_text]Quad Expert poss\u00e8de les connaissances, l\u2019exp\u00e9rience et la r\u00e9putation n\u00e9cessaires pour offrir un service \u00e0 la client\u00e8le de premier ordre. Nous maintenons les normes les plus \u00e9lev\u00e9es d\u2019int\u00e9grit\u00e9 et de pratiques commerciales \u00e9thiques tout en offrant \u00e0 nos clients les meilleurs services et options.<\/p>\n<p>Quelle que soit la question, notre personnel de service est l\u00e0 pour vous aider. Que vous ayez achet\u00e9 votre v\u00e9hicule chez nous ou ailleurs, notre objectif est de vous remettre sur la route ou dans les sentiers aussi vite que possible avec une machine en bonne sant\u00e9. Qu\u2019il s\u2019agisse de travaux d\u2019assurance ou de batteries \u00e0 plat, nous r\u00e9pondrons \u00e0 vos besoins en mati\u00e8re de service.[\/vc_column_text][\/vc_column][vc_column width=\u00a0\u00bb1\/4&Prime;]<div class='automotive-featured-panel margin-top-25 add-services-panel '><h5>Contr\u00f4les de s\u00e9curit\u00e9<\/h5><img fetchpriority=\"high\" src='https:\/\/www.quadexpert.com\/wp-content\/uploads\/shield.png' data-hoverimg='https:\/\/www.quadexpert.com\/wp-content\/uploads\/shield-White.png' width=\"512\" height=\"512\" alt=\"\" class=\"no_border\"><p>Nous sommes certifi\u00e9s par le minist\u00e8re des Transports de l\u2019Ontario et nous sommes l\u00e9galement autoris\u00e9s et form\u00e9s \u00e0 effectuer des services de v\u00e9rification de la s\u00e9curit\u00e9 des v\u00e9hicules \u00e0 moto. Prenez votre rendez-vous d\u00e8s aujourd\u2019hui avec notre d\u00e9partement de service.<\/p><\/div>[\/vc_column][vc_column width=\u00a0\u00bb1\/4&Prime;]<div class='automotive-featured-panel margin-top-25 add-services-panel '><h5>Contr\u00f4le de sant\u00e9<\/h5><img src='https:\/\/www.quadexpert.com\/wp-content\/uploads\/heart-beat.png' data-hoverimg='https:\/\/www.quadexpert.com\/wp-content\/uploads\/heart-beat-White.png' width=\"512\" height=\"512\" alt=\"\" class=\"no_border\"><p>Il s\u2019agit d\u2019un forfait complet au cours duquel nous \u00e9valuons votre v\u00e9hicule de mani\u00e8re approfondie au moyen d\u2019une liste de contr\u00f4le d\u00e9taill\u00e9e et complexe. Une fa\u00e7on tr\u00e8s abordable de conna\u00eetre l\u2019\u00e9tat de sant\u00e9 de votre VTT, Moto ou Motoneige.<\/p><\/div>[\/vc_column][vc_column width=\u00a0\u00bb1\/4&Prime;]<div class='automotive-featured-panel margin-top-25 add-services-panel '><h5>Entreposage<\/h5><img src='https:\/\/www.quadexpert.com\/wp-content\/uploads\/garage.png' data-hoverimg='https:\/\/www.quadexpert.com\/wp-content\/uploads\/garage-White.png' width=\"512\" height=\"512\" alt=\"\" class=\"no_border\"><p>Que vous soyez un motard occasionnel ou un passionn\u00e9 de moto, il est important de prot\u00e9ger votre moto pendant les mois froids d\u2019automne et d\u2019hiver. Vous pouvez faire confiance \u00e0 notre entreposage s\u00e9curis\u00e9 sur place.<\/p><\/div>[\/vc_column][vc_column width=\u00a0\u00bb1\/4&Prime; css=\u00a0\u00bb.vc_custom_1583527634231{padding-top: 0px !important;}\u00a0\u00bb]<div class='automotive-featured-panel margin-top-25 add-services-panel '><h5>Points en consid\u00e9ration<\/h5><img loading=\"lazy\" src='https:\/\/www.quadexpert.com\/wp-content\/uploads\/chat.png' data-hoverimg='https:\/\/www.quadexpert.com\/wp-content\/uploads\/chat-White.png' width=\"512\" height=\"512\" alt=\"\" class=\"no_border\"><p><\/p>\n<p style=\"text-align: left;\"><strong>\u2713<\/strong>\u00a0 Un service client\u00e8le solide<br \/>\n<strong>\u2713<\/strong>\u00a0 Attendez-vous \u00e0 un travail bien fait<br \/>\n<strong>\u2713<\/strong>\u00a0 Une communication forte<br \/>\n<strong>\u2713<\/strong>\u00a0 R\u00e9solution de probl\u00e8mes<br \/>\n<strong>\u2713<\/strong>\u00a0 Une solide \u00e9thique de travail<br \/>\n<strong>\u2713<\/strong>\u00a0 Technologie \u00e0 jour<\/p>\n<p><\/p><\/div>[\/vc_column][\/vc_row][vc_row][vc_column]<br \/>[vc_column_text]<\/p>\n<h2 style=\"text-align: center;\">UNIQUEMENT LE MEILLEUR<\/h2>\n<p>[\/vc_column_text][\/vc_column][vc_column width=\u00a0\u00bb1\/2&Prime;][vc_column_text]<\/p>\n<h3>R\u00e9parations et Entretien<\/h3>\n<p><span style=\"color: #000000;\">Des r\u00e9parations de base aux am\u00e9liorations compl\u00e8tes des performances, nous avons la capacit\u00e9 de r\u00e9pondre \u00e0 tous vos besoins en mati\u00e8re de sports motoris\u00e9s.<\/span>[\/vc_column_text][vc_column_text]<\/p>\n<h3>Personnalisation<\/h3>\n<p>Avec des ann\u00e9es d\u2019exp\u00e9rience dans les courses de VTT et de moto, nous avons acquis une quantit\u00e9 \u00e9norme de connaissances et de respect. Si la performance et les championnats sont ce que vous recherchez, alors vous avez trouv\u00e9 le bon concessionnaire de sports motoris\u00e9s! Laissez notre \u00e9quipe vous recommander les meilleurs accessoires de sports motoris\u00e9s parmi notre liste de fournisseurs pr\u00e9f\u00e9r\u00e9s pour personnaliser votre v\u00e9hicule \u00e0 votre go\u00fbt![\/vc_column_text][vc_column_text]<\/p>\n<h3>Restoration<\/h3>\n<p>Nous appr\u00e9cions votre v\u00e9hicule, quel que soit son \u00e2ge ou son \u00e9tat. Vous avez un vieux VTT ou un v\u00e9hicule tout-terrain qui a besoin de soins particuliers? Nous offrons une grande vari\u00e9t\u00e9 de services, de la simple r\u00e9paration \u00e0 la carrosserie compl\u00e8te d\u2019origine, en passant par le rembourrage de si\u00e8ges de motoneige, le rev\u00eatement en poudre du cadre de la moto et l\u2019anodisation de pi\u00e8ces de v\u00e9hicules \u00e0 quatre roues.[\/vc_column_text][\/vc_column][vc_column width=\u00a0\u00bb1\/2&Prime;][vc_column_text]<\/p>\n<h3>Pi\u00e8ces et accessoires<\/h3>\n<p>Vous avez besoin d\u2019une pi\u00e8ce pour votre VTT, votre motoneige ou votre moto hors route? Nous avons une \u00e9norme s\u00e9lection de pi\u00e8ces neuves parmi lesquelles vous pouvez choisir. Nous avons d\u00e9velopp\u00e9 des relations solides et des prix agressifs avec nos diff\u00e9rents fournisseurs de pi\u00e8ces pour sports motoris\u00e9s. Nous commandons tous les jours et la plupart des pi\u00e8ces et accessoires sont livr\u00e9s le lendemain. Pourquoi commander chez nous? Parce que nous le ferons bien du premier coup! Parce que nous tenons \u00e0 ce que vous puissiez reprendre la route aussi vite que possible![\/vc_column_text][vc_column_text]<\/p>\n<h3>Ventes en consignation<\/h3>\n<p>D\u00e9posez votre VTT, motoneige, moto hors route, moto ou tout autre v\u00e9hicule hors route et nous le vendrons pour vous. Par l\u2019interm\u00e9diaire de notre concessionnaire, nous sommes en mesure d\u2019offrir le financement d\u2019une garantie prolong\u00e9e sur votre v\u00e9hicule en consignation. Avec les consignations Quad Expert, vous b\u00e9n\u00e9ficiez de notre plateforme de vente, de nos ressources, de notre trafic en magasin et en ligne![\/vc_column_text][vc_column_text]<\/p>\n<h3>Collecte et livraison de v\u00e9hicules<\/h3>\n<p>Nous sommes l\u00e0 pour vous servir en assurant l\u2019enl\u00e8vement et la livraison de votre v\u00e9hicule de mani\u00e8re rapide, s\u00fbre et rentable. Contactez nous au 613-487-7823 pour faire un rendez-vous.[\/vc_column_text][\/vc_column][\/vc_row][\/vc_section][vc_section css=\u00a0\u00bb.vc_custom_1489281908478{margin-top: 35px !important;}\u00a0\u00bb][vc_row][vc_column][vc_images_carousel images=\u00a0\u00bb27699,28570,28569,27690,27693,27697,27698,27892,27893,27900,27894,27891,27890,27889,27825,27823,27799,27700,27800,27775,27801,27689,27802,27803,27804,27695,27805,27806,27807,27811,27822,27781,27778,27776,27752,27715,27702,27691,27692,27696&Prime; img_size=\u00a0\u00bbfull\u00a0\u00bb onclick=\u00a0\u00bblink_no\u00a0\u00bb speed=\u00a0\u00bb3000&Prime; slides_per_view=\u00a0\u00bb7&Prime; autoplay=\u00a0\u00bbyes\u00a0\u00bb hide_pagination_control=\u00a0\u00bbyes\u00a0\u00bb hide_prev_next_buttons=\u00a0\u00bbyes\u00a0\u00bb wrap=\u00a0\u00bbyes\u00a0\u00bb][\/vc_column][\/vc_row][\/vc_section]<\/p>\n<\/div>","protected":false},"excerpt":{"rendered":"<p>[vc_section][vc_row][vc_column][vc_column_text]<\/p>\n<h3>QUE POUVONS-NOUS FAIRE POUR VOUS ?<\/h3>\n<p>Nous entretenons toutes les marques et tous les mod\u00e8les[\/vc_column_text][vc_column_text]Quad Expert poss\u00e8de les connaissances, l\u2019exp\u00e9rience et la r\u00e9putation n\u00e9cessaires pour offrir un service \u00e0 la client\u00e8le de premier ordre.<\/p>\n","protected":false},"author":2,"featured_media":0,"parent":0,"menu_order":0,"comment_status":"closed","ping_status":"closed","template":"","meta":{"content-type":"","slim_seo":{"title":"Our Services - Powersports Maintenance - Repairs - Tune ups","description":"[vc_section][vc_row][vc_column][vc_column_text] QUE POUVONS-NOUS FAIRE POUR VOUS ? Nous entretenons toutes les marques et tous les mod\u00e8les[\/vc_column_text][vc_c"},"footnotes":""},"class_list":["post-29431","page","type-page","status-publish","hentry"],"_links":{"self":[{"href":"https:\/\/www.quadexpert.com\/fr\/wp-json\/wp\/v2\/pages\/29431","targetHints":{"allow":["GET"]}}],"collection":[{"href":"https:\/\/www.quadexpert.com\/fr\/wp-json\/wp\/v2\/pages"}],"about":[{"href":"https:\/\/www.quadexpert.com\/fr\/wp-json\/wp\/v2\/types\/page"}],"author":[{"embeddable":true,"href":"https:\/\/www.quadexpert.com\/fr\/wp-json\/wp\/v2\/users\/2"}],"replies":[{"embeddable":true,"href":"https:\/\/www.quadexpert.com\/fr\/wp-json\/wp\/v2\/comments?post=29431"}],"version-history":[{"count":10,"href":"https:\/\/www.quadexpert.com\/fr\/wp-json\/wp\/v2\/pages\/29431\/revisions"}],"predecessor-version":[{"id":107780,"href":"https:\/\/www.quadexpert.com\/fr\/wp-json\/wp\/v2\/pages\/29431\/revisions\/107780"}],"wp:attachment":[{"href":"https:\/\/www.quadexpert.com\/fr\/wp-json\/wp\/v2\/media?parent=29431"}],"curies":[{"name":"wp","href":"https:\/\/api.w.org\/{rel}","templated":true}]}}