{"id":29425,"date":"2022-02-24T11:28:38","date_gmt":"2022-02-24T16:28:38","guid":{"rendered":"https:\/\/www.quadexpert.com\/garantie-prolongee\/"},"modified":"2022-04-22T16:16:06","modified_gmt":"2022-04-22T20:16:06","slug":"garantie-prolongee","status":"publish","type":"page","link":"https:\/\/www.quadexpert.com\/fr\/garantie-prolongee\/","title":{"rendered":"Garantie prolong\u00e9e"},"content":{"rendered":"<div class=\"wpb-content-wrapper\"><p>[vc_section][vc_row][vc_column width=\u00a0\u00bb2\/3&Prime;][vc_column_text css=\u00a0\u00bb.vc_custom_1645130847064{margin-bottom: 0px !important;padding-bottom: 0px !important;}\u00a0\u00bb]<\/p>\n<h3>Garantie prolong\u00e9e<\/h3>\n<p>[\/vc_column_text][vc_column_text]<strong>Qu\u2019est-ce qu\u2019une garantie prolong\u00e9e ?<\/strong><br \/>\nUne garantie prolong\u00e9e est en fait une police d\u2019assurance con\u00e7ue pour prot\u00e9ger le propri\u00e9taire du co\u00fbt des r\u00e9parations apr\u00e8s l\u2019expiration de la garantie originale du v\u00e9hicule neuf. Une garantie prolong\u00e9e est parfois appel\u00e9e contrat de service, contrat de service de v\u00e9hicule ou contrat de service prolong\u00e9.<\/p>\n<p><strong>Quels sont les avantages d\u2019une garantie prolong\u00e9e ?<\/strong><br \/>\nUne garantie prolong\u00e9e est une garantie contre les r\u00e9parations impr\u00e9vues du v\u00e9hicule. Une garantie prolong\u00e9e permet de garantir que les co\u00fbts de r\u00e9paration sont couverts sans stress financier excessif. Nos garanties prolong\u00e9es sont \u00e9galement transf\u00e9rables aux futurs propri\u00e9taires. Cela joue en faveur du vendeur car cela peut augmenter la valeur de revente.[\/vc_column_text][\/vc_column][vc_column width=\u00a0\u00bb1\/3&Prime; css=\u00a0\u00bb.vc_custom_1529940905088{border-bottom-width: 30px !important;background-color: #c60013 !important;}\u00a0\u00bb][vc_custom_heading text=\u00a0\u00bbSi vous pensez que toutes les concessionnaires de garantie prolong\u00e9e sont les m\u00eames&#8230;\u00a0\u00bb font_container=\u00a0\u00bbtag:h1|font_size:20px|text_align:center|color:%23ffffff|line_height:24px\u00a0\u00bb google_fonts=\u00a0\u00bbfont_family:Roboto%3A100%2C100italic%2C300%2C300italic%2Cregular%2Citalic%2C500%2C500italic%2C700%2C700italic%2C900%2C900italic|font_style:400%20regular%3A400%3Anormal\u00a0\u00bb css=\u00a0\u00bb.vc_custom_1562684874470{margin-top: 0px !important;padding-top: 0px !important;}\u00a0\u00bb][vc_custom_heading text=\u00a0\u00bbR\u00c9FL\u00c9CHISSEZ \u00c0 NOUVEAU\u00a0\u00bb font_container=\u00a0\u00bbtag:h1|font_size:46px|text_align:center|color:%23ffffff\u00a0\u00bb google_fonts=\u00a0\u00bbfont_family:Roboto%3A100%2C100italic%2C300%2C300italic%2Cregular%2Citalic%2C500%2C500italic%2C700%2C700italic%2C900%2C900italic|font_style:400%20regular%3A400%3Anormal\u00a0\u00bb css=\u00a0\u00bb.vc_custom_1529941247771{margin-top: 0px !important;padding-top: 30px !important;}\u00a0\u00bb][vc_custom_heading text=\u00a0\u00bbD\u00e9couvrez pourquoi IWS surpasse la concurrence avec des services de couverture de garantie incroyable.\u00a0\u00bb font_container=\u00a0\u00bbtag:h5|font_size:14px|text_align:center|color:%23ffffff|line_height:16px\u00a0\u00bb google_fonts=\u00a0\u00bbfont_family:Roboto%3A100%2C100italic%2C300%2C300italic%2Cregular%2Citalic%2C500%2C500italic%2C700%2C700italic%2C900%2C900italic|font_style:400%20regular%3A400%3Anormal\u00a0\u00bb css=\u00a0\u00bb.vc_custom_1562684886677{margin-top: 0px !important;padding-top: 30px !important;padding-bottom: 30px !important;}\u00a0\u00bb][\/vc_column][vc_column][vc_separator][\/vc_column][\/vc_row][vc_row][vc_column width=\u00a0\u00bb1\/3&Prime;][vc_single_image image=\u00a0\u00bb28569&Prime; img_size=\u00a0\u00bbLarge\u00a0\u00bb alignment=\u00a0\u00bbcenter\u00a0\u00bb onclick=\u00a0\u00bbcustom_link\u00a0\u00bb link=\u00a0\u00bbhttps:%2F%2Fwww.yamaha-motor.ca%2Ffr%2Fplan-de-protection-yamaha-moteur|\u00a0\u00bb][vc_btn title=\u00a0\u00bbNous sommes l\u00e0 pour vous\u00a0\u00bb style=\u00a0\u00bboutline\u00a0\u00bb color=\u00a0\u00bbinverse\u00a0\u00bb align=\u00a0\u00bbcenter\u00a0\u00bb link=\u00a0\u00bburl:https%3A%2F%2Fwww.yamaha-motor.ca%2Fen%2Fyamaha-motor-protection-plan|target:_blank|\u00a0\u00bb][\/vc_column][vc_column width=\u00a0\u00bb2\/3&Prime;][vc_column_text]<\/p>\n<h2 class=\"header\">JOUER. NE VOUS INQUI\u00c9TEZ PAS<\/h2>\n<p>Votre Yamaha est un passeport pour le plein air, quelle que soit votre destination. Que votre voyage vous m\u00e8ne sur la route, la neige, l\u2019eau ou la terre, nous voulons rendre cette exp\u00e9rience aussi insouciante que possible. Le Yamaha Motor Protection Plan est un ensemble de produits de protection con\u00e7us sp\u00e9cialement pour les propri\u00e9taires de Yamaha afin de leur assurer la tranquillit\u00e9 d\u2019esprit en cas d\u2019impr\u00e9vu.<\/p>\n<h2 class=\"header\">PROCURE LIBERT\u00c9 ET TRANQUILLIT\u00c9 D&rsquo;ESPRIT<\/h2>\n<p>[\/vc_column_text][vc_tta_tabs][vc_tta_section i_icon_fontawesome=\u00a0\u00bbfas fa-wrench\u00a0\u00bb add_icon=\u00a0\u00bbtrue\u00a0\u00bb title=\u00a0\u00bbM\u00c9CANIQUE\u00a0\u00bb tab_id=\u00a0\u00bb1631734529002-63b05ce2-8a99&Prime;][vc_column_text]Personne n\u2019offre une ing\u00e9nierie, un style et des performances sup\u00e9rieurs \u00e0 ceux de Yamaha. C\u2019est pourquoi nous soutenons nos produits avec la meilleure couverture de garantie du secteur et notre propre couverture \u00e9tendue, offerte dans le cadre du Yamaha Motor Protection Plan (YMPP).[\/vc_column_text][\/vc_tta_section][vc_tta_section i_icon_fontawesome=\u00a0\u00bbfas fa-coins\u00a0\u00bb add_icon=\u00a0\u00bbtrue\u00a0\u00bb title=\u00a0\u00bbFINANCIER\u00a0\u00bb tab_id=\u00a0\u00bb1631734529028-58c07bdc-d883&Prime;][vc_column_text]<\/p>\n<div id=\"mz-drop-zone-protection-tab-1-before-navigation\" class=\"mz-drop-zone\">\n<div class=\"mz-cms-row\" title=\"\" dropzone=\"\" data-widget=\"{\">\n<div class=\"mz-cms-col-12-12\">\n<div class=\"mz-cms-block\">\n<div class=\"mz-cms-content\">\n<div class=\"mz-content-widget-wrap\">\n<div class=\"mz-content-widget-inner-wrap\">\n<div id=\"mz-drop-zone-protection-tab-1-before-navigation\" class=\"mz-drop-zone\">\n<div class=\"mz-cms-row\" data-widget=\"{\"title\":\"Dropzone\"}\">\n<div class=\"mz-cms-col-12-12\">\n<div class=\"mz-cms-block\">\n<div class=\"mz-cms-content\">\n<div class=\"mz-content-widget-wrap\">\n<div class=\"mz-content-widget-inner-wrap\">Nous avons tous v\u00e9cu \u00e7a \u2013 des d\u00e9penses inattendues et habituellement co\u00fbteuses. Yamaha fournit des produits de protection financi\u00e8re qui permettent de prot\u00e9ger votre portefeuille et votre investissement.<\/div>\n<\/div>\n<\/div>\n<\/div>\n<\/div>\n<\/div>\n<\/div>\n<div class=\"protection-navigation protection-navigation-1 d-none d-lg-block\">\n<ul>\n<li class=\"active\">PROTECTION GARANTIE D\u2019\u00c9CART (GAP) PLUS<\/li>\n<li class=\"\">PROTECTION DE PR\u00caT<\/li>\n<li class=\"\">PROTECTION ANTIVOL<\/li>\n<\/ul>\n<\/div>\n<\/div>\n<\/div>\n<\/div>\n<\/div>\n<\/div>\n<\/div>\n<\/div>\n<p>[\/vc_column_text][\/vc_tta_section][vc_tta_section i_icon_fontawesome=\u00a0\u00bbfas fa-exclamation-triangle\u00a0\u00bb add_icon=\u00a0\u00bbtrue\u00a0\u00bb title=\u00a0\u00bbDANGER ROUTIER\u00a0\u00bb tab_id=\u00a0\u00bb1631734562906-5c25129d-d010&Prime;][vc_column_text]Nous voulons que chaque voyage se d\u00e9roule sans encombre. Mais lorsque la route vous ralentit en raison de dangers tels que des clous ou des nids-de-poule, la couverture des risques routiers permet de couvrir les d\u00e9penses et de vous remettre en mouvement.[\/vc_column_text][\/vc_tta_section][\/vc_tta_tabs][\/vc_column][\/vc_row][\/vc_section][vc_section][vc_row full_width=\u00a0\u00bbstretch_row\u00a0\u00bb css=\u00a0\u00bb.vc_custom_1495481852448{margin-top: 40px !important;border-bottom-width: 3px !important;padding-top: 0px !important;padding-bottom: 0px !important;background-color: #f9f9f9 !important;border-bottom-color: #efefef !important;border-bottom-style: solid !important;}\u00a0\u00bb][vc_column][vc_column_text]<\/p>\n<h3>COUVRAGE VTT<\/h3>\n<p>[\/vc_column_text][\/vc_column][\/vc_row][vc_row][vc_column width=\u00a0\u00bb1\/3&Prime;][vc_column_text]<strong>Plans de produits<\/strong><\/p>\n<ul>\n<li><em>La couverture est disponible sur les VTT neufs et d\u2019occasion.<\/em><\/li>\n<li><em>Couverture de 6 \u00e0 54 mois disponible sur les VTT neufs.<br \/>\nLa couverture commence imm\u00e9diatement apr\u00e8s l\u2019expiration de la garantie du fabricant.<\/em><\/li>\n<li><em>Couverture de 12 mois disponible sur tout VTT d\u2019occasion de moins de 5 ans et en bon \u00e9tat de fonctionnement.<br \/>\nLa couverture commence 30 jours \u00e0 compter de la date d\u2019achat de la garantie.<\/em><\/li>\n<\/ul>\n<p>[\/vc_column_text][\/vc_column][vc_column width=\u00a0\u00bb1\/3&Prime;][vc_column_text]<strong>Couverture<\/strong><\/p>\n<ul>\n<li><em>Les composants \u00e9lectriques\/\u00e9lectroniques du VTT sont couverts.<\/em><\/li>\n<li><em>Composants du moteur : les pi\u00e8ces lubrifi\u00e9es en interne sont couvertes si les dommages sont dus \u00e0 une d\u00e9faillance m\u00e9canique.<\/em><\/li>\n<\/ul>\n<p>[\/vc_column_text][\/vc_column][vc_column width=\u00a0\u00bb1\/3&Prime;][vc_column_text]<strong>Autres syst\u00e8mes couverts<\/strong><\/p>\n<ul>\n<li><em>Syst\u00e8mes de direction<\/em><\/li>\n<li><em>Jauges<\/em><\/li>\n<li><em>Transmission<\/em><\/li>\n<li><em> Disque principal<\/em><\/li>\n<li><em>Entra\u00eenement final<\/em><\/li>\n<li><em>Suspension<\/em><\/li>\n<\/ul>\n<p>[\/vc_column_text][\/vc_column][\/vc_row][\/vc_section][vc_section][vc_row full_width=\u00a0\u00bbstretch_row\u00a0\u00bb css=\u00a0\u00bb.vc_custom_1495481852448{margin-top: 40px !important;border-bottom-width: 3px !important;padding-top: 0px !important;padding-bottom: 0px !important;background-color: #f9f9f9 !important;border-bottom-color: #efefef !important;border-bottom-style: solid !important;}\u00a0\u00bb][vc_column][vc_column_text]<\/p>\n<h3><strong>COUVERTURE MOTO<\/strong><\/h3>\n<p>[\/vc_column_text][\/vc_column][\/vc_row][vc_row][vc_column width=\u00a0\u00bb1\/3&Prime;][vc_column_text]<strong>Plans de produits<\/strong><\/p>\n<ul>\n<li><em>La couverture est disponible sur les motos neuves et d\u2019occasion.<\/em><\/li>\n<li><em>Couverture de 12 \u00e0 48 mois disponible sur les motos neuves<br \/>\nLa couverture commence imm\u00e9diatement apr\u00e8s l\u2019expiration de la garantie du fabricant.<\/em><\/li>\n<li><em>Couverture de 12 mois disponible sur toute moto usag\u00e9e de moins de 5 ans et en bon \u00e9tat de fonctionnement.<br \/>\nLa couverture commence 30 jours \u00e0 compter de la date d\u2019achat de la garantie.<\/em><\/li>\n<\/ul>\n<p>[\/vc_column_text][\/vc_column][vc_column width=\u00a0\u00bb1\/3&Prime;][vc_column_text]<strong>Couverture<\/strong><\/p>\n<ul>\n<li><em>Les composants \u00e9lectriques\/\u00e9lectroniques de la moto sont couverts.<\/em><\/li>\n<li><em>Composants du moteur : les pi\u00e8ces lubrifi\u00e9es en interne sont couvertes si les dommages sont dus \u00e0 une d\u00e9faillance m\u00e9canique.<\/em><\/li>\n<\/ul>\n<p>[\/vc_column_text][\/vc_column][vc_column width=\u00a0\u00bb1\/3&Prime;][vc_column_text]<strong>Autres syst\u00e8mes couverts<\/strong><\/p>\n<ul>\n<li><em>Composants de transmission<\/em><\/li>\n<li><em>Disque principal<\/em><\/li>\n<li><em>Ensemble d\u2019essieu moteur<\/em><\/li>\n<li><em>Composants de direction<\/em><\/li>\n<li><em>Composants de frein<\/em><\/li>\n<li><em>Jauges<\/em><\/li>\n<li><em>Composants du syst\u00e8me de carburant<\/em><\/li>\n<\/ul>\n<p>[\/vc_column_text][\/vc_column][\/vc_row][\/vc_section][vc_section][vc_row full_width=\u00a0\u00bbstretch_row\u00a0\u00bb css=\u00a0\u00bb.vc_custom_1495481852448{margin-top: 40px !important;border-bottom-width: 3px !important;padding-top: 0px !important;padding-bottom: 0px !important;background-color: #f9f9f9 !important;border-bottom-color: #efefef !important;border-bottom-style: solid !important;}\u00a0\u00bb][vc_column][vc_column_text]<\/p>\n<h3><strong>COUVERTURE <\/strong><strong>MOTONEIGE<\/strong><\/h3>\n<p>[\/vc_column_text][\/vc_column][\/vc_row][vc_row][vc_column width=\u00a0\u00bb1\/3&Prime;][vc_column_text]<strong>Plans de produits<\/strong><\/p>\n<ul>\n<li><em>La couverture est disponible sur les motoneiges neuves et d\u2019occasion.<\/em><\/li>\n<li><em>Couverture de 12 \u00e0 36 mois disponible sur les motoneiges neuves.<br \/>\nLa couverture commence imm\u00e9diatement apr\u00e8s l\u2019expiration de la garantie du fabricant.<\/em><\/li>\n<li><em>Couverture de 12 mois disponible sur toute motoneige usag\u00e9e de moins de 5 ans et en bon \u00e9tat de fonctionnement.<br \/>\nLa couverture commence 30 jours \u00e0 compter de la date d\u2019achat de la garantie.<\/em><\/li>\n<\/ul>\n<p>[\/vc_column_text][\/vc_column][vc_column width=\u00a0\u00bb1\/3&Prime;][vc_column_text]<strong><em>Couverture<\/em><\/strong><\/p>\n<ul>\n<li><em>Les composants \u00e9lectriques\/\u00e9lectroniques de la motoneige sont couverts.<\/em><\/li>\n<li><em>Composants du moteur : les pi\u00e8ces lubrifi\u00e9es en interne sont couvertes si les dommages sont dus \u00e0 une d\u00e9faillance m\u00e9canique.<\/em><\/li>\n<\/ul>\n<p>[\/vc_column_text][\/vc_column][vc_column width=\u00a0\u00bb1\/3&Prime;][vc_column_text]<strong>Autres syst\u00e8mes couverts<\/strong><\/p>\n<ul>\n<li><em>Syst\u00e8mes de refroidissement<\/em><\/li>\n<li><em>Syst\u00e8mes d\u2019injection d\u2019huile<\/em><\/li>\n<li><em>Jauges<\/em><\/li>\n<li><em>Pilotage<\/em><\/li>\n<li><em>Composants de frein<\/em><\/li>\n<li><em>Composants du syst\u00e8me de carburant<\/em><\/li>\n<li><em>Disque principal<\/em><\/li>\n<\/ul>\n<p>[\/vc_column_text][\/vc_column][\/vc_row][\/vc_section]<\/p>\n<\/div>","protected":false},"excerpt":{"rendered":"<p>[vc_section][vc_row][vc_column width=\u00a0\u00bb2\/3&Prime;][vc_column_text css=\u00a0\u00bb.vc_custom_1645116589306{margin-bottom: 0px !important;padding-bottom: 0px !important;}\u00a0\u00bb]<\/p>\n<h3>Garantie Prolong\u00e9e<\/h3>\n<p>[\/vc_column_text][vc_column_text]<strong>Qu&rsquo;est-ce qu&rsquo;une garantie&#8230;<\/p>\n","protected":false},"author":2,"featured_media":0,"parent":0,"menu_order":0,"comment_status":"closed","ping_status":"closed","template":"","meta":{"content-type":"","slim_seo":{"title":"Garantie prolong\u00e9e - Quad Expert","description":"[vc_section][vc_row][vc_column width=\"2\/3\"][vc_column_text css=\".vc_custom_1645116589306{margin-bottom: 0px !important;padding-bottom: 0px !important;}\"] Garant"},"footnotes":""},"class_list":["post-29425","page","type-page","status-publish","hentry"],"_links":{"self":[{"href":"https:\/\/www.quadexpert.com\/fr\/wp-json\/wp\/v2\/pages\/29425","targetHints":{"allow":["GET"]}}],"collection":[{"href":"https:\/\/www.quadexpert.com\/fr\/wp-json\/wp\/v2\/pages"}],"about":[{"href":"https:\/\/www.quadexpert.com\/fr\/wp-json\/wp\/v2\/types\/page"}],"author":[{"embeddable":true,"href":"https:\/\/www.quadexpert.com\/fr\/wp-json\/wp\/v2\/users\/2"}],"replies":[{"embeddable":true,"href":"https:\/\/www.quadexpert.com\/fr\/wp-json\/wp\/v2\/comments?post=29425"}],"version-history":[{"count":5,"href":"https:\/\/www.quadexpert.com\/fr\/wp-json\/wp\/v2\/pages\/29425\/revisions"}],"predecessor-version":[{"id":61798,"href":"https:\/\/www.quadexpert.com\/fr\/wp-json\/wp\/v2\/pages\/29425\/revisions\/61798"}],"wp:attachment":[{"href":"https:\/\/www.quadexpert.com\/fr\/wp-json\/wp\/v2\/media?parent=29425"}],"curies":[{"name":"wp","href":"https:\/\/api.w.org\/{rel}","templated":true}]}}