{"id":29371,"date":"2022-02-23T16:34:03","date_gmt":"2022-02-23T21:34:03","guid":{"rendered":"https:\/\/www.quadexpert.com\/inventaire-des-velos-rambo\/"},"modified":"2022-06-09T17:03:37","modified_gmt":"2022-06-09T21:03:37","slug":"velos-rambo","status":"publish","type":"page","link":"https:\/\/www.quadexpert.com\/fr\/velos-rambo\/","title":{"rendered":"Inventaire des v\u00e9los Rambo"},"content":{"rendered":"<div class=\"wpb-content-wrapper\"><p>[vc_row][vc_column]        <script>var inventoryCurrentFilters = {\"condition\":{\"singular\":\"Condition\",\"data\":{\"new\":\"New\"}},\"brand\":{\"singular\":\"Brand\",\"data\":{\"rambo-bikes\":\"Rambo Bikes\"}}};<\/script>\n<div class=\"listing-view margin-bottom-20\" data-selected-categories='{\"condition\":\"new\",\"brand\":\"rambo-bikes\"}'>\n<div class=\"row\">\n<div class=\"col-lg-8 col-md-6 col-sm-6 col-xs-12 padding-none\">\n<span class=\"ribbon\"><strong><span class=\"number_of_listings\">1<\/span> <span class=\"listings_grammar\">V\u00e9hicule<\/span> Matching:<\/strong><\/span>\n<ul class=\"ribbon-item filter margin-bottom-none\" data-all-listings=\"Toutes les annonces\">\n\t<li data-type='condition'><a href=''><i class='fa fa-times-circle'><\/i> Condition:  <span data-key='new'>Neuf<\/span><\/a><\/li>\n\t<li data-type='brand'><a href=''><i class='fa fa-times-circle'><\/i> Marque:  <span data-key='rambo-bikes'>Rambo Bikes<\/span><\/a><\/li>\n<\/ul>\n<\/div>\n<div class=\"col-lg-4 col-md-6 col-sm-6 col-xs-12 pull-right select_view padding-none\" data-layout=\"wide_left\"><ul class=\"page-view nav nav-tabs\">\n\t<li data-layout='wide_fullwidth'><a href=\"#\"><i class=\"fa\"><\/i><\/a><\/li>\n\t<li class='active' data-layout='wide_left'><a href=\"#\"><i class=\"fa\"><\/i><\/a><\/li>\n\t<li data-layout='wide_right'><a href=\"#\"><i class=\"fa\"><\/i><\/a><\/li>\n\t<li data-layout='boxed_fullwidth'><a href=\"#\"><i class=\"fa\"><\/i><\/a><\/li>\n\t<li data-layout='boxed_left'><a href=\"#\"><i class=\"fa\"><\/i><\/a><\/li>\n\t<li data-layout='boxed_right'><a href=\"#\"><i class=\"fa\"><\/i><\/a><\/li>\n<\/ul>\n <span class=\"align-right\">Select View:<\/span>\n<\/div>\n<\/div>\n<\/div>\n<div class=\"clearfix\"><\/div>\r\n<form method=\"post\" action=\"#\" class=\"listing_sort\">\r\n\t<div class=\"select-wrapper listing_select clearfix margin-bottom-15\"\tstyle='display: none;'>\r\n\t\t<div class=\"my-dropdown condition-dropdown\"><label for=\"condition\" class=\"sr-only\">All Conditions<\/label><select id=\"condition\" name=\"condition\" class=\"listing_filter\" data-sort=\"condition\" data-prefix=\"All\" data-label-singular=\"Condition\" data-label-plural=\"Conditions\" data-no-options=\"Aucune option\" aria-hidden=\"true\" data-compare-value=\"=\" multiple=\"true\">\n<option value=''>All Conditions<\/option>\n\t<option value='New'selected='selected' data-key='new'>Neuf<\/option>\n<\/select>\n\n<\/div><div class=\"my-dropdown vehicle-type-dropdown\"><label for=\"vehicle-type\" class=\"sr-only\">All Types de v\u00e9hicules<\/label><select id=\"vehicle-type\" name=\"vehicle-type\" class=\"listing_filter\" data-sort=\"vehicle-type\" data-prefix=\"All\" data-label-singular=\"Type de v\u00e9hicule\" data-label-plural=\"Types de v\u00e9hicules\" data-no-options=\"Aucune option\" aria-hidden=\"true\" data-compare-value=\"=\" multiple=\"true\">\n<option value=''>All Types de v\u00e9hicules<\/option>\n\t<option value='E-Bikes' data-key='e-bikes'>E-Bikes<\/option>\n<\/select>\n\n<\/div><div class=\"my-dropdown year-dropdown\"><label for=\"yr\" class=\"sr-only\">All Ann\u00e9es<\/label><select id=\"yr\" name=\"yr\" class=\"listing_filter\" data-sort=\"year\" data-prefix=\"All\" data-label-singular=\"Ann\u00e9e\" data-label-plural=\"Ann\u00e9es\" data-no-options=\"Aucune option\" aria-hidden=\"true\" data-compare-value=\"=\" multiple=\"true\">\n<option value=''>All Ann\u00e9es<\/option>\n\t<option value='2022' data-key='2022'>2022<\/option>\n<\/select>\n\n<\/div><div class=\"my-dropdown brand-dropdown\"><label for=\"brand\" class=\"sr-only\">All Marques<\/label><select id=\"brand\" name=\"brand\" class=\"listing_filter\" data-sort=\"brand\" data-prefix=\"All\" data-label-singular=\"Marque\" data-label-plural=\"Marques\" data-no-options=\"Aucune option\" aria-hidden=\"true\" data-compare-value=\"=\" multiple=\"true\">\n<option value=''>All Marques<\/option>\n\t<option value='K-TRAIL' data-key='k-trail'>K-TRAIL<\/option>\n\t<option value='Karavan' data-key='karavan'>Karavan<\/option>\n\t<option value='Quick Silver' data-key='quick-silver'>Quick Silver<\/option>\n\t<option value='Rambo Bikes'selected='selected' data-key='rambo-bikes'>Rambo Bikes<\/option>\n\t<option value='Smoker Craft' data-key='smoker-craft'>Smoker Craft<\/option>\n\t<option value='SunChaser' data-key='sunchaser'>SunChaser<\/option>\n\t<option value='Trail Master' data-key='trail-master'>Trail Master<\/option>\n\t<option value='Yamaha' data-key='yamaha'>Yamaha<\/option>\n<\/select>\n\n<\/div><div class=\"my-dropdown showroom-dropdown\"><label for=\"showroom\" class=\"sr-only\">All Showrooms<\/label><select id=\"showroom\" name=\"showroom\" class=\"listing_filter\" data-sort=\"showroom\" data-prefix=\"All\" data-label-singular=\"Showroom\" data-label-plural=\"Showrooms\" data-no-options=\"Aucune option\" aria-hidden=\"true\" data-compare-value=\"=\" multiple=\"true\">\n<option value=''>All Showrooms<\/option>\n\t<option value='No' data-key='no'>Non<\/option>\n<\/select>\n\n<\/div>\r\n\t\t<div class=\"loading_results\">\r\n\t\t\t<i class=\"fa fa-circle-o-notch fa-spin\"><\/i>\r\n\t\t<\/div>\r\n\t<\/div>\r\n\t<div class=\"select-wrapper pagination clearfix margin-bottom-15\">\r\n\t\t<div class=\"row\">\r\n\t\t\t<div class=\"col-lg-4 col-md-4 col-sm-12 col-xs-12 sort-by-menu\">\r\n\t\t\t\t\t\t\t\t\t<span class=\"sort-by\">Sort By:<\/span>\r\n\t\t\t\t\t<div class=\"my-dropdown price-ascending-dropdown\">\r\n\t\t\t\t\t\t<select name=\"price_order\" class=\"listing_filter\" tabindex=\"1\" >\r\n\t\t\t\t\t\t\t<option value='year|ASC'>Ann\u00e9e Ascendant<\/option>\n<option value='year|DESC' selected='selected'>Ann\u00e9e Descendant<\/option>\n<option value='condition|ASC'>Condition Ascendant<\/option>\n<option value='condition|DESC'>Condition Descendant<\/option>\n<option value='vehicle-type|ASC'>Type de v\u00e9hicule Ascendant<\/option>\n<option value='vehicle-type|DESC'>Type de v\u00e9hicule Descendant<\/option>\n\t\t\t\t\t\t<\/select>\r\n\t\t\t\t\t<\/div>\r\n\t\t\t<\/div>\r\n\t\t\t<div class=\"col-lg-3 col-md-4 col-sm-12 col-xs-12\">\r\n\t\t\t\t<div class=\"controls full page_of\" data-page=\"1\"><a href=\"#\" class=\"left-arrow disabled\"><i class=\"fa fa-angle-left\"><\/i><\/a><span>Page <span class=\"current_page\">1<\/span> of <span class=\"total_pages\">1<\/span><\/span><a href=\"#\" class=\"right-arrow disabled\"><i class=\"fa fa-angle-right\"><\/i><\/a><\/div>\t\t\t<\/div>\r\n\t\t\t<div class=\"col-lg-4 col-md-4 col-sm-12 col-xs-12 offset-lg-1\">\r\n\t\t\t\t<ul class=\"form-links top_buttons\">\r\n\t\t\t\t\t\t\t\t\t\t<li><a href=\"#\" class=\"gradient_button reset\">Reset Filters<\/a><\/li>\r\n\t\t\t\t\t\t\t\t\t<\/ul>\r\n\t\t\t<\/div>\r\n\t\t<\/div>\r\n\t<\/div>\r\n<\/form>\r\n<div class='row generate_new'><div class=\"inventory-wide-sidebar-left col-lg-9 col-md-12 col-lg-push-3 car_listings\"><div class=\"sidebar\"><div class=\"col-lg-12\">\r\n\t<div class=\"inventory clearfix margin-bottom-20 styled_input has-badge has-original-price has-tax-label has-photoswipe\" data-listing=\"101147\">\r\n\t\t\t\t\r\n\t\t        <div class=\"angled_badge custom_badge_clearance-sale\">\r\n          <span class='smaller'>\r\n\t\t\t\t\t\tVENTE DE\nLIQUIDATION\u00a0!\t\t\t\t\t<\/span>\r\n        <\/div>\r\n        \r\n\t\t<a class=\"inventory\" href=\"https:\/\/www.quadexpert.com\/fr\/listings\/rambo-the-rampage-xtreme-performance\/\">\r\n\t\t\t<div class=\"title\">Rambo THE RAMPAGE - Xtreme Performance V\u00e9lo \u00e9lectrique<\/div>\r\n\r\n\t\t\t<div class=\"inventory-image-container\">\r\n\t\t\t\r\n\t\t\t<img decoding=\"async\" src=\"https:\/\/www.quadexpert.com\/wp-content\/uploads\/Rambo-rampage-1-200x150.jpg\" class=\"preview\" alt=\"Rambo Rampage\" width=\"200\" height=\"150\"\r\n                 data-gallery-images='[{\"src\":\"https:\\\/\\\/www.quadexpert.com\\\/wp-content\\\/uploads\\\/Rambo-rampage-1.jpg\",\"w\":1080,\"h\":1080},{\"src\":\"https:\\\/\\\/www.quadexpert.com\\\/wp-content\\\/uploads\\\/Rambo-rampage.jpg\",\"w\":1080,\"h\":1080},{\"src\":\"https:\\\/\\\/www.quadexpert.com\\\/wp-content\\\/uploads\\\/1000-XPFS-Rampage-Angle-2-2.jpg\",\"w\":1000,\"h\":1033},{\"src\":\"https:\\\/\\\/www.quadexpert.com\\\/wp-content\\\/uploads\\\/1000-XPFS-Rampage-Angle-1-2.jpg\",\"w\":1000,\"h\":667},{\"src\":\"https:\\\/\\\/www.quadexpert.com\\\/wp-content\\\/uploads\\\/PromoAds-Payment_RamboRampage.jpg\",\"w\":1080,\"h\":1080}]'>\r\n      <\/div>\r\n\r\n\t\t\t<table class='options-primary'>\n\t<tr class='listing_category_msrp'>\n\t\t<td class='option primary'>PDSF: <\/td>\n\t\t<td class='spec'>$8,500<\/td>\n\t<\/tr>\n\t<tr class='listing_category_color'>\n\t\t<td class='option primary'>Couleur: <\/td>\n\t\t<td class='spec'>Noir<\/td>\n\t<\/tr>\n\t<tr class='listing_category_stock-number'>\n\t\t<td class='option primary'>Num\u00e9ros d'inventaire: <\/td>\n\t\t<td class='spec'>22-00255<\/td>\n\t<\/tr>\n\t<tr class='listing_category_vin-number'>\n\t\t<td class='option primary'>Num\u00e9ro VIN: <\/td>\n\t\t<td class='spec'>RB212623<\/td>\n\t<\/tr>\n<\/table>\n\r\n\t\t\t<div class=\"view-details gradient_button\">\r\n\t\t\t\t<i class='fa fa-plus-circle'><\/i> View Details\t\t\t<\/div>\r\n\r\n\t\t\t<div class=\"clearfix\"><\/div>\r\n\t\t<\/a>\r\n\r\n\t\t\r\n\t\t\t\t<div class=\"price\">\r\n\t\t\t\t\t<div class='original_price'><b>Original Price: <\/b><div class=\"figure\">$8,500<\/div><\/div>\t\t\t\t\t\t<b class=\"current-price\">VentePrix :<\/b>\r\n\t\t\t\t\t\t<div class=\"figure\">\r\n\t\t\t\t\t\t\t$7,000\t\t\t\t\t\t<\/div>\r\n\t\t\t\t\t\t<div class=\"tax\">+*Additional Fees+Taxes<\/div>\n\t\t\t\t<\/div>\r\n\t\t\t\r\n\t\t\r\n\t\t\t<\/div>\r\n<\/div>\r\n<div class=\"clearfix\"><\/div><\/div><\/div><div class=\"col-xl-3 col-lg-3 order-xl-first order-lg-first col-md-12 left-sidebar side-content listing-sidebar\"><div class=\"side-widget padding-bottom-50\"><h3 class=\"side-widget-title margin-bottom-25\">Rechercher dans notre inventaire<\/h3><div class='dropdowns select-form'><div class=\"my-dropdown condition-dropdown max-dropdown\"><label for=\"condition\" class=\"sr-only\"> Conditions<\/label><select id=\"condition\" name=\"condition\" class=\"listing_filter sidebar_widget_filter\" data-sort=\"condition\" data-prefix=\"\" data-label-singular=\"Condition\" data-label-plural=\"Conditions\" data-no-options=\"Aucune option\" aria-hidden=\"true\" data-compare-value=\"=\" multiple=\"true\">\n<option value=''> Conditions<\/option>\n\t<option value='New' data-key='new'>Neuf<\/option>\n<\/select>\n\n<\/div><div class=\"my-dropdown vehicle-type-dropdown max-dropdown\"><label for=\"vehicle-type\" class=\"sr-only\"> Types de v\u00e9hicules<\/label><select id=\"vehicle-type\" name=\"vehicle-type\" class=\"listing_filter sidebar_widget_filter\" data-sort=\"vehicle-type\" data-prefix=\"\" data-label-singular=\"Type de v\u00e9hicule\" data-label-plural=\"Types de v\u00e9hicules\" data-no-options=\"Aucune option\" aria-hidden=\"true\" data-compare-value=\"=\" multiple=\"true\">\n<option value=''> Types de v\u00e9hicules<\/option>\n\t<option value='E-Bikes' data-key='e-bikes'>E-Bikes<\/option>\n<\/select>\n\n<\/div><div class=\"my-dropdown year-dropdown max-dropdown\"><label for=\"yr\" class=\"sr-only\"> Ann\u00e9es<\/label><select id=\"yr\" name=\"yr\" class=\"listing_filter sidebar_widget_filter\" data-sort=\"year\" data-prefix=\"\" data-label-singular=\"Ann\u00e9e\" data-label-plural=\"Ann\u00e9es\" data-no-options=\"Aucune option\" aria-hidden=\"true\" data-compare-value=\"=\" multiple=\"true\">\n<option value=''> Ann\u00e9es<\/option>\n\t<option value='2022' data-key='2022'>2022<\/option>\n<\/select>\n\n<\/div><div class=\"my-dropdown brand-dropdown max-dropdown\"><label for=\"brand\" class=\"sr-only\"> Marques<\/label><select id=\"brand\" name=\"brand\" class=\"listing_filter sidebar_widget_filter\" data-sort=\"brand\" data-prefix=\"\" data-label-singular=\"Marque\" data-label-plural=\"Marques\" data-no-options=\"Aucune option\" aria-hidden=\"true\" data-compare-value=\"=\" multiple=\"true\">\n<option value=''> Marques<\/option>\n\t<option value='K-TRAIL' data-key='k-trail'>K-TRAIL<\/option>\n\t<option value='Karavan' data-key='karavan'>Karavan<\/option>\n\t<option value='Quick Silver' data-key='quick-silver'>Quick Silver<\/option>\n\t<option value='Rambo Bikes' data-key='rambo-bikes'>Rambo Bikes<\/option>\n\t<option value='Smoker Craft' data-key='smoker-craft'>Smoker Craft<\/option>\n\t<option value='SunChaser' data-key='sunchaser'>SunChaser<\/option>\n\t<option value='Trail Master' data-key='trail-master'>Trail Master<\/option>\n\t<option value='Yamaha' data-key='yamaha'>Yamaha<\/option>\n<\/select>\n\n<\/div><\/div><button class='button reset_widget_filter md-button margin-top-10 margin-bottom-none btn-inventory'>Reset Search Filters<\/button><div class='clearfix'><\/div><div class=\"clearfix\"><\/div><\/div><div class=\"side-widget padding-bottom-50\"><div class=\"financing_calculator\" data-currency-symbol=\"$\"><h3 class=\"side-widget-title margin-bottom-25\">Calculateur de financement<\/h3>\t<div class=\"table-responsive\">\r\n\t\t<table class=\"table no-border no-margin\">\r\n\t\t\t<tbody>\r\n\t\t\t<tr>\r\n\t\t\t\t<td>Cost of Vehicle ($):<\/td>\r\n\t\t\t\t<td><input type=\"text\" class=\"number cost\" value=\"10000\"><\/td>\r\n\t\t\t<\/tr>\r\n\t\t\t<tr>\r\n\t\t\t\t<td>Down Payment ($):<\/td>\r\n\t\t\t\t<td><input type=\"text\" class=\"number down_payment\" value=\"1000\"><\/td>\r\n\t\t\t<\/tr>\r\n\t\t\t<tr>\r\n\t\t\t\t<td>Annual Interest Rate (%):<\/td>\r\n\t\t\t\t<td><input type=\"text\" class=\"number interest\" value=\"7\"><\/td>\r\n\t\t\t<\/tr>\r\n\t\t\t<tr>\r\n\t\t\t\t<td>Term of Loan in Years:<\/td>\r\n\t\t\t\t<td><input type=\"text\" class=\"number loan_years\" value=\"5\"><\/td>\r\n\t\t\t<\/tr>\r\n\t\t\t<\/tbody>\r\n\t\t<\/table>\r\n\t<\/div>\r\n\t<div class=\"bi_weekly clearfix\">\r\n\t\t<div class=\"pull-left\">Frequency of Payments:<\/div>\r\n\t\t\t\t<div class=\"styled pull-right\">\r\n\t\t\t<select class=\"frequency css-dropdowns\">\r\n\t\t\t\t<option value='0' selected='selected'>Bihebdomadaire<\/option>\r\n\t\t\t\t<option value='1'>Hebdomadaire<\/option>\r\n\t\t\t\t<option value='2'>Mensuel<\/option>\r\n\t\t\t<\/select>\r\n\t\t<\/div>\r\n\t<\/div>\r\n\t<span class=\"btn-inventory pull-right calculate\">Calculate My Payment<\/span>\r\n\t<div class=\"clear\"><\/div>\r\n\t<div class=\"calculation\">\r\n\t\t<div class=\"table-responsive\">\r\n\t\t\t<table>\r\n\t\t\t\t<tbody><tr>\r\n\t\t\t\t\t<td><strong>NUMBER OF PAYMENTS:<\/strong><\/td>\r\n\t\t\t\t\t<td><strong class=\"payments\">60<\/strong><\/td>\r\n\t\t\t\t<\/tr>\r\n\t\t\t\t<tr>\r\n\t\t\t\t\t<td><strong>PAYMENT AMOUNT:<\/strong><\/td>\r\n\t\t\t\t\t<td><strong class=\"payment_amount\">$ 89.11<\/strong><\/td>\r\n\t\t\t\t<\/tr>\r\n\t\t\t\t<\/tbody><\/table>\r\n\t\t<\/div>\r\n\t<\/div>\r\n\r\n\t<\/div>\r\n<div class=\"clearfix\"><\/div><\/div><\/div><div class=\"col-lg-9 col-md-9 col-sm-12 col-xs-12 pagination_container col-lg-offset-3\">\n\r\n\t\t\t<ul class=\"pagination margin-bottom-none margin-top-25 md-margin-bottom-none bottom_pagination\">\n\t<li data-page='previous' class='disabled previous'><a href='#'><i class='fa fa-angle-left'><\/i><\/a><\/li>\n\t<li data-page='1' class='disabled number active'><a href='#'>1<\/a><\/li>\n\t<li data-page='next' class='disabled next'><a href='#'><i class='fa fa-angle-right'><\/i><\/a><\/li>\n<\/ul>\n<\/div>\n<\/div><div id='autocheck_history_report'><\/div><div class='clearfix'><\/div><div id=\"youtube_video\">\r\n\t\t\t<iframe width=\"560\" height=\"315\" src=\"about:blank\" allowfullscreen style=\"width: 560px; height: 315px; border: 0;\"><\/iframe>\r\n\t\t<\/div>[\/vc_column][\/vc_row]<\/p>\n<\/div>","protected":false},"excerpt":{"rendered":"<p>[vc_row][vc_column][\/vc_column][\/vc_row]<\/p>\n","protected":false},"author":2,"featured_media":0,"parent":0,"menu_order":0,"comment_status":"closed","ping_status":"closed","template":"","meta":{"content-type":"","slim_seo":{"title":"Inventaire des v\u00e9los Rambo - Quad Expert","description":"[vc_row][vc_column] 1 V\u00e9hicule Matching: Condition: Neuf Marque: Rambo Bikes Select View: All Conditions All Conditions Neuf All Types de v\u00e9hicules All Types de"},"footnotes":""},"class_list":["post-29371","page","type-page","status-publish","hentry"],"_links":{"self":[{"href":"https:\/\/www.quadexpert.com\/fr\/wp-json\/wp\/v2\/pages\/29371","targetHints":{"allow":["GET"]}}],"collection":[{"href":"https:\/\/www.quadexpert.com\/fr\/wp-json\/wp\/v2\/pages"}],"about":[{"href":"https:\/\/www.quadexpert.com\/fr\/wp-json\/wp\/v2\/types\/page"}],"author":[{"embeddable":true,"href":"https:\/\/www.quadexpert.com\/fr\/wp-json\/wp\/v2\/users\/2"}],"replies":[{"embeddable":true,"href":"https:\/\/www.quadexpert.com\/fr\/wp-json\/wp\/v2\/comments?post=29371"}],"version-history":[{"count":3,"href":"https:\/\/www.quadexpert.com\/fr\/wp-json\/wp\/v2\/pages\/29371\/revisions"}],"predecessor-version":[{"id":101116,"href":"https:\/\/www.quadexpert.com\/fr\/wp-json\/wp\/v2\/pages\/29371\/revisions\/101116"}],"wp:attachment":[{"href":"https:\/\/www.quadexpert.com\/fr\/wp-json\/wp\/v2\/media?parent=29371"}],"curies":[{"name":"wp","href":"https:\/\/api.w.org\/{rel}","templated":true}]}}