{"id":29350,"date":"2022-02-23T16:33:42","date_gmt":"2022-02-23T21:33:42","guid":{"rendered":"https:\/\/www.quadexpert.com\/financement-facile\/"},"modified":"2022-04-22T16:15:00","modified_gmt":"2022-04-22T20:15:00","slug":"financement-facile","status":"publish","type":"page","link":"https:\/\/www.quadexpert.com\/fr\/financement-facile\/","title":{"rendered":"Financement Facile"},"content":{"rendered":"<div class=\"wpb-content-wrapper\"><p>[vc_section css=\u00a0\u00bb.vc_custom_1575488808737{background-image: url(https:\/\/www.quadexpert.com\/wp-content\/uploads\/1227_Slider-Beta1.jpg?id=20845) !important;}\u00a0\u00bb][vc_row equal_height=\u00a0\u00bbyes\u00a0\u00bb content_placement=\u00a0\u00bbmiddle\u00a0\u00bb bb_tab_container=\u00a0\u00bb\u00a0\u00bb][vc_column width=\u00a0\u00bb2\/3&Prime;][vc_column_text]<\/p>\n<h3>FINANCEMENT QUAD EXPERT<\/h3>\n<p>[\/vc_column_text][vc_column_text]Nous sommes l\u00e0 pour vous offrir les meilleures solutions de financement pour l&rsquo;achat de votre v\u00e9hicule de sports motoris\u00e9s neuf ou d&rsquo;occasion ; VTT, moto, motoneige ou UTV !<\/p>\n<p>Le processus de demande est tr\u00e8s simple :<br \/>\n<ul class='shortcode type-arrows '><\/p>\n<ul>\n<li>Apportez deux pi\u00e8ces d&rsquo;identit\u00e9 (permis de conduire, carte de cr\u00e9dit ou de d\u00e9bit, certificat de naissance ou passeport).<\/li>\n<li>Apportez un sp\u00e9cimen de ch\u00e8que. Assurez-vous que votre nom et votre adresse sont imprim\u00e9s dessus.<\/li>\n<li>Compl\u00e9tez la demande de pr\u00eat<\/li>\n<li>C&rsquo;est tout! Notre sp\u00e9cialiste en pr\u00eat vous r\u00e9pondra avec approbation.<\/ul><\/li>\n<\/ul>\n<p>Saviez-vous que nous pouvons ajouter des accessoires, les garanties et les assurances \u00e0 l&rsquo;offre de financement de votre v\u00e9hicule ? Obtenez tout d&rsquo;un coup ! Pourquoi ne pas vous offrir un nouveau casque, une pelle pour VTT, encore mieux un ensemble de chenilles, un pneu,&#8230; le ciel est la limite ! Vous nous dites quels extras vous aimeriez et nous y arriverons!<\/p>\n<p>Vous ne savez pas si vous seriez admissible \u00e0 un financement? Nous sommes l\u00e0 pour vous ! Nous travaillons dur pour vous faire approuver aux meilleurs tarifs et conditions possibles! Il nous fait toujours plaisir de nous asseoir avec vous et de d\u00e9couvrir quel v\u00e9hicule correspond \u00e0 votre budget ! Qu&rsquo;attendez-vous ? Veuillez nous contacter pour plus d&rsquo;informations.<\/p>\n<h3 style=\"text-align: center;\">Nous finan\u00e7ons toutes les marques et tous les mod\u00e8les.<\/h3>\n<p>[\/vc_column_text][\/vc_column][vc_column width=\u00a0\u00bb1\/3&Prime; css=\u00a0\u00bb.vc_custom_1632428219456{background-color: #dd3333 !important;}\u00a0\u00bb bb_tab_container=\u00a0\u00bb\u00a0\u00bb][vc_text_separator title=\u00a0\u00bbSIMPLE\u00a0\u00bb color=\u00a0\u00bbwhite\u00a0\u00bb el_class=\u00a0\u00bbfinance-sep-text\u00a0\u00bb bb_tab_container=\u00a0\u00bb\u00a0\u00bb][vc_column_text bb_tab_container=\u00a0\u00bb\u00a0\u00bb]<\/p>\n<h2><span style=\"color: #ffffff;\">SOLUTION DE FINANCEMENT<\/span><\/h2>\n<p>[\/vc_column_text][vc_column_text bb_tab_container=\u00a0\u00bb\u00a0\u00bb el_class=\u00a0\u00bbfinance-list\u00a0\u00bb]<ul class='shortcode type-arrows '><\/p>\n<ul>\n<li><span style=\"color: #ffffff;\">V\u00e9hicules de sport motoris\u00e9s neufs et d&rsquo;occasion<\/span><\/li>\n<li><span style=\"color: #ffffff;\">VTT, UTV, motos et plus<\/span><\/li>\n<li><span style=\"color: #ffffff;\">Taux de financement comp\u00e9titifs<\/span><\/li>\n<li><span style=\"color: #ffffff;\">Processus de demande simple<\/span><\/li>\n<li><span style=\"color: #ffffff;\">Approbations le m\u00eame jour<\/span><\/li>\n<li><span style=\"color: #ffffff;\">Financement sur les Accessoires &amp; Garanties<\/span><\/li>\n<li><span style=\"color: #ffffff;\">Agents financiers bien inform\u00e9s<\/span><\/li>\n<\/ul>\n<p><\/ul>[\/vc_column_text][\/vc_column][\/vc_row][\/vc_section][vc_section css=\u00a0\u00bb.vc_custom_1489724457515{margin-top: 20px !important;margin-bottom: 20px !important;}\u00a0\u00bb bb_tab_container=\u00a0\u00bb\u00a0\u00bb][vc_row][vc_column][vc_separator][\/vc_column][\/vc_row][vc_row][vc_column width=\u00a0\u00bb1\/3&Prime;][vc_single_image image=\u00a0\u00bb28570&Prime; img_size=\u00a0\u00bbLarge\u00a0\u00bb onclick=\u00a0\u00bbcustom_link\u00a0\u00bb link=\u00a0\u00bbhttps:%2F%2Fwww.yamaha-motor.ca%2Fen%2Fyamaha-financial-services|\u00a0\u00bb][vc_btn title=\u00a0\u00bbVas-y. R\u00eave.\u00a0\u00bb style=\u00a0\u00bboutline\u00a0\u00bb color=\u00a0\u00bbinverse\u00a0\u00bb align=\u00a0\u00bbcenter\u00a0\u00bb link=\u00a0\u00bburl:https%3A%2F%2Fwww.yamaha-motor.ca%2Fen%2Fyamaha-financial-services|target:_blank|\u00a0\u00bb][\/vc_column][vc_column width=\u00a0\u00bb2\/3&Prime;][vc_column_text]<\/p>\n<div class=\"widget-section-heading\">\n<div class=\"align-left\">\n<h3 class=\"subheader\">LA PASSION DE LA PERFORMANCE<\/h3>\n<h2 class=\"header\">\u00c0 VOTRE \u00c9COUTE<\/h2>\n<div class=\"spacer\"><\/div>\n<\/div>\n<\/div>\n<div class=\"banner-text\">Yamaha Financial Services s&rsquo;engage \u00e0 offrir une exp\u00e9rience client de haute qualit\u00e9, et nous aimerions avoir de vos nouvelles si vous avez des questions ou des pr\u00e9occupations. Nos solutions de financement sont disponibles chez la plupart des concessionnaires Yamaha et via notre site Web. Nous offrons des tarifs et des conditions comp\u00e9titifs. \u00c0 Votre \u00c9coute!<\/div>\n<p>[\/vc_column_text][\/vc_column][\/vc_row][\/vc_section]<\/p>\n<\/div>","protected":false},"excerpt":{"rendered":"<p>[vc_section css=\u00a0\u00bb.vc_custom_1575488808737{background-image: url(https:\/\/www.quadexpert.com\/wp-content\/uploads\/1227_Slider-Beta1.jpg?id=20845) !important;}\u00a0\u00bb][vc_row equal_height=\u00a0\u00bbyes\u00a0\u00bb content_placement=\u00a0\u00bbmiddle\u00a0\u00bb bb_tab_container=\u00a0\u00bb\u00a0\u00bb][vc_column width=\u00a0\u00bb2\/3&#8230;<\/p>\n","protected":false},"author":2,"featured_media":0,"parent":0,"menu_order":0,"comment_status":"closed","ping_status":"closed","template":"","meta":{"content-type":"","slim_seo":{"title":"Financement Facile - Quad Expert","description":"[vc_section css=\".vc_custom_1575488808737{background-image: url(https:\/\/www.quadexpert.com\/wp-content\/uploads\/1227_Slider-Beta1.jpg?id=20845) !important;}\"][vc_"},"footnotes":""},"class_list":["post-29350","page","type-page","status-publish","hentry"],"_links":{"self":[{"href":"https:\/\/www.quadexpert.com\/fr\/wp-json\/wp\/v2\/pages\/29350","targetHints":{"allow":["GET"]}}],"collection":[{"href":"https:\/\/www.quadexpert.com\/fr\/wp-json\/wp\/v2\/pages"}],"about":[{"href":"https:\/\/www.quadexpert.com\/fr\/wp-json\/wp\/v2\/types\/page"}],"author":[{"embeddable":true,"href":"https:\/\/www.quadexpert.com\/fr\/wp-json\/wp\/v2\/users\/2"}],"replies":[{"embeddable":true,"href":"https:\/\/www.quadexpert.com\/fr\/wp-json\/wp\/v2\/comments?post=29350"}],"version-history":[{"count":5,"href":"https:\/\/www.quadexpert.com\/fr\/wp-json\/wp\/v2\/pages\/29350\/revisions"}],"predecessor-version":[{"id":61794,"href":"https:\/\/www.quadexpert.com\/fr\/wp-json\/wp\/v2\/pages\/29350\/revisions\/61794"}],"wp:attachment":[{"href":"https:\/\/www.quadexpert.com\/fr\/wp-json\/wp\/v2\/media?parent=29350"}],"curies":[{"name":"wp","href":"https:\/\/api.w.org\/{rel}","templated":true}]}}