{"id":29279,"date":"2022-02-23T16:31:50","date_gmt":"2022-02-23T21:31:50","guid":{"rendered":"https:\/\/www.quadexpert.com\/contactez-nous\/"},"modified":"2026-03-26T16:40:33","modified_gmt":"2026-03-26T20:40:33","slug":"contactez-nous-2","status":"publish","type":"page","link":"https:\/\/www.quadexpert.com\/fr\/contactez-nous-2\/","title":{"rendered":"Contactez-nous"},"content":{"rendered":"<div class=\"wpb-content-wrapper\"><p>[vc_section][vc_row][vc_column width=\u00a0\u00bb1\/2&Prime;][vc_column_text]<\/p>\n<h3>INFORMATIONS DE CONTACT<\/h3>\n<p>[\/vc_column_text][vc_column_text]<i class=\"fa fa-map-marker-alt\"><\/i><strong> Adresse:<\/strong> 457 Russell Rd, Hammond, Ontario K0A 2A0<br \/>\n<i class=\"fa fa-phone\"><\/i><strong>\u00a0T\u00e9l\u00e9phone:<\/strong> <a title=\"Call 16134877823 with 3CX Web Client\" href=\"https:\/\/192.168.1.128:5001\/webclient\/#\/call?phone=16134877823\" target=\"_blank\" rel=\"noopener noreferrer\">1-613-487-7823<\/a><br \/>\n<i class=\"fa fa-sms\"><\/i><strong>\u00a0Texto:<\/strong> Text us <a href=\"sms:6135193951\">613-519-3951<\/a><br \/>\n<i class=\"fa fa-fax\"><\/i><strong> Fax:<\/strong> <a title=\"Call 6134877824 with 3CX Web Client\" href=\"https:\/\/192.168.1.128:5001\/webclient\/#\/call?phone=6134877824\" target=\"_blank\" rel=\"noopener noreferrer\">613-487-7824<\/a><br \/>\n<i class=\"fa fa-envelope\"><\/i><strong> D\u00e9partement des pi\u00e8ces:<\/strong> <a href=\"mailto:parts@quadexpert.com\">parts@quadexpert.com<\/a><br \/>\n<i class=\"fa fa-envelope\"><\/i><strong> D\u00e9partement des services:<\/strong> <a href=\"mailto:service@quadexpert.com\">service@quadexpert.com<\/a><br \/>\n<i class=\"fa fa-envelope\"><\/i><strong> D\u00e9partement des ventes:<\/strong> <a href=\"mailto:parts@quadexpert.com\">sales@quadexpert.com<\/a>[\/vc_column_text][vc_column_text css=\u00a0\u00bb\u00a0\u00bb]<\/p>\n<h3>HEURES D&rsquo;OP\u00c9RATION<\/h3>\n<p>[\/vc_column_text][vc_column_text]<strong>D\u00e9partment des Ventes<br \/>\n<\/strong>Lun : 8h30 \u00e0 18h<br \/>\nMar : 8h30 \u00e0 17h<br \/>\nMer : 8h30 \u00e0 17h<br \/>\nJeu : 8h30 \u00e0 18h<br \/>\nVen : 8h30 \u00e0 17h<br \/>\nSam : 9h \u00e0 13h<br \/>\nDim : Partie faire un tour de machine![\/vc_column_text][vc_column_text]<strong>D\u00e9partment des Service<br \/>\n<\/strong>Lun : 8h30 \u00e0 18h<br \/>\nMar : 8h30 \u00e0 17h<br \/>\nMer : 8h30 \u00e0 17h<br \/>\nJeu : 8h30 \u00e0 18h<br \/>\nVen : 8h30 \u00e0 17h<br \/>\nSam : Service Fermer<br \/>\nDim : Partie faire un tour de machine![\/vc_column_text][\/vc_column][vc_column width=\u00a0\u00bb1\/2&Prime;][vc_column_text]<br \/>\nFORMULAIRE DE CONTACT<br \/>\n[\/vc_column_text][vc_column_text]<div class=\"forminator-ui forminator-custom-form forminator-custom-form-27199 forminator-design--flat  forminator_ajax\" data-forminator-render=\"0\" data-form=\"forminator-module-27199\" data-uid=\"6a020cca7ecd0\"><br\/><\/div><form\n\t\t\t\tid=\"forminator-module-27199\"\n\t\t\t\tclass=\"forminator-ui forminator-custom-form forminator-custom-form-27199 forminator-design--flat  forminator_ajax\"\n\t\t\t\tmethod=\"post\"\n\t\t\t\tdata-forminator-render=\"0\"\n\t\t\t\tdata-form-id=\"27199\"\n\t\t\t\t data-color-option=\"default\" data-design=\"flat\" data-grid=\"open\" style=\"display: none;\"\n\t\t\t\tdata-uid=\"6a020cca7ecd0\"\n\t\t\t><div role=\"alert\" aria-live=\"polite\" class=\"forminator-response-message forminator-error\" aria-hidden=\"true\"><\/div><div class=\"forminator-row\"><div id=\"name-1\" class=\"forminator-field-name forminator-col forminator-col-12 \"><div class=\"forminator-field\"><label for=\"forminator-field-name-1_6a020cca7ecd0\" id=\"forminator-field-name-1_6a020cca7ecd0-label\" class=\"forminator-label\">Nom Complet <span class=\"forminator-required\">*<\/span><\/label><input type=\"text\" name=\"name-1\" value=\"\" placeholder=\"E.g. John Brown\" id=\"forminator-field-name-1_6a020cca7ecd0\" class=\"forminator-input forminator-name--field\" aria-required=\"true\" autocomplete=\"name\" \/><\/div><\/div><\/div><div class=\"forminator-row\"><div id=\"phone-1\" class=\"forminator-field-phone forminator-col forminator-col-6 \"><div class=\"forminator-field\"><label for=\"forminator-field-phone-1_6a020cca7ecd0\" id=\"forminator-field-phone-1_6a020cca7ecd0-label\" class=\"forminator-label\">Num\u00e9ro T\u00e9l\u00e9phone <span class=\"forminator-required\">*<\/span><\/label><input type=\"text\" name=\"phone-1\" value=\"\" placeholder=\"E.g. +1 613-400-5000\" id=\"forminator-field-phone-1_6a020cca7ecd0\" class=\"forminator-input forminator-field--phone\" data-required=\"1\" aria-required=\"true\" autocomplete=\"off\" \/><\/div><\/div><div id=\"email-1\" class=\"forminator-field-email forminator-col forminator-col-6 \"><div class=\"forminator-field\"><label for=\"forminator-field-email-1_6a020cca7ecd0\" id=\"forminator-field-email-1_6a020cca7ecd0-label\" class=\"forminator-label\">Courriel <span class=\"forminator-required\">*<\/span><\/label><input type=\"email\" name=\"email-1\" value=\"\" placeholder=\"E.g. john@doe.com\" id=\"forminator-field-email-1_6a020cca7ecd0\" class=\"forminator-input forminator-email--field\" data-required=\"true\" aria-required=\"true\" autocomplete=\"email\" \/><\/div><\/div><\/div><div class=\"forminator-row\"><div id=\"textarea-1\" class=\"forminator-field-textarea forminator-col forminator-col-12 \"><div class=\"forminator-field\"><label for=\"forminator-field-textarea-1_6a020cca7ecd0\" id=\"forminator-field-textarea-1_6a020cca7ecd0-label\" class=\"forminator-label\">Message<\/label><textarea name=\"textarea-1\" placeholder=\"Entrez votre message...\" id=\"forminator-field-textarea-1_6a020cca7ecd0\" class=\"forminator-textarea\" rows=\"6\" style=\"--forminator-textarea-min-height:140px;\" ><\/textarea><span id=\"forminator-field-textarea-1_6a020cca7ecd0-description\" class=\"forminator-description\"><span data-limit=\"999\" data-type=\"words\" data-editor=\"\">0 \/ 999<\/span><\/span><\/div><\/div><\/div><input type=\"hidden\" name=\"referer_url\" value=\"\" \/><div class=\"forminator-row forminator-row-last\"><div class=\"forminator-col\"><div class=\"forminator-field\"><button class=\"forminator-button forminator-button-submit\">Envoyer le message<\/button><\/div><\/div><\/div><input type=\"hidden\" id=\"forminator_nonce\" name=\"forminator_nonce\" value=\"5c53059dd5\" \/><input type=\"hidden\" name=\"_wp_http_referer\" value=\"\/fr\/wp-json\/wp\/v2\/pages\/29279\" \/><input type=\"hidden\" name=\"form_id\" value=\"27199\"><input type=\"hidden\" name=\"page_id\" value=\"29279\"><input type=\"hidden\" name=\"form_type\" value=\"default\"><input type=\"hidden\" name=\"current_url\" value=\"https:\/\/www.quadexpert.com\/fr\/contactez-nous-2\/\"><input type=\"hidden\" name=\"render_id\" value=\"0\"><input type=\"hidden\" name=\"action\" value=\"forminator_submit_form_custom-forms\"><\/form>[\/vc_column_text][\/vc_column][\/vc_row][\/vc_section][vc_row][vc_column][vc_column_text]<\/p>\n<h3 style=\"text-align: center;\"><strong><br \/>\nDemande de pi\u00e8ces<\/strong><\/h3>\n<p>[\/vc_column_text][\/vc_column][\/vc_row][vc_row full_width=\u00a0\u00bbstretch_row_content_no_spaces\u00a0\u00bb css=\u00a0\u00bb.vc_custom_1541539566170{margin-top: 20px !important;padding-top: 20px !important;}\u00a0\u00bb][vc_column][vc_column_text css=\u00a0\u00bb\u00a0\u00bb]<\/p>\n<p style=\"text-align: center;\">Obtenez la direction en cliquant <a href=\"https:\/\/www.google.com\/maps\/dir\/\/Quad+Expert,+Russell+Rd,+ON,+Canada\/@45.409553,-75.249867,17z\/data=!4m8!4m7!1m0!1m5!1m1!1s0x4cce6ffb16020ff7:0x3770bcc46dfc38fc!2m2!1d-75.249867!2d45.409553\" target=\"_blank\" rel=\"noopener noreferrer\">ICI<\/a><br \/>\n<span id=\"inserted5871\"><\/span><span id=\"inserted1033\"><span id=\"inserted5871\"><\/span><\/span><span id=\"inserted2511\"> Veuillez prendre note que nous sommes situ\u00e9s \u00e0 Hammond, ON. Certains GPS indiquent Clarence-Rockland, Bourget et Cheney.<\/span><\/p>\n<p>[\/vc_column_text][vc_gmaps link=\u00a0\u00bb#E-8_JTNDaWZyYW1lJTIwc3JjJTNEJTIyaHR0cHMlM0ElMkYlMkZ3d3cuZ29vZ2xlLmNvbSUyRm1hcHMlMkZlbWJlZCUzRnBiJTNEJTIxMW0xOCUyMTFtMTIlMjExbTMlMjExZDI4MDAuOTg3MTExMjg0NzE0JTIxMmQtNzUuMjUyMTYwODg0NDQ0MzUlMjEzZDQ1LjQwOTU5OTQ3OTEwMDMxJTIxMm0zJTIxMWYwJTIxMmYwJTIxM2YwJTIxM20yJTIxMWkxMDI0JTIxMmk3NjglMjE0ZjEzLjElMjEzbTMlMjExbTIlMjExczB4MCUyNTNBMHgzNzcwYmNjNDZkZmMzOGZjJTIxMnNRdWFkJTI1MjBFeHBlcnQlMjE1ZTAlMjEzbTIlMjExc2ZyJTIxMnNjYSUyMTR2MTU3MzY2MTQ2NTAwNCUyMTVtMiUyMTFzZnIlMjEyc2NhJTIyJTIwd2lkdGglM0QlMjI2MDAlMjIlMjBoZWlnaHQlM0QlMjI0NTAlMjIlMjBmcmFtZWJvcmRlciUzRCUyMjAlMjIlMjBzdHlsZSUzRCUyMmJvcmRlciUzQTAlM0IlMjIlMjBhbGxvd2Z1bGxzY3JlZW4lM0QlMjIlMjIlM0UlM0MlMkZpZnJhbWUlM0U=\u00a0\u00bb][\/vc_column][\/vc_row]<\/p>\n<\/div>","protected":false},"excerpt":{"rendered":"<p>[vc_section][vc_row][vc_column width=\u00a0\u00bb1\/2&Prime;][vc_column_text]<\/p>\n<h3>COORDONN\u00c9ES<\/h3>\n<p>[\/vc_column_text][vc_column_text]<i class=\"fa fa-map-marker-alt\"><\/i> <strong> Adresse:<\/strong> 457 Chemin Russell, Hammond, Ontario K0A 2A0<br \/>\n<i class=\"fa fa-phone...&lt;\/div&gt;\"><\/i><\/p>\n","protected":false},"author":2,"featured_media":0,"parent":0,"menu_order":0,"comment_status":"closed","ping_status":"closed","template":"","meta":{"content-type":"","slim_seo":{"title":"Contactez-nous - Quad Expert","description":"[vc_section][vc_row][vc_column width=\"1\/2\"][vc_column_text] COORDONN\u00c9ES [\/vc_column_text][vc_column_text] Adresse: 457 Chemin Russell, Hammond, Ontario K0A 2A0"},"footnotes":""},"class_list":["post-29279","page","type-page","status-publish","hentry"],"_links":{"self":[{"href":"https:\/\/www.quadexpert.com\/fr\/wp-json\/wp\/v2\/pages\/29279","targetHints":{"allow":["GET"]}}],"collection":[{"href":"https:\/\/www.quadexpert.com\/fr\/wp-json\/wp\/v2\/pages"}],"about":[{"href":"https:\/\/www.quadexpert.com\/fr\/wp-json\/wp\/v2\/types\/page"}],"author":[{"embeddable":true,"href":"https:\/\/www.quadexpert.com\/fr\/wp-json\/wp\/v2\/users\/2"}],"replies":[{"embeddable":true,"href":"https:\/\/www.quadexpert.com\/fr\/wp-json\/wp\/v2\/comments?post=29279"}],"version-history":[{"count":11,"href":"https:\/\/www.quadexpert.com\/fr\/wp-json\/wp\/v2\/pages\/29279\/revisions"}],"predecessor-version":[{"id":143304,"href":"https:\/\/www.quadexpert.com\/fr\/wp-json\/wp\/v2\/pages\/29279\/revisions\/143304"}],"wp:attachment":[{"href":"https:\/\/www.quadexpert.com\/fr\/wp-json\/wp\/v2\/media?parent=29279"}],"curies":[{"name":"wp","href":"https:\/\/api.w.org\/{rel}","templated":true}]}}