{"id":133425,"date":"2024-10-30T13:13:38","date_gmt":"2024-10-30T17:13:38","guid":{"rendered":"https:\/\/www.quadexpert.com\/?page_id=133425"},"modified":"2024-10-30T13:13:38","modified_gmt":"2024-10-30T17:13:38","slug":"politique-de-remboursement-et-de-retour","status":"publish","type":"page","link":"https:\/\/www.quadexpert.com\/fr\/politique-de-remboursement-et-de-retour\/","title":{"rendered":"Politique de remboursement et de retour"},"content":{"rendered":"<p>POLITIQUE DE RETOUR<br \/>\nBienvenue chez Quadexpert, nous appr\u00e9cions votre confiance et nous nous engageons \u00e0 fournir des produits de haute qualit\u00e9. Veuillez lire attentivement notre politique de retour, qui fait partie de nos conditions g\u00e9n\u00e9rales.<\/p>\n<p>Politique de retour:<\/p>\n<p>\u2013 Frais de restockage de 25 % : Tous les retours sont soumis \u00e0 des frais de restockage de 25 %.<br \/>\n\u2013 Aucun retour \u00e9lectrique : les articles \u00e9lectriques sont une vente finale et ne peuvent pas \u00eatre retourn\u00e9s.<br \/>\n\u2013 D\u00e9lai : les articles doivent \u00eatre retourn\u00e9s dans les 10 jours suivant la r\u00e9ception de la commande.<br \/>\n\u2013 Condition : les articles doivent \u00eatre dans leur \u00e9tat d\u2019origine et non utilis\u00e9s avec tous les emballages.<br \/>\n\u2013 Processus : contactez-nous pour obtenir un num\u00e9ro d&rsquo;autorisation de retour (RAN), joignez votre re\u00e7u et renvoyez l&rsquo;article dans son emballage d&rsquo;origine.<br \/>\n\u2013 Remboursements : les remboursements, moins les frais de r\u00e9approvisionnement, seront trait\u00e9s selon le mode de paiement d&rsquo;origine apr\u00e8s inspection de l&rsquo;article.<\/p>\n<p>Pour toute question, veuillez contacter notre service client.<\/p>\n<p>Merci d&rsquo;avoir compris et d&rsquo;adh\u00e9rer \u00e0 notre politique de retour. Nous appr\u00e9cions votre confiance et sommes impatients de vous servir \u00e0 nouveau chez Quadexpert<\/p>\n<p>Notre adresse postale :<\/p>\n<div>Quadexpert<\/div>\n<div>457 Russell Rd<\/div>\n<div>Hammond On<\/div>\n<div>K0A2A0<\/div>\n<div>613-487-7823<\/div>\n","protected":false},"excerpt":{"rendered":"<p>POLITIQUE DE RETOUR<br \/> Bienvenue chez Quadexpert, nous appr\u00e9cions votre confiance et nous nous engageons \u00e0 fournir des produits de haute qualit\u00e9. Veuillez lire attentivement notre politique de retour, qui fait partie de nos conditions g\u00e9n\u00e9rales.<\/p>\n<p>Politique de retour:<\/p>\n<p>\u2013 Frais de restockage de 25 % : Tous les retours sont soumis \u00e0 des frais de restockage de 25 %.<br \/> \u2013 Aucun retour \u00e9lectrique : les articles \u00e9lectriques sont une vente finale et ne peuvent pas \u00eatre retourn\u00e9s.<br \/> \u2013 D\u00e9lai : les articles doivent \u00eatre retourn\u00e9s dans les 10 jours suivant la r\u00e9ception de la commande.<br \/> \u2013 Condition : les articles doivent \u00eatre dans leur \u00e9tat d\u2019origine et non utilis\u00e9s avec tous les emballages.<br \/> \u2013 Processus : contactez-nous pour obtenir un num\u00e9ro d&rsquo;autorisation de retour (RAN), joignez votre re\u00e7u et renvoyez l&rsquo;article dans son emballage d&rsquo;origine.<br \/> \u2013 Remboursements : les remboursements, moins les frais de r\u00e9approvisionnement, seront trait\u00e9s selon le [&#8230;]<\/p>\n","protected":false},"author":55,"featured_media":0,"parent":0,"menu_order":0,"comment_status":"closed","ping_status":"closed","template":"","meta":{"content-type":"","slim_seo":{"title":"Politique de remboursement et de retour - Quad Expert","description":"POLITIQUE DE RETOUR Bienvenue chez Quadexpert, nous appr\u00e9cions votre confiance et nous nous engageons \u00e0 fournir des produits de haute qualit\u00e9. Veuillez lire att"},"footnotes":""},"class_list":["post-133425","page","type-page","status-publish","hentry"],"_links":{"self":[{"href":"https:\/\/www.quadexpert.com\/fr\/wp-json\/wp\/v2\/pages\/133425","targetHints":{"allow":["GET"]}}],"collection":[{"href":"https:\/\/www.quadexpert.com\/fr\/wp-json\/wp\/v2\/pages"}],"about":[{"href":"https:\/\/www.quadexpert.com\/fr\/wp-json\/wp\/v2\/types\/page"}],"author":[{"embeddable":true,"href":"https:\/\/www.quadexpert.com\/fr\/wp-json\/wp\/v2\/users\/55"}],"replies":[{"embeddable":true,"href":"https:\/\/www.quadexpert.com\/fr\/wp-json\/wp\/v2\/comments?post=133425"}],"version-history":[{"count":1,"href":"https:\/\/www.quadexpert.com\/fr\/wp-json\/wp\/v2\/pages\/133425\/revisions"}],"predecessor-version":[{"id":133430,"href":"https:\/\/www.quadexpert.com\/fr\/wp-json\/wp\/v2\/pages\/133425\/revisions\/133430"}],"wp:attachment":[{"href":"https:\/\/www.quadexpert.com\/fr\/wp-json\/wp\/v2\/media?parent=133425"}],"curies":[{"name":"wp","href":"https:\/\/api.w.org\/{rel}","templated":true}]}}