{"id":125460,"date":"2023-08-18T15:11:19","date_gmt":"2023-08-18T19:11:19","guid":{"rendered":"https:\/\/www.quadexpert.com\/?page_id=125460"},"modified":"2023-08-18T15:31:52","modified_gmt":"2023-08-18T19:31:52","slug":"scooters","status":"publish","type":"page","link":"https:\/\/www.quadexpert.com\/fr\/yamaha-showroom\/scooters\/","title":{"rendered":"Scooters"},"content":{"rendered":"<div class=\"wpb-content-wrapper\"><p>[vc_row][vc_column][vc_column_text]<\/p>\n<h3 style=\"text-align: center;\">Salle de montre Yamaha Scooters<\/h3>\n<p style=\"text-align: center;\">Soyez le premier \u00e0 avoir les derniers mod\u00e8les de scooters<br \/>\nVisit\u00e9 le site de\u00a0<a href=\"https:\/\/www.yamaha-motor.ca\/en\">Yamaha Motor Canada<\/a>\u00a0pour voir toute la ligne de produit offert.<\/p>\n<p style=\"text-align: center;\">*Toutes les unit\u00e9s de la salle d&rsquo;exposition sont ce que Yamaha a \u00e0 offrir, cela ne refl\u00e8te pas l\u2019inventaire des unit\u00e9s \u00e0 Quad Expert. Veuillez utiliser notre menu principal ou appelez-nous pour plus de d\u00e9tails*<\/p>\n<p>[\/vc_column_text]<div class='button-center-align'> <a href='https:\/\/www.quadexpert.com\/fr\/yamaha-showroom\/' target='_self' ><button class=' button  '>Retour \u00e0 la salle de montre<\/button><\/a><\/div>        <script>var inventoryCurrentFilters = {\"condition\":{\"singular\":\"Condition\",\"data\":{\"new\":\"New\"}},\"vehicle-type\":{\"singular\":\"Vehicle Type\",\"data\":{\"scooter\":\"Scooter\"}},\"showroom\":{\"singular\":\"Showroom\",\"data\":{\"yes\":\"Yes\"}}};<\/script>\n<div class=\"listing-view margin-bottom-20\" data-selected-categories='{\"condition\":\"new\",\"vehicle-type\":\"scooter\",\"showroom\":\"yes\"}'>\n<div class=\"row\">\n<div class=\"col-lg-8 col-md-6 col-sm-6 col-xs-12 padding-none\">\n<span class=\"ribbon\" style=\"display: none;\"><strong><span class=\"number_of_listings\">2<\/span> <span class=\"listings_grammar\">V\u00e9hicules<\/span> Matching:<\/strong><\/span>\n<ul class=\"ribbon-item filter margin-bottom-none\" data-all-listings=\"Toutes les annonces\" style=\"display: none;\">\n\t<li data-type='condition'><a href=''><i class='fa fa-times-circle'><\/i> Condition:  <span data-key='new'>Neuf<\/span><\/a><\/li>\n\t<li data-type='vehicle-type'><a href=''><i class='fa fa-times-circle'><\/i> Type de v\u00e9hicule:  <span data-key='scooter'>Scooter<\/span><\/a><\/li>\n\t<li data-type='showroom'><a href=''><i class='fa fa-times-circle'><\/i> Showroom:  <span data-key='yes'>Oui<\/span><\/a><\/li>\n<\/ul>\n<\/div>\n<div class=\"col-lg-4 col-md-6 col-sm-6 col-xs-12 pull-right select_view padding-none\" data-layout=\"boxed_fullwidth\"><\/div>\n<\/div>\n<\/div>\n<div class=\"clearfix\"><\/div>\r\n<form method=\"post\" action=\"#\" class=\"listing_sort\">\r\n\t<div class=\"select-wrapper listing_select clearfix margin-bottom-15\"\tstyle='display: none;'>\r\n\t\t<div class=\"my-dropdown condition-dropdown\"><label for=\"condition\" class=\"sr-only\">All Conditions<\/label><select id=\"condition\" name=\"condition\" class=\"listing_filter\" data-sort=\"condition\" data-prefix=\"All\" data-label-singular=\"Condition\" data-label-plural=\"Conditions\" data-no-options=\"Aucune option\" aria-hidden=\"true\" data-compare-value=\"=\" multiple=\"true\">\n<option value=''>All Conditions<\/option>\n\t<option value='New'selected='selected' data-key='new'>Neuf<\/option>\n<\/select>\n\n<\/div><div class=\"my-dropdown vehicle-type-dropdown\"><label for=\"vehicle-type\" class=\"sr-only\">All Types de v\u00e9hicules<\/label><select id=\"vehicle-type\" name=\"vehicle-type\" class=\"listing_filter\" data-sort=\"vehicle-type\" data-prefix=\"All\" data-label-singular=\"Type de v\u00e9hicule\" data-label-plural=\"Types de v\u00e9hicules\" data-no-options=\"Aucune option\" aria-hidden=\"true\" data-compare-value=\"=\" multiple=\"true\">\n<option value=''>All Types de v\u00e9hicules<\/option>\n\t<option value='ATVs' data-key='atvs'>ATVs<\/option>\n\t<option value='E-Bikes' data-key='e-bikes'>E-Bikes<\/option>\n\t<option value='Generators &amp; Inverters' data-key='generators-inverters'>Generators &amp; Inverters<\/option>\n\t<option value='Motorcycle Off-Roads' data-key='motorcycle-off-roads'>Motorcycle Off-Roads<\/option>\n\t<option value='Motorcycle Streets' data-key='motorcycle-streets'>Motorcycle Streets<\/option>\n\t<option value='Outboard Motors' data-key='outboard-motors'>Outboard Motors<\/option>\n\t<option value='Pumps &amp; Pressure Washers' data-key='pumps-pressure-washers'>Pumps &amp; Pressure Washers<\/option>\n\t<option value='Scooter'selected='selected' data-key='scooter'>Scooter<\/option>\n\t<option value='Side by Side' data-key='side-by-side'>C&ocirc;te &agrave; C&ocirc;te<\/option>\n\t<option value='Snowblowers' data-key='snowblowers'>Snowblowers<\/option>\n\t<option value='Snowmobiles' data-key='snowmobiles'>Snowmobiles<\/option>\n<\/select>\n\n<\/div><div class=\"my-dropdown year-dropdown\"><label for=\"yr\" class=\"sr-only\">All Ann\u00e9es<\/label><select id=\"yr\" name=\"yr\" class=\"listing_filter\" data-sort=\"year\" data-prefix=\"All\" data-label-singular=\"Ann\u00e9e\" data-label-plural=\"Ann\u00e9es\" data-no-options=\"Aucune option\" aria-hidden=\"true\" data-compare-value=\"=\" multiple=\"true\">\n<option value=''>All Ann\u00e9es<\/option>\n\t<option value='2023' data-key='2023'>2023<\/option>\n<\/select>\n\n<\/div><div class=\"my-dropdown brand-dropdown\"><label for=\"brand\" class=\"sr-only\">All Marques<\/label><select id=\"brand\" name=\"brand\" class=\"listing_filter\" data-sort=\"brand\" data-prefix=\"All\" data-label-singular=\"Marque\" data-label-plural=\"Marques\" data-no-options=\"Aucune option\" aria-hidden=\"true\" data-compare-value=\"=\" multiple=\"true\">\n<option value=''>All Marques<\/option>\n\t<option value='Yamaha' data-key='yamaha'>Yamaha<\/option>\n<\/select>\n\n<\/div><div class=\"my-dropdown showroom-dropdown\"><label for=\"showroom\" class=\"sr-only\">All Showrooms<\/label><select id=\"showroom\" name=\"showroom\" class=\"listing_filter\" data-sort=\"showroom\" data-prefix=\"All\" data-label-singular=\"Showroom\" data-label-plural=\"Showrooms\" data-no-options=\"Aucune option\" aria-hidden=\"true\" data-compare-value=\"=\" multiple=\"true\">\n<option value=''>All Showrooms<\/option>\n\t<option value='Yes'selected='selected' data-key='yes'>Oui<\/option>\n<\/select>\n\n<\/div>\r\n\t\t<div class=\"loading_results\">\r\n\t\t\t<i class=\"fa fa-circle-o-notch fa-spin\"><\/i>\r\n\t\t<\/div>\r\n\t<\/div>\r\n\t<div class=\"select-wrapper pagination clearfix margin-bottom-15\">\r\n\t\t<div class=\"row\">\r\n\t\t\t<div class=\"col-lg-4 col-md-4 col-sm-12 col-xs-12 sort-by-menu\">\r\n\t\t\t\t\t\t\t\t\t<span class=\"sort-by\" style='display: none;'>Sort By:<\/span>\r\n\t\t\t\t\t<div class=\"my-dropdown price-ascending-dropdown\" style='display: none;'>\r\n\t\t\t\t\t\t<select name=\"price_order\" class=\"listing_filter\" tabindex=\"1\" >\r\n\t\t\t\t\t\t\t<option value='year|ASC'>Ann\u00e9e Ascendant<\/option>\n<option value='year|DESC' selected='selected'>Ann\u00e9e Descendant<\/option>\n<option value='condition|ASC'>Condition Ascendant<\/option>\n<option value='condition|DESC'>Condition Descendant<\/option>\n<option value='vehicle-type|ASC'>Type de v\u00e9hicule Ascendant<\/option>\n<option value='vehicle-type|DESC'>Type de v\u00e9hicule Descendant<\/option>\n\t\t\t\t\t\t<\/select>\r\n\t\t\t\t\t<\/div>\r\n\t\t\t<\/div>\r\n\t\t\t<div class=\"col-lg-3 col-md-4 col-sm-12 col-xs-12\">\r\n\t\t\t\t<div class=\"controls full page_of\" data-page=\"1\"><a href=\"#\" class=\"left-arrow disabled\"><i class=\"fa fa-angle-left\"><\/i><\/a><span>Page <span class=\"current_page\">1<\/span> of <span class=\"total_pages\">1<\/span><\/span><a href=\"#\" class=\"right-arrow disabled\"><i class=\"fa fa-angle-right\"><\/i><\/a><\/div>\t\t\t<\/div>\r\n\t\t\t<div class=\"col-lg-4 col-md-4 col-sm-12 col-xs-12 offset-lg-1\">\r\n\t\t\t\t<ul class=\"form-links top_buttons\">\r\n\t\t\t\t\t\t\t\t\t<\/ul>\r\n\t\t\t<\/div>\r\n\t\t<\/div>\r\n\t<\/div>\r\n<\/form>\r\n<div class='row generate_new'><div class=\"inventory_box car_listings boxed boxed_full row\"><div class=\"col-xl-3 col-lg-4 col-md-6 col-sm-12 col-xs-12\">\r\n\t<div class=\"inventory clearfix margin-bottom-20 styled_input no_price has-photoswipe\" data-listing=\"108989\">\r\n\t\t\t\t\r\n\t\t\r\n\t\t<a class=\"inventory\" href=\"https:\/\/www.quadexpert.com\/fr\/listings\/xmax-2023\/\">\r\n\t\t\t<div class=\"title\">XMAX 2023<\/div>\r\n\r\n\t\t\t<div class=\"inventory-image-container\">\r\n\t\t\t\r\n\t\t\t<img decoding=\"async\" src=\"https:\/\/www.quadexpert.com\/wp-content\/uploads\/2023_XMAX_GraniteGrey_360_1-200x150.jpg\" class=\"preview\" alt=\"\" width=\"200\" height=\"150\"\r\n                 data-gallery-images='[{\"src\":\"https:\\\/\\\/www.quadexpert.com\\\/wp-content\\\/uploads\\\/2023_XMAX_GraniteGrey_360_1.jpg\",\"w\":1200,\"h\":973},{\"src\":\"https:\\\/\\\/www.quadexpert.com\\\/wp-content\\\/uploads\\\/2023_XMAX_GraniteGrey_360_2.jpg\",\"w\":1200,\"h\":973},{\"src\":\"https:\\\/\\\/www.quadexpert.com\\\/wp-content\\\/uploads\\\/2023_XMAX_GraniteGrey_360_3.jpg\",\"w\":1200,\"h\":973},{\"src\":\"https:\\\/\\\/www.quadexpert.com\\\/wp-content\\\/uploads\\\/2023_XMAX_GraniteGrey_360_4.jpg\",\"w\":1200,\"h\":973},{\"src\":\"https:\\\/\\\/www.quadexpert.com\\\/wp-content\\\/uploads\\\/2023_XMAX_GraniteGrey_360_5.jpg\",\"w\":1200,\"h\":973},{\"src\":\"https:\\\/\\\/www.quadexpert.com\\\/wp-content\\\/uploads\\\/2023_XMAX_GraniteGrey_360_6.jpg\",\"w\":1200,\"h\":973},{\"src\":\"https:\\\/\\\/www.quadexpert.com\\\/wp-content\\\/uploads\\\/2023_XMAX_GraniteGrey_360_7.jpg\",\"w\":1200,\"h\":973},{\"src\":\"https:\\\/\\\/www.quadexpert.com\\\/wp-content\\\/uploads\\\/2023_XMAX_GraniteGrey_360_8.jpg\",\"w\":1200,\"h\":973}]'>\r\n      <\/div>\r\n\r\n\t\t\t<table class='options-primary'>\n\t<tr class='listing_category_msrp'>\n\t\t<td class='option primary'>PDSF: <\/td>\n\t\t<td class='spec'>$7,599<\/td>\n\t<\/tr>\n<\/table>\n\r\n\t\t\t<div class=\"view-details gradient_button\">\r\n\t\t\t\t<i class='fa fa-plus-circle'><\/i> View Details\t\t\t<\/div>\r\n\r\n\t\t\t<div class=\"clearfix\"><\/div>\r\n\t\t<\/a>\r\n\r\n\t\t\r\n\t\t\r\n\t\t\t<\/div>\r\n<\/div>\r\n<div class=\"col-xl-3 col-lg-4 col-md-6 col-sm-12 col-xs-12\">\r\n\t<div class=\"inventory clearfix margin-bottom-20 styled_input no_price has-photoswipe\" data-listing=\"108991\">\r\n\t\t\t\t\r\n\t\t\r\n\t\t<a class=\"inventory\" href=\"https:\/\/www.quadexpert.com\/fr\/listings\/bws-125-2023\/\">\r\n\t\t\t<div class=\"title\">BWs 125 2023<\/div>\r\n\r\n\t\t\t<div class=\"inventory-image-container\">\r\n\t\t\t\r\n\t\t\t<img decoding=\"async\" src=\"https:\/\/www.quadexpert.com\/wp-content\/uploads\/2023_BWs125_Black_1-2-200x150.jpg\" class=\"preview\" alt=\"\" width=\"200\" height=\"150\"\r\n                 data-gallery-images='[{\"src\":\"https:\\\/\\\/www.quadexpert.com\\\/wp-content\\\/uploads\\\/2023_BWs125_Black_1-2.jpg\",\"w\":1200,\"h\":973},{\"src\":\"https:\\\/\\\/www.quadexpert.com\\\/wp-content\\\/uploads\\\/2023_BWs125_Black_3-2.jpg\",\"w\":1200,\"h\":973},{\"src\":\"https:\\\/\\\/www.quadexpert.com\\\/wp-content\\\/uploads\\\/2023_BWs125_Black_4-2.jpg\",\"w\":1200,\"h\":973},{\"src\":\"https:\\\/\\\/www.quadexpert.com\\\/wp-content\\\/uploads\\\/2023_BWs125_Black_2-2.jpg\",\"w\":1200,\"h\":973},{\"src\":\"https:\\\/\\\/www.quadexpert.com\\\/wp-content\\\/uploads\\\/2023_BWs125_TeamYamahaBlue_1-2.jpg\",\"w\":1200,\"h\":973},{\"src\":\"https:\\\/\\\/www.quadexpert.com\\\/wp-content\\\/uploads\\\/2023_BWs125_TeamYamahaBlue_3-2.jpg\",\"w\":1200,\"h\":973},{\"src\":\"https:\\\/\\\/www.quadexpert.com\\\/wp-content\\\/uploads\\\/2023_BWs125_TeamYamahaBlue_4-2.jpg\",\"w\":1200,\"h\":861},{\"src\":\"https:\\\/\\\/www.quadexpert.com\\\/wp-content\\\/uploads\\\/2023_BWs125_TeamYamahaBlue_2-2.jpg\",\"w\":1200,\"h\":973}]'>\r\n      <\/div>\r\n\r\n\t\t\t<table class='options-primary'>\n\t<tr class='listing_category_msrp'>\n\t\t<td class='option primary'>PDSF: <\/td>\n\t\t<td class='spec'>$4,699<\/td>\n\t<\/tr>\n<\/table>\n\r\n\t\t\t<div class=\"view-details gradient_button\">\r\n\t\t\t\t<i class='fa fa-plus-circle'><\/i> View Details\t\t\t<\/div>\r\n\r\n\t\t\t<div class=\"clearfix\"><\/div>\r\n\t\t<\/a>\r\n\r\n\t\t\r\n\t\t\r\n\t\t\t<\/div>\r\n<\/div>\r\n<div class=\"clearfix\"><\/div><\/div><div class=\"col-lg-12 col-md-12 col-sm-12 col-xs-12 pagination_container\">\n\r\n\t\t\t<ul class=\"pagination margin-bottom-none margin-top-25 md-margin-bottom-none bottom_pagination\">\n\t<li data-page='previous' class='disabled previous'><a href='#'><i class='fa fa-angle-left'><\/i><\/a><\/li>\n\t<li data-page='1' class='disabled number active'><a href='#'>1<\/a><\/li>\n\t<li data-page='next' class='disabled next'><a href='#'><i class='fa fa-angle-right'><\/i><\/a><\/li>\n<\/ul>\n<\/div>\n<\/div><div id='autocheck_history_report'><\/div><div class='clearfix'><\/div><div id=\"youtube_video\">\r\n\t\t\t<iframe width=\"560\" height=\"315\" src=\"about:blank\" allowfullscreen style=\"width: 560px; height: 315px; border: 0;\"><\/iframe>\r\n\t\t<\/div>[\/vc_column][\/vc_row]<\/p>\n<\/div>","protected":false},"excerpt":{"rendered":"<p>[vc_row][vc_column][vc_column_text]<\/p>\n<p> Salle de montre Yamaha Scooters <\/p>\n<p style=\"text-align: center;\">Soyez le premier \u00e0 avoir les derniers mod\u00e8les de scooters<br \/> Visit\u00e9 le site de\u00a0Yamaha Motor Canada\u00a0pour voir toute la ligne de produit offert.<\/p>\n<p style=\"text-align: center;\">*Toutes les unit\u00e9s de la salle d&rsquo;exposition sont ce que Yamaha a \u00e0 offrir, cela ne refl\u00e8te pas l\u2019inventaire des unit\u00e9s \u00e0 Quad Expert. Veuillez utiliser notre menu principal ou appelez-nous pour plus de d\u00e9tails*<\/p>\n<p>[\/vc_column_text][\/vc_column][\/vc_row]<\/p>\n","protected":false},"author":2,"featured_media":0,"parent":118114,"menu_order":0,"comment_status":"closed","ping_status":"closed","template":"","meta":{"content-type":"","slim_seo":{"title":"Scooters - Quad Expert","description":"[vc_row][vc_column][vc_column_text] Salle de montre Yamaha Scooters Soyez le premier \u00e0 avoir les derniers mod\u00e8les de scooters Visit\u00e9 le site de\u00a0 Yamaha Motor Ca"},"footnotes":""},"class_list":["post-125460","page","type-page","status-publish","hentry"],"_links":{"self":[{"href":"https:\/\/www.quadexpert.com\/fr\/wp-json\/wp\/v2\/pages\/125460","targetHints":{"allow":["GET"]}}],"collection":[{"href":"https:\/\/www.quadexpert.com\/fr\/wp-json\/wp\/v2\/pages"}],"about":[{"href":"https:\/\/www.quadexpert.com\/fr\/wp-json\/wp\/v2\/types\/page"}],"author":[{"embeddable":true,"href":"https:\/\/www.quadexpert.com\/fr\/wp-json\/wp\/v2\/users\/2"}],"replies":[{"embeddable":true,"href":"https:\/\/www.quadexpert.com\/fr\/wp-json\/wp\/v2\/comments?post=125460"}],"version-history":[{"count":2,"href":"https:\/\/www.quadexpert.com\/fr\/wp-json\/wp\/v2\/pages\/125460\/revisions"}],"predecessor-version":[{"id":125476,"href":"https:\/\/www.quadexpert.com\/fr\/wp-json\/wp\/v2\/pages\/125460\/revisions\/125476"}],"up":[{"embeddable":true,"href":"https:\/\/www.quadexpert.com\/fr\/wp-json\/wp\/v2\/pages\/118114"}],"wp:attachment":[{"href":"https:\/\/www.quadexpert.com\/fr\/wp-json\/wp\/v2\/media?parent=125460"}],"curies":[{"name":"wp","href":"https:\/\/api.w.org\/{rel}","templated":true}]}}