{"id":118114,"date":"2023-06-15T16:54:06","date_gmt":"2023-06-15T20:54:06","guid":{"rendered":"https:\/\/www.quadexpert.com\/?page_id=118114"},"modified":"2023-08-22T09:17:09","modified_gmt":"2023-08-22T13:17:09","slug":"yamaha-showroom","status":"publish","type":"page","link":"https:\/\/www.quadexpert.com\/fr\/yamaha-showroom\/","title":{"rendered":"Salle de Montre"},"content":{"rendered":"<div class=\"wpb-content-wrapper\"><p>[vc_row css=\u00a0\u00bb.vc_custom_1684849477938{margin-bottom: 30px !important;}\u00a0\u00bb][vc_column][vc_column_text]<\/p>\n<h3 style=\"text-align: center;\">Salle de montre Yamaha<\/h3>\n<p style=\"text-align: center;\">Soyez le premier \u00e0 avoir les derniers mod\u00e8les d&rsquo;unit\u00e9 de Route &amp; Hors-Route, Marine <span style=\"color: inherit; text-align: center;\">&amp; Produit \u00c9nergitiques.<br \/>\n<\/span>Visit\u00e9 le site de\u00a0<a href=\"https:\/\/www.yamaha-motor.ca\/en\">Yamaha Motor Canada<\/a>\u00a0pour voir toute la ligne de produit offert.<\/p>\n<p style=\"text-align: center;\">*Toutes les unit\u00e9s de la salle d\u2019exposition sont ce que Yamaha a \u00e0 offrir, cela ne refl\u00e8te pas l\u2019inventaire des unit\u00e9s \u00e0 Quad Expert. Veuillez utiliser notre menu principal ou<\/p>\n<p>[\/vc_column_text][\/vc_column][\/vc_row][vc_row][vc_column][vc_column_text]<\/p>\n<h3>Hors-Route<\/h3>\n<p>[\/vc_column_text][\/vc_column][\/vc_row][vc_row][vc_column width=\u00a0\u00bb1\/3&Prime;][vc_single_image image=\u00a0\u00bb106579&Prime; img_size=\u00a0\u00bbmedium\u00a0\u00bb alignment=\u00a0\u00bbcenter\u00a0\u00bb onclick=\u00a0\u00bbcustom_link\u00a0\u00bb title=\u00a0\u00bbVTT\u00a0\u00bb link=\u00a0\u00bbhttps:\/\/www.quadexpert.com\/fr\/yamaha-showroom\/atv-2&Prime;][\/vc_column][vc_column width=\u00a0\u00bb1\/3&Prime;][vc_single_image image=\u00a0\u00bb102833&Prime; img_size=\u00a0\u00bbmedium\u00a0\u00bb alignment=\u00a0\u00bbcenter\u00a0\u00bb onclick=\u00a0\u00bbcustom_link\u00a0\u00bb title=\u00a0\u00bbCote \u00e0 cote\u00a0\u00bb link=\u00a0\u00bbhttps:\/\/www.quadexpert.com\/fr\/yamaha-showroom\/side-by-side-2&Prime;][\/vc_column][vc_column width=\u00a0\u00bb1\/3&Prime;][vc_single_image image=\u00a0\u00bb106140&Prime; img_size=\u00a0\u00bbmedium\u00a0\u00bb alignment=\u00a0\u00bbcenter\u00a0\u00bb onclick=\u00a0\u00bbcustom_link\u00a0\u00bb title=\u00a0\u00bbSnowmobile\u00a0\u00bb link=\u00a0\u00bbhttps:\/\/www.quadexpert.com\/fr\/yamaha-showroom\/snowmobile-2&Prime;][\/vc_column][\/vc_row][vc_row][vc_column width=\u00a0\u00bb1\/3&Prime;][vc_single_image image=\u00a0\u00bb103074&Prime; img_size=\u00a0\u00bbmedium\u00a0\u00bb alignment=\u00a0\u00bbcenter\u00a0\u00bb onclick=\u00a0\u00bbcustom_link\u00a0\u00bb title=\u00a0\u00bbMotocross\u00a0\u00bb link=\u00a0\u00bbhttps:\/\/www.quadexpert.com\/fr\/yamaha-showroom\/motorcycle-off-road\u00a0\u00bb][\/vc_column][vc_column width=\u00a0\u00bb1\/3&Prime;][vc_single_image image=\u00a0\u00bb106691&Prime; img_size=\u00a0\u00bbmedium\u00a0\u00bb alignment=\u00a0\u00bbcenter\u00a0\u00bb onclick=\u00a0\u00bbcustom_link\u00a0\u00bb title=\u00a0\u00bbV\u00e9lo \u00c9lectriques\u00a0\u00bb link=\u00a0\u00bbhttps:\/\/www.quadexpert.com\/fr\/yamaha-showroom\/yamaha-power-assist-inventory\u00a0\u00bb][\/vc_column][vc_column width=\u00a0\u00bb1\/3&Prime;][\/vc_column][\/vc_row][vc_row][vc_column][vc_separator][\/vc_column][\/vc_row][vc_row][vc_column][vc_column_text]<\/p>\n<h3>Route<\/h3>\n<p>[\/vc_column_text][vc_column_text]<em>Prix tout inclus pour Motos de Route: <\/em><em>Les concessionaires de v\u00e9hicules de routes de l&rsquo;Ontario sont tenus par la loi d&rsquo;annoncer un prix pour les v\u00e9hicules routiers (neufs ou d&rsquo;occasion) qui comprend TOUS les frais et charges que le concessionnaire a l&rsquo;intention de percevoir. Ceci est appel\u00e9; Prix tous inclus. Veuillez garder cela \u00e0 l&rsquo;esprit lorsque vous magasinez et que vous comparez les prix entre les provinces. Le prix annonc\u00e9 pour les v\u00e9hicules routiers est ce que vous devriez payer (TVH et permis en sus uniquement) !<\/em>[\/vc_column_text][\/vc_column][\/vc_row][vc_row][vc_column width=\u00a0\u00bb1\/3&Prime;][vc_single_image image=\u00a0\u00bb104759&Prime; img_size=\u00a0\u00bbfull\u00a0\u00bb alignment=\u00a0\u00bbcenter\u00a0\u00bb onclick=\u00a0\u00bbcustom_link\u00a0\u00bb title=\u00a0\u00bbMotocyclettes\u00a0\u00bb link=\u00a0\u00bbhttps:\/\/www.quadexpert.com\/yamaha-showroom\/street-motorcycle\/\u00a0\u00bb][\/vc_column][vc_column width=\u00a0\u00bb1\/3&Prime;][vc_single_image image=\u00a0\u00bb106686&Prime; img_size=\u00a0\u00bblarge\u00a0\u00bb alignment=\u00a0\u00bbcenter\u00a0\u00bb onclick=\u00a0\u00bbcustom_link\u00a0\u00bb title=\u00a0\u00bbScooter\u00a0\u00bb link=\u00a0\u00bbhttps:\/\/www.quadexpert.com\/yamaha-showroom\/scooters\/\u00a0\u00bb][\/vc_column][vc_column width=\u00a0\u00bb1\/3&Prime;][\/vc_column][\/vc_row][vc_row][vc_column][vc_separator][\/vc_column][\/vc_row][vc_row][vc_column][vc_column_text]<\/p>\n<h3>Marine<\/h3>\n<p>[\/vc_column_text][\/vc_column][\/vc_row][vc_row][vc_column width=\u00a0\u00bb1\/3&Prime;][vc_single_image image=\u00a0\u00bb105319&Prime; img_size=\u00a0\u00bbmedium\u00a0\u00bb alignment=\u00a0\u00bbcenter\u00a0\u00bb onclick=\u00a0\u00bbcustom_link\u00a0\u00bb title=\u00a0\u00bbMoteur Hors-bord\u00a0\u00bb link=\u00a0\u00bbhttps:\/\/www.quadexpert.com\/yamaha-showroom\/outboard-motors-2\/\u00a0\u00bb][\/vc_column][vc_column width=\u00a0\u00bb1\/3&Prime;][\/vc_column][vc_column width=\u00a0\u00bb1\/3&Prime;][\/vc_column][\/vc_row][vc_row][vc_column][vc_separator][\/vc_column][\/vc_row][vc_row][vc_column][vc_column_text]<\/p>\n<h3>Produit \u00c9nergitiques<\/h3>\n<p>[\/vc_column_text][\/vc_column][\/vc_row][vc_row][vc_column width=\u00a0\u00bb1\/3&Prime;][vc_single_image image=\u00a0\u00bb27574&Prime; img_size=\u00a0\u00bbmedium\u00a0\u00bb alignment=\u00a0\u00bbcenter\u00a0\u00bb onclick=\u00a0\u00bbcustom_link\u00a0\u00bb title=\u00a0\u00bbG\u00e9n\u00e9rateurs et onduleurs\u00a0\u00bb link=\u00a0\u00bbhttps:\/\/www.quadexpert.com\/yamaha-showroom\/generators-and-inverters\/\u00a0\u00bb][\/vc_column][vc_column width=\u00a0\u00bb1\/3&Prime;][vc_single_image image=\u00a0\u00bb102989&Prime; img_size=\u00a0\u00bblarge\u00a0\u00bb alignment=\u00a0\u00bbcenter\u00a0\u00bb onclick=\u00a0\u00bbcustom_link\u00a0\u00bb title=\u00a0\u00bbSouffleuses\u00a0\u00bb link=\u00a0\u00bbhttps:\/\/www.quadexpert.com\/yamaha-showroom\/snowblowers-2\/\u00a0\u00bb][\/vc_column][vc_column width=\u00a0\u00bb1\/3&Prime;][vc_single_image image=\u00a0\u00bb101313&Prime; img_size=\u00a0\u00bbmedium\u00a0\u00bb alignment=\u00a0\u00bbcenter\u00a0\u00bb onclick=\u00a0\u00bbcustom_link\u00a0\u00bb title=\u00a0\u00bbPompes et laveuses \u00e0 pression\u00a0\u00bb link=\u00a0\u00bbhttps:\/\/www.quadexpert.com\/yamaha-showroom\/pumps-and-pressure-washers\/\u00a0\u00bb][\/vc_column][\/vc_row]<\/p>\n<\/div>","protected":false},"excerpt":{"rendered":"<p>[vc_row css=\u00a0\u00bb.vc_custom_1684849477938{margin-bottom: 30px !important;}\u00a0\u00bb][vc_column][vc_column_text]<\/p>\n<p> Salle de montre Yamaha <\/p>\n<p style=\"text-align: center;\">Soyez le premier \u00e0 avoir les derniers mod\u00e8les d&rsquo;unit\u00e9 de Route &amp; Hors-Route, Marine &amp; Produit \u00c9nergitiques.<br \/> Visit\u00e9 le site de\u00a0Yamaha Motor Canada\u00a0pour voir toute la ligne de produit offert.<\/p>\n<p style=\"text-align: center;\">*Toutes les unit\u00e9s de la salle d\u2019exposition sont ce que Yamaha a \u00e0 offrir, cela ne refl\u00e8te pas l\u2019inventaire des unit\u00e9s \u00e0 Quad Expert. Veuillez utiliser notre menu principal ou<\/p>\n<p>[\/vc_column_text][\/vc_column][\/vc_row][vc_row][vc_column][vc_column_text]<\/p>\n<p> Hors-Route <\/p>\n<p>[\/vc_column_text][\/vc_column][\/vc_row][vc_row][vc_column width=\u00a0\u00bb1\/3&Prime;][vc_single_image image=\u00a0\u00bb106579&Prime; img_size=\u00a0\u00bbmedium\u00a0\u00bb alignment=\u00a0\u00bbcenter\u00a0\u00bb onclick=\u00a0\u00bbcustom_link\u00a0\u00bb title=\u00a0\u00bbVTT\u00a0\u00bb link=\u00a0\u00bbhttps:\/\/www.quadexpert.com\/fr\/yamaha-showroom\/atv-2&Prime;][\/vc_column][vc_column width=\u00a0\u00bb1\/3&Prime;][vc_single_image image=\u00a0\u00bb102833&Prime; img_size=\u00a0\u00bbmedium\u00a0\u00bb alignment=\u00a0\u00bbcenter\u00a0\u00bb onclick=\u00a0\u00bbcustom_link\u00a0\u00bb title=\u00a0\u00bbCote \u00e0 cote\u00a0\u00bb link=\u00a0\u00bbhttps:\/\/www.quadexpert.com\/fr\/yamaha-showroom\/side-by-side-2&Prime;][\/vc_column][vc_column width=\u00a0\u00bb1\/3&Prime;][vc_single_image image=\u00a0\u00bb106140&Prime; img_size=\u00a0\u00bbmedium\u00a0\u00bb alignment=\u00a0\u00bbcenter\u00a0\u00bb onclick=\u00a0\u00bbcustom_link\u00a0\u00bb title=\u00a0\u00bbSnowmobile\u00a0\u00bb link=\u00a0\u00bbhttps:\/\/www.quadexpert.com\/fr\/yamaha-showroom\/snowmobile-2&Prime;][\/vc_column][\/vc_row][vc_row][vc_column width=\u00a0\u00bb1\/3&Prime;][vc_single_image image=\u00a0\u00bb103074&Prime; img_size=\u00a0\u00bbmedium\u00a0\u00bb alignment=\u00a0\u00bbcenter\u00a0\u00bb onclick=\u00a0\u00bbcustom_link\u00a0\u00bb title=\u00a0\u00bbMotocross\u00a0\u00bb link=\u00a0\u00bbhttps:\/\/www.quadexpert.com\/fr\/yamaha-showroom\/motorcycle-off-road\u00a0\u00bb][\/vc_column][vc_column width=\u00a0\u00bb1\/3&Prime;][vc_single_image image=\u00a0\u00bb106691&Prime; img_size=\u00a0\u00bbmedium\u00a0\u00bb alignment=\u00a0\u00bbcenter\u00a0\u00bb onclick=\u00a0\u00bbcustom_link\u00a0\u00bb title=\u00a0\u00bbV\u00e9lo \u00c9lectriques\u00a0\u00bb link=\u00a0\u00bbhttps:\/\/www.quadexpert.com\/fr\/yamaha-showroom\/yamaha-power-assist-inventory\u00a0\u00bb][\/vc_column][vc_column width=\u00a0\u00bb1\/3&Prime;][\/vc_column][\/vc_row][vc_row][vc_column][vc_separator][\/vc_column][\/vc_row][vc_row][vc_column][vc_column_text]<\/p>\n<p> Route <\/p>\n<p>[\/vc_column_text][vc_column_text]<em>Prix tout inclus pour Motos de Route: <\/em><em>Les concessionaires de v\u00e9hicules de routes de l&rsquo;Ontario sont tenus par la loi d&rsquo;annoncer un prix pour les v\u00e9hicules routiers (neufs ou d&rsquo;occasion) qui comprend TOUS les frais et charges que le [&#8230;]<\/em><\/p>\n","protected":false},"author":55,"featured_media":0,"parent":0,"menu_order":0,"comment_status":"closed","ping_status":"closed","template":"","meta":{"content-type":"","slim_seo":{"title":"Salle de Montre - Quad Expert","description":"[vc_row css=\".vc_custom_1684849477938{margin-bottom: 30px !important;}\"][vc_column][vc_column_text] Salle de montre Yamaha Soyez le premier \u00e0 avoir les derniers"},"footnotes":""},"class_list":["post-118114","page","type-page","status-publish","hentry"],"_links":{"self":[{"href":"https:\/\/www.quadexpert.com\/fr\/wp-json\/wp\/v2\/pages\/118114","targetHints":{"allow":["GET"]}}],"collection":[{"href":"https:\/\/www.quadexpert.com\/fr\/wp-json\/wp\/v2\/pages"}],"about":[{"href":"https:\/\/www.quadexpert.com\/fr\/wp-json\/wp\/v2\/types\/page"}],"author":[{"embeddable":true,"href":"https:\/\/www.quadexpert.com\/fr\/wp-json\/wp\/v2\/users\/55"}],"replies":[{"embeddable":true,"href":"https:\/\/www.quadexpert.com\/fr\/wp-json\/wp\/v2\/comments?post=118114"}],"version-history":[{"count":26,"href":"https:\/\/www.quadexpert.com\/fr\/wp-json\/wp\/v2\/pages\/118114\/revisions"}],"predecessor-version":[{"id":125512,"href":"https:\/\/www.quadexpert.com\/fr\/wp-json\/wp\/v2\/pages\/118114\/revisions\/125512"}],"wp:attachment":[{"href":"https:\/\/www.quadexpert.com\/fr\/wp-json\/wp\/v2\/media?parent=118114"}],"curies":[{"name":"wp","href":"https:\/\/api.w.org\/{rel}","templated":true}]}}