{"id":107429,"date":"2023-05-23T10:19:42","date_gmt":"2023-05-23T14:19:42","guid":{"rendered":"https:\/\/www.quadexpert.com\/?page_id=107429"},"modified":"2023-05-23T10:48:26","modified_gmt":"2023-05-23T14:48:26","slug":"yamaha-nouvelle-unite","status":"publish","type":"page","link":"https:\/\/www.quadexpert.com\/fr\/yamaha-nouvelle-unite\/","title":{"rendered":"Nouvelles unit\u00e9s"},"content":{"rendered":"<div class=\"wpb-content-wrapper\"><p>[vc_row css=\u00a0\u00bb.vc_custom_1684849477938{margin-bottom: 30px !important;}\u00a0\u00bb][vc_column][vc_column_text]<\/p>\n<h3 style=\"text-align: center;\">Nouvelles unit\u00e9s<\/h3>\n<p style=\"text-align: center;\">Route &amp; Hors route, Marine &amp; \u00c9quipement \u00e9lectrique<br \/>\nVisitez le site de <a href=\"https:\/\/www.yamaha-motor.ca\/fr\" target=\"_blank\" rel=\"noopener\">Yamaha Motor Canada<\/a> pour voir la gamme compl\u00e8te des produits offerts.<\/p>\n<p>[\/vc_column_text][\/vc_column][\/vc_row][vc_row][vc_column][vc_column_text]<\/p>\n<h3>Hors route<\/h3>\n<p>[\/vc_column_text][\/vc_column][\/vc_row][vc_row][vc_column width=\u00a0\u00bb1\/3&Prime;][vc_single_image image=\u00a0\u00bb106579&Prime; img_size=\u00a0\u00bbmedium\u00a0\u00bb alignment=\u00a0\u00bbcenter\u00a0\u00bb onclick=\u00a0\u00bbcustom_link\u00a0\u00bb title=\u00a0\u00bbVTT\u00a0\u00bb link=\u00a0\u00bbhttps:\/\/www.quadexpert.com\/fr\/vtt\/\u00a0\u00bb][\/vc_column][vc_column width=\u00a0\u00bb1\/3&Prime;][vc_single_image image=\u00a0\u00bb102833&Prime; img_size=\u00a0\u00bbmedium\u00a0\u00bb alignment=\u00a0\u00bbcenter\u00a0\u00bb onclick=\u00a0\u00bbcustom_link\u00a0\u00bb title=\u00a0\u00bbC\u00f4te \u00e0 c\u00f4te\u00a0\u00bb link=\u00a0\u00bbhttps:\/\/www.quadexpert.com\/fr\/cote-a-cote\/\u00a0\u00bb][\/vc_column][vc_column width=\u00a0\u00bb1\/3&Prime;][vc_single_image image=\u00a0\u00bb106140&Prime; img_size=\u00a0\u00bbmedium\u00a0\u00bb alignment=\u00a0\u00bbcenter\u00a0\u00bb onclick=\u00a0\u00bbcustom_link\u00a0\u00bb title=\u00a0\u00bbMotoneige\u00a0\u00bb link=\u00a0\u00bbhttps:\/\/www.quadexpert.com\/fr\/motoneige\/\u00a0\u00bb][\/vc_column][\/vc_row][vc_row][vc_column width=\u00a0\u00bb1\/3&Prime;][vc_single_image image=\u00a0\u00bb103074&Prime; img_size=\u00a0\u00bbmedium\u00a0\u00bb alignment=\u00a0\u00bbcenter\u00a0\u00bb onclick=\u00a0\u00bbcustom_link\u00a0\u00bb title=\u00a0\u00bbMotocross &#8211; Yamaha\u00a0\u00bb link=\u00a0\u00bbhttps:\/\/www.quadexpert.com\/fr\/moto-hors-route\/?condition=new&amp;vehicle-type=motorcycle-off-roads&amp;brand=yamaha&amp;listing_order=condition&amp;listing_orderby=DESC\u00a0\u00bb][\/vc_column][vc_column width=\u00a0\u00bb1\/3&Prime;][vc_single_image image=\u00a0\u00bb43490&Prime; img_size=\u00a0\u00bblarge\u00a0\u00bb alignment=\u00a0\u00bbcenter\u00a0\u00bb onclick=\u00a0\u00bbcustom_link\u00a0\u00bb title=\u00a0\u00bbMotocross &#8211; Sherco\u00a0\u00bb link=\u00a0\u00bbhttps:\/\/www.quadexpert.com\/fr\/inventaire-sherco\/\u00a0\u00bb][\/vc_column][vc_column width=\u00a0\u00bb1\/3&Prime;][vc_single_image image=\u00a0\u00bb50139&Prime; img_size=\u00a0\u00bbmedium\u00a0\u00bb alignment=\u00a0\u00bbcenter\u00a0\u00bb onclick=\u00a0\u00bbcustom_link\u00a0\u00bb title=\u00a0\u00bbMotocross &#8211; Beta\u00a0\u00bb link=\u00a0\u00bbhttps:\/\/www.quadexpert.com\/fr\/motocycette-beta\/\u00a0\u00bb][\/vc_column][\/vc_row][vc_row][vc_column][vc_separator][\/vc_column][\/vc_row][vc_row][vc_column][vc_column_text]<\/p>\n<h3>V\u00e9lo \u00c9lectrique<\/h3>\n<p>[\/vc_column_text][\/vc_column][\/vc_row][vc_row][vc_column width=\u00a0\u00bb1\/3&Prime;][vc_single_image image=\u00a0\u00bb106691&Prime; img_size=\u00a0\u00bbmedium\u00a0\u00bb alignment=\u00a0\u00bbcenter\u00a0\u00bb onclick=\u00a0\u00bbcustom_link\u00a0\u00bb title=\u00a0\u00bbYamaha\u00a0\u00bb link=\u00a0\u00bbhttps:\/\/www.quadexpert.com\/fr\/velos-yamaha\/\u00a0\u00bb][\/vc_column][vc_column width=\u00a0\u00bb1\/3&Prime;][vc_single_image image=\u00a0\u00bb101153&Prime; img_size=\u00a0\u00bbmedium\u00a0\u00bb alignment=\u00a0\u00bbcenter\u00a0\u00bb onclick=\u00a0\u00bbcustom_link\u00a0\u00bb title=\u00a0\u00bbRambo\u00a0\u00bb link=\u00a0\u00bbhttps:\/\/www.quadexpert.com\/fr\/velos-rambo\/\u00a0\u00bb][\/vc_column][vc_column width=\u00a0\u00bb1\/3&Prime;][vc_single_image image=\u00a0\u00bb103119&Prime; img_size=\u00a0\u00bblarge\u00a0\u00bb alignment=\u00a0\u00bbcenter\u00a0\u00bb onclick=\u00a0\u00bbcustom_link\u00a0\u00bb title=\u00a0\u00bbSlane\u00a0\u00bb link=\u00a0\u00bbhttps:\/\/www.quadexpert.com\/fr\/velos-slane\/\u00a0\u00bb][\/vc_column][\/vc_row][vc_row][vc_column][vc_separator][\/vc_column][\/vc_row][vc_row][vc_column][vc_column_text]<\/p>\n<h3>Route<\/h3>\n<p>[\/vc_column_text][vc_column_text]<\/p>\n<p style=\"text-align: left;\"><em>Prix tout compris pour toutes les motos de route : Les concessionnaires de v\u00e9hicules automobiles de l&rsquo;Ontario sont tenus par la loi d&rsquo;annoncer un prix pour les v\u00e9hicules routiers (neufs ou d&rsquo;occasion) qui inclut TOUS les frais et charges que le concessionnaire a l&rsquo;intention de percevoir. C&rsquo;est ce qu&rsquo;on appelle le prix TOUT COMPRIS.\u00a0 Gardez cela \u00e0 l&rsquo;esprit lorsque vous magasinez et comparez les prix d&rsquo;une province \u00e0 l&rsquo;autre.\u00a0 Le prix annonc\u00e9 pour les v\u00e9hicules routiers est celui que vous devriez payer (TVH et frais d&rsquo;immatriculation en sus uniquement)!\u00a0<\/em><\/p>\n<p>[\/vc_column_text][\/vc_column][\/vc_row][vc_row][vc_column width=\u00a0\u00bb1\/3&Prime;][vc_single_image image=\u00a0\u00bb104759&Prime; img_size=\u00a0\u00bbfull\u00a0\u00bb alignment=\u00a0\u00bbcenter\u00a0\u00bb onclick=\u00a0\u00bbcustom_link\u00a0\u00bb title=\u00a0\u00bbMoto de route\u00a0\u00bb link=\u00a0\u00bbhttps:\/\/www.quadexpert.com\/fr\/motocyclette-de-route\/\u00a0\u00bb][\/vc_column][vc_column width=\u00a0\u00bb1\/3&Prime;][vc_single_image image=\u00a0\u00bb106686&Prime; img_size=\u00a0\u00bblarge\u00a0\u00bb alignment=\u00a0\u00bbcenter\u00a0\u00bb onclick=\u00a0\u00bbcustom_link\u00a0\u00bb title=\u00a0\u00bbScooter\u00a0\u00bb][\/vc_column][vc_column width=\u00a0\u00bb1\/3&Prime;][\/vc_column][\/vc_row][vc_row][vc_column][vc_separator][\/vc_column][\/vc_row][vc_row][vc_column][vc_column_text]<\/p>\n<h3>Marine<\/h3>\n<p>[\/vc_column_text][\/vc_column][\/vc_row][vc_row][vc_column width=\u00a0\u00bb1\/3&Prime;][vc_single_image image=\u00a0\u00bb100859&Prime; img_size=\u00a0\u00bblarge\u00a0\u00bb alignment=\u00a0\u00bbcenter\u00a0\u00bb onclick=\u00a0\u00bbcustom_link\u00a0\u00bb title=\u00a0\u00bbBateaux de p\u00eache\u00a0\u00bb link=\u00a0\u00bbhttps:\/\/www.quadexpert.com\/fr\/smoker-craft\/\u00a0\u00bb][\/vc_column][vc_column width=\u00a0\u00bb1\/3&Prime;][vc_single_image image=\u00a0\u00bb103576&Prime; img_size=\u00a0\u00bblarge\u00a0\u00bb alignment=\u00a0\u00bbcenter\u00a0\u00bb onclick=\u00a0\u00bbcustom_link\u00a0\u00bb title=\u00a0\u00bbPontons\u00a0\u00bb link=\u00a0\u00bbhttps:\/\/www.quadexpert.com\/fr\/sunchaser\/\u00a0\u00bb][\/vc_column][vc_column width=\u00a0\u00bb1\/3&Prime;][vc_single_image image=\u00a0\u00bb105319&Prime; img_size=\u00a0\u00bbmedium\u00a0\u00bb alignment=\u00a0\u00bbcenter\u00a0\u00bb onclick=\u00a0\u00bbcustom_link\u00a0\u00bb title=\u00a0\u00bbMoteurs hors-bord\u00a0\u00bb link=\u00a0\u00bbhttps:\/\/www.quadexpert.com\/fr\/moteur-hors-board\/\u00a0\u00bb][\/vc_column][\/vc_row][vc_row][vc_column][vc_separator][\/vc_column][\/vc_row][vc_row][vc_column][vc_column_text]<\/p>\n<h3>Power Equipment<\/h3>\n<p>[\/vc_column_text][\/vc_column][\/vc_row][vc_row][vc_column width=\u00a0\u00bb1\/3&Prime;][vc_single_image image=\u00a0\u00bb27574&Prime; img_size=\u00a0\u00bbmedium\u00a0\u00bb alignment=\u00a0\u00bbcenter\u00a0\u00bb onclick=\u00a0\u00bbcustom_link\u00a0\u00bb title=\u00a0\u00bbG\u00e9n\u00e9rateurs et onduleurs\u00a0\u00bb link=\u00a0\u00bbhttps:\/\/www.quadexpert.com\/fr\/generatices\/\u00a0\u00bb][\/vc_column][vc_column width=\u00a0\u00bb1\/3&Prime;][vc_single_image image=\u00a0\u00bb102989&Prime; img_size=\u00a0\u00bblarge\u00a0\u00bb alignment=\u00a0\u00bbcenter\u00a0\u00bb onclick=\u00a0\u00bbcustom_link\u00a0\u00bb img_link_target=\u00a0\u00bb_blank\u00a0\u00bb title=\u00a0\u00bbSouffleuses \u00e0 neige\u00a0\u00bb link=\u00a0\u00bbhttps:\/\/www.quadexpert.com\/fr\/souffleuses\/\u00a0\u00bb][\/vc_column][vc_column width=\u00a0\u00bb1\/3&Prime;][vc_single_image image=\u00a0\u00bb101313&Prime; img_size=\u00a0\u00bbmedium\u00a0\u00bb alignment=\u00a0\u00bbcenter\u00a0\u00bb onclick=\u00a0\u00bbcustom_link\u00a0\u00bb title=\u00a0\u00bbPompes et nettoyeurs \u00e0 pression\u00a0\u00bb link=\u00a0\u00bbhttps:\/\/www.quadexpert.com\/fr\/pumpes\/\u00a0\u00bb][\/vc_column][\/vc_row]<\/p>\n<\/div>","protected":false},"excerpt":{"rendered":"<p>[vc_row css=\u00a0\u00bb.vc_custom_1684849477938{margin-bottom: 30px !important;}\u00a0\u00bb][vc_column][vc_column_text]<\/p>\n<p> Nouvelles unit\u00e9s <\/p>\n<p style=\"text-align: center;\">Route &amp; Hors route, Marine &amp; \u00c9quipement \u00e9lectrique<br \/> Visitez le site de Yamaha Motor Canada pour voir la gamme compl\u00e8te des produits offerts.<\/p>\n<p>[\/vc_column_text][\/vc_column][\/vc_row][vc_row][vc_column][vc_column_text]<\/p>\n<p> Hors route <\/p>\n<p>[\/vc_column_text][\/vc_column][\/vc_row][vc_row][vc_column width=\u00a0\u00bb1\/3&Prime;][vc_single_image image=\u00a0\u00bb106579&Prime; img_size=\u00a0\u00bbmedium\u00a0\u00bb alignment=\u00a0\u00bbcenter\u00a0\u00bb onclick=\u00a0\u00bbcustom_link\u00a0\u00bb title=\u00a0\u00bbVTT\u00a0\u00bb link=\u00a0\u00bbhttps:\/\/www.quadexpert.com\/fr\/vtt\/\u00a0\u00bb][\/vc_column][vc_column width=\u00a0\u00bb1\/3&Prime;][vc_single_image image=\u00a0\u00bb102833&Prime; img_size=\u00a0\u00bbmedium\u00a0\u00bb alignment=\u00a0\u00bbcenter\u00a0\u00bb onclick=\u00a0\u00bbcustom_link\u00a0\u00bb title=\u00a0\u00bbC\u00f4te \u00e0 c\u00f4te\u00a0\u00bb link=\u00a0\u00bbhttps:\/\/www.quadexpert.com\/fr\/cote-a-cote\/\u00a0\u00bb][\/vc_column][vc_column width=\u00a0\u00bb1\/3&Prime;][vc_single_image image=\u00a0\u00bb106140&Prime; img_size=\u00a0\u00bbmedium\u00a0\u00bb alignment=\u00a0\u00bbcenter\u00a0\u00bb onclick=\u00a0\u00bbcustom_link\u00a0\u00bb title=\u00a0\u00bbMotoneige\u00a0\u00bb link=\u00a0\u00bbhttps:\/\/www.quadexpert.com\/fr\/motoneige\/\u00a0\u00bb][\/vc_column][\/vc_row][vc_row][vc_column width=\u00a0\u00bb1\/3&Prime;][vc_single_image image=\u00a0\u00bb103074&Prime; img_size=\u00a0\u00bbmedium\u00a0\u00bb alignment=\u00a0\u00bbcenter\u00a0\u00bb onclick=\u00a0\u00bbcustom_link\u00a0\u00bb title=\u00a0\u00bbMotocross &#8211; Yamaha\u00a0\u00bb link=\u00a0\u00bbhttps:\/\/www.quadexpert.com\/fr\/moto-hors-route\/?condition=new&amp;vehicle-type=motorcycle-off-roads&amp;brand=yamaha&amp;listing_order=condition&amp;listing_orderby=DESC\u00a0\u00bb][\/vc_column][vc_column width=\u00a0\u00bb1\/3&Prime;][vc_single_image image=\u00a0\u00bb43490&Prime; img_size=\u00a0\u00bblarge\u00a0\u00bb alignment=\u00a0\u00bbcenter\u00a0\u00bb onclick=\u00a0\u00bbcustom_link\u00a0\u00bb title=\u00a0\u00bbMotocross &#8211; Sherco\u00a0\u00bb link=\u00a0\u00bbhttps:\/\/www.quadexpert.com\/fr\/inventaire-sherco\/\u00a0\u00bb][\/vc_column][vc_column width=\u00a0\u00bb1\/3&Prime;][vc_single_image image=\u00a0\u00bb50139&Prime; img_size=\u00a0\u00bbmedium\u00a0\u00bb alignment=\u00a0\u00bbcenter\u00a0\u00bb onclick=\u00a0\u00bbcustom_link\u00a0\u00bb title=\u00a0\u00bbMotocross &#8211; Beta\u00a0\u00bb link=\u00a0\u00bbhttps:\/\/www.quadexpert.com\/fr\/motocycette-beta\/\u00a0\u00bb][\/vc_column][\/vc_row][vc_row][vc_column][vc_separator][\/vc_column][\/vc_row][vc_row][vc_column][vc_column_text]<\/p>\n<p> V\u00e9lo \u00c9lectrique <\/p>\n<p>[\/vc_column_text][\/vc_column][\/vc_row][vc_row][vc_column width=\u00a0\u00bb1\/3&Prime;][vc_single_image image=\u00a0\u00bb106691&Prime; img_size=\u00a0\u00bbmedium\u00a0\u00bb alignment=\u00a0\u00bbcenter\u00a0\u00bb onclick=\u00a0\u00bbcustom_link\u00a0\u00bb title=\u00a0\u00bbYamaha\u00a0\u00bb link=\u00a0\u00bbhttps:\/\/www.quadexpert.com\/fr\/velos-yamaha\/\u00a0\u00bb][\/vc_column][vc_column width=\u00a0\u00bb1\/3&Prime;][vc_single_image image=\u00a0\u00bb101153&Prime; img_size=\u00a0\u00bbmedium\u00a0\u00bb alignment=\u00a0\u00bbcenter\u00a0\u00bb onclick=\u00a0\u00bbcustom_link\u00a0\u00bb title=\u00a0\u00bbRambo\u00a0\u00bb link=\u00a0\u00bbhttps:\/\/www.quadexpert.com\/fr\/velos-rambo\/\u00a0\u00bb][\/vc_column][vc_column width=\u00a0\u00bb1\/3&Prime;][vc_single_image image=\u00a0\u00bb103119&Prime; img_size=\u00a0\u00bblarge\u00a0\u00bb alignment=\u00a0\u00bbcenter\u00a0\u00bb onclick=\u00a0\u00bbcustom_link\u00a0\u00bb title=\u00a0\u00bbSlane\u00a0\u00bb link=\u00a0\u00bbhttps:\/\/www.quadexpert.com\/fr\/velos-slane\/\u00a0\u00bb][\/vc_column][\/vc_row][vc_row][vc_column][vc_separator][\/vc_column][\/vc_row][vc_row][vc_column][vc_column_text]<\/p>\n<p> Route <\/p>\n<p>[\/vc_column_text][vc_column_text]<\/p>\n<p style=\"text-align: left;\"><em>Prix tout compris pour toutes les motos de route : Les concessionnaires de v\u00e9hicules automobiles de l&rsquo;Ontario sont tenus par la loi d&rsquo;annoncer un prix pour les v\u00e9hicules routiers (neufs ou d&rsquo;occasion) qui inclut TOUS les frais et charges que le [&#8230;]<\/em><\/p>\n","protected":false},"author":2,"featured_media":0,"parent":0,"menu_order":0,"comment_status":"closed","ping_status":"closed","template":"","meta":{"content-type":"","slim_seo":{"title":"Nouvelles unit\u00e9s - Quad Expert","description":"[vc_row css=\".vc_custom_1684849477938{margin-bottom: 30px !important;}\"][vc_column][vc_column_text] Nouvelles unit\u00e9s Route &amp; Hors route, Marine &amp; \u00c9quipe"},"footnotes":""},"class_list":["post-107429","page","type-page","status-publish","hentry"],"_links":{"self":[{"href":"https:\/\/www.quadexpert.com\/fr\/wp-json\/wp\/v2\/pages\/107429","targetHints":{"allow":["GET"]}}],"collection":[{"href":"https:\/\/www.quadexpert.com\/fr\/wp-json\/wp\/v2\/pages"}],"about":[{"href":"https:\/\/www.quadexpert.com\/fr\/wp-json\/wp\/v2\/types\/page"}],"author":[{"embeddable":true,"href":"https:\/\/www.quadexpert.com\/fr\/wp-json\/wp\/v2\/users\/2"}],"replies":[{"embeddable":true,"href":"https:\/\/www.quadexpert.com\/fr\/wp-json\/wp\/v2\/comments?post=107429"}],"version-history":[{"count":11,"href":"https:\/\/www.quadexpert.com\/fr\/wp-json\/wp\/v2\/pages\/107429\/revisions"}],"predecessor-version":[{"id":107512,"href":"https:\/\/www.quadexpert.com\/fr\/wp-json\/wp\/v2\/pages\/107429\/revisions\/107512"}],"wp:attachment":[{"href":"https:\/\/www.quadexpert.com\/fr\/wp-json\/wp\/v2\/media?parent=107429"}],"curies":[{"name":"wp","href":"https:\/\/api.w.org\/{rel}","templated":true}]}}