{"id":106730,"date":"2023-04-04T11:35:22","date_gmt":"2023-04-04T15:35:22","guid":{"rendered":"https:\/\/www.quadexpert.com\/yamaha-oem-parts\/"},"modified":"2023-06-14T14:06:07","modified_gmt":"2023-06-14T18:06:07","slug":"yamaha-oem-parts","status":"publish","type":"page","link":"https:\/\/www.quadexpert.com\/fr\/yamaha-oem-parts\/","title":{"rendered":"Pi\u00e8ces OEM Yamaha"},"content":{"rendered":"<div class=\"wpb-content-wrapper\"><p>[vc_row css=\u00a0\u00bb.vc_custom_1410354226977{margin-bottom: 60px !important;}\u00a0\u00bb][vc_column][vc_column_text]<\/p>\n<h3>Fiche de pi\u00e8ces Yamaha<\/h3>\n<p>Les diagrammes de pi\u00e8ces OEM Yamaha (microfiches) sont disponibles pour vous aider \u00e0 commander la bonne pi\u00e8ce du premier coup.<\/p>\n<p>Nous sommes votre source de confiance pour les pi\u00e8ces d&rsquo;origine Yamaha, et nous nous sp\u00e9cialisons dans une vaste gamme de motos, VTT, UTV, scooters, motoneiges et motomarines Yamaha. Notre vaste s\u00e9lection s&rsquo;\u00e9tend \u00e0 d&rsquo;autres produits Yamaha, ce qui nous permet de r\u00e9pondre \u00e0 tous vos besoins.[\/vc_column_text][\/vc_column][\/vc_row][vc_row][vc_column width=\u00a0\u00bb1\/3&Prime;][vc_single_image image=\u00a0\u00bb106579&Prime; img_size=\u00a0\u00bbmedium\u00a0\u00bb alignment=\u00a0\u00bbcenter\u00a0\u00bb onclick=\u00a0\u00bbcustom_link\u00a0\u00bb img_link_target=\u00a0\u00bb_blank\u00a0\u00bb title=\u00a0\u00bbVTT\u00a0\u00bb link=\u00a0\u00bbhttps:\/\/partsfinder.onlinemicrofiche.com\/quadexpert\/showmodel\/11\/yamahaatv\u00a0\u00bb][\/vc_column][vc_column width=\u00a0\u00bb1\/3&Prime;][vc_single_image image=\u00a0\u00bb104574&Prime; img_size=\u00a0\u00bbmedium\u00a0\u00bb alignment=\u00a0\u00bbcenter\u00a0\u00bb onclick=\u00a0\u00bbcustom_link\u00a0\u00bb img_link_target=\u00a0\u00bb_blank\u00a0\u00bb title=\u00a0\u00bbC\u00f4te \u00e0 c\u00f4te\u00a0\u00bb link=\u00a0\u00bbhttps:\/\/partsfinder.onlinemicrofiche.com\/quadexpert\/showmodel\/11\/yamahautil\u00a0\u00bb][\/vc_column][vc_column width=\u00a0\u00bb1\/3&Prime;][vc_single_image image=\u00a0\u00bb106165&Prime; img_size=\u00a0\u00bbmedium\u00a0\u00bb alignment=\u00a0\u00bbcenter\u00a0\u00bb onclick=\u00a0\u00bbcustom_link\u00a0\u00bb img_link_target=\u00a0\u00bb_blank\u00a0\u00bb title=\u00a0\u00bbMotoneige\u00a0\u00bb link=\u00a0\u00bbhttps:\/\/partsfinder.onlinemicrofiche.com\/quadexpert\/showmodel\/11\/yamahasnow\u00a0\u00bb][\/vc_column][\/vc_row][vc_row][vc_column][vc_separator][\/vc_column][\/vc_row][vc_row][vc_column width=\u00a0\u00bb1\/3&Prime;][vc_single_image image=\u00a0\u00bb103074&Prime; img_size=\u00a0\u00bbmedium\u00a0\u00bb alignment=\u00a0\u00bbcenter\u00a0\u00bb onclick=\u00a0\u00bbcustom_link\u00a0\u00bb img_link_target=\u00a0\u00bb_blank\u00a0\u00bb title=\u00a0\u00bbMotocross\u00a0\u00bb link=\u00a0\u00bbhttps:\/\/partsfinder.onlinemicrofiche.com\/quadexpert\/showmodel\/11\/yamahadb\u00a0\u00bb][\/vc_column][vc_column width=\u00a0\u00bb1\/3&Prime;][vc_single_image image=\u00a0\u00bb106691&Prime; img_size=\u00a0\u00bbmedium\u00a0\u00bb alignment=\u00a0\u00bbcenter\u00a0\u00bb onclick=\u00a0\u00bbcustom_link\u00a0\u00bb img_link_target=\u00a0\u00bb_blank\u00a0\u00bb title=\u00a0\u00bbV\u00e9lo \u00e9lectrique\u00a0\u00bb link=\u00a0\u00bbhttps:\/\/partsfinder.onlinemicrofiche.com\/quadexpert\/showmodel\/11\/yamahapab\u00a0\u00bb][\/vc_column][vc_column width=\u00a0\u00bb1\/3&Prime;][\/vc_column][\/vc_row][vc_row][vc_column][vc_separator][\/vc_column][\/vc_row][vc_row][vc_column width=\u00a0\u00bb1\/3&Prime;][vc_single_image image=\u00a0\u00bb75238&Prime; img_size=\u00a0\u00bblarge\u00a0\u00bb alignment=\u00a0\u00bbcenter\u00a0\u00bb onclick=\u00a0\u00bbcustom_link\u00a0\u00bb img_link_target=\u00a0\u00bb_blank\u00a0\u00bb title=\u00a0\u00bbMoto de route\u00a0\u00bb link=\u00a0\u00bbhttps:\/\/partsfinder.onlinemicrofiche.com\/quadexpert\/showmodel\/11\/yamahamc\u00a0\u00bb][\/vc_column][vc_column width=\u00a0\u00bb1\/3&Prime;][vc_single_image image=\u00a0\u00bb106686&Prime; img_size=\u00a0\u00bblarge\u00a0\u00bb alignment=\u00a0\u00bbcenter\u00a0\u00bb onclick=\u00a0\u00bbcustom_link\u00a0\u00bb img_link_target=\u00a0\u00bb_blank\u00a0\u00bb title=\u00a0\u00bbScooter\u00a0\u00bb link=\u00a0\u00bbhttps:\/\/partsfinder.onlinemicrofiche.com\/quadexpert\/showmodel\/11\/yamahasc\u00a0\u00bb][\/vc_column][vc_column width=\u00a0\u00bb1\/3&Prime;][\/vc_column][\/vc_row][vc_row][vc_column][vc_separator][\/vc_column][\/vc_row][vc_row][vc_column width=\u00a0\u00bb1\/3&Prime;][vc_single_image image=\u00a0\u00bb105319&Prime; img_size=\u00a0\u00bbmedium\u00a0\u00bb alignment=\u00a0\u00bbcenter\u00a0\u00bb onclick=\u00a0\u00bbcustom_link\u00a0\u00bb img_link_target=\u00a0\u00bb_blank\u00a0\u00bb title=\u00a0\u00bbMoteurs hors-bord\u00a0\u00bb link=\u00a0\u00bbhttps:\/\/partsfinder.onlinemicrofiche.com\/quadexpert\/showmodel\/11\/yamahaob\u00a0\u00bb][\/vc_column][vc_column width=\u00a0\u00bb1\/3&Prime;][vc_single_image image=\u00a0\u00bb106699&Prime; img_size=\u00a0\u00bblarge\u00a0\u00bb alignment=\u00a0\u00bbcenter\u00a0\u00bb onclick=\u00a0\u00bbcustom_link\u00a0\u00bb img_link_target=\u00a0\u00bb_blank\u00a0\u00bb title=\u00a0\u00bbMotomarine\u00a0\u00bb link=\u00a0\u00bbhttps:\/\/partsfinder.onlinemicrofiche.com\/quadexpert\/showmodel\/11\/yamahapwc\u00a0\u00bb][\/vc_column][vc_column width=\u00a0\u00bb1\/3&Prime;][vc_single_image image=\u00a0\u00bb106702&Prime; img_size=\u00a0\u00bblarge\u00a0\u00bb alignment=\u00a0\u00bbcenter\u00a0\u00bb onclick=\u00a0\u00bbcustom_link\u00a0\u00bb img_link_target=\u00a0\u00bb_blank\u00a0\u00bb title=\u00a0\u00bbBateau de sport\u00a0\u00bb link=\u00a0\u00bbhttps:\/\/partsfinder.onlinemicrofiche.com\/quadexpert\/showmodel\/11\/yamahajb\u00a0\u00bb][\/vc_column][\/vc_row][vc_row][vc_column][vc_separator][\/vc_column][\/vc_row][vc_row][vc_column width=\u00a0\u00bb1\/3&Prime;][vc_single_image image=\u00a0\u00bb27574&Prime; img_size=\u00a0\u00bbmedium\u00a0\u00bb alignment=\u00a0\u00bbcenter\u00a0\u00bb onclick=\u00a0\u00bbcustom_link\u00a0\u00bb img_link_target=\u00a0\u00bb_blank\u00a0\u00bb title=\u00a0\u00bbProduit \u00e9nerg\u00e9tique\u00a0\u00bb link=\u00a0\u00bbhttps:\/\/partsfinder.onlinemicrofiche.com\/quadexpert\/showmodel\/16\/yamahaope\/1900&Prime;][\/vc_column][vc_column width=\u00a0\u00bb1\/3&Prime;][vc_single_image image=\u00a0\u00bb106697&Prime; img_size=\u00a0\u00bbmedium\u00a0\u00bb alignment=\u00a0\u00bbcenter\u00a0\u00bb onclick=\u00a0\u00bbcustom_link\u00a0\u00bb img_link_target=\u00a0\u00bb_blank\u00a0\u00bb title=\u00a0\u00bbMoteur \u00e0 usages multiples\u00a0\u00bb link=\u00a0\u00bbhttps:\/\/partsfinder.onlinemicrofiche.com\/quadexpert\/showmodel\/11\/yamahamz\u00a0\u00bb][\/vc_column][vc_column width=\u00a0\u00bb1\/3&Prime;][\/vc_column][\/vc_row]<\/p>\n<\/div>","protected":false},"excerpt":{"rendered":"<p>[vc_row css=\u00a0\u00bb.vc_custom_1410354226977{margin-bottom: 60px !important;}\u00a0\u00bb][vc_column][vc_column_text]<\/p>\n<p> Fiche de pi\u00e8ces Yamaha <\/p>\n<p>Les diagrammes de pi\u00e8ces OEM Yamaha (microfiches) sont disponibles pour vous aider \u00e0 commander la bonne pi\u00e8ce du premier coup.<\/p>\n<p>Nous sommes votre source de confiance pour les pi\u00e8ces d&rsquo;origine Yamaha, et nous nous sp\u00e9cialisons dans une vaste gamme de motos, VTT, UTV, scooters, motoneiges et motomarines Yamaha. Notre vaste s\u00e9lection s&rsquo;\u00e9tend \u00e0 d&rsquo;autres produits Yamaha, ce qui nous permet de r\u00e9pondre \u00e0 tous vos besoins.[\/vc_column_text][\/vc_column][\/vc_row][vc_row][vc_column width=\u00a0\u00bb1\/3&Prime;][vc_single_image image=\u00a0\u00bb106579&Prime; img_size=\u00a0\u00bbmedium\u00a0\u00bb alignment=\u00a0\u00bbcenter\u00a0\u00bb onclick=\u00a0\u00bbcustom_link\u00a0\u00bb img_link_target=\u00a0\u00bb_blank\u00a0\u00bb title=\u00a0\u00bbVTT\u00a0\u00bb link=\u00a0\u00bbhttps:\/\/partsfinder.onlinemicrofiche.com\/quadexpert\/showmodel\/11\/yamahaatv\u00a0\u00bb][\/vc_column][vc_column width=\u00a0\u00bb1\/3&Prime;][vc_single_image image=\u00a0\u00bb104574&Prime; img_size=\u00a0\u00bbmedium\u00a0\u00bb alignment=\u00a0\u00bbcenter\u00a0\u00bb onclick=\u00a0\u00bbcustom_link\u00a0\u00bb img_link_target=\u00a0\u00bb_blank\u00a0\u00bb title=\u00a0\u00bbC\u00f4te \u00e0 c\u00f4te\u00a0\u00bb link=\u00a0\u00bbhttps:\/\/partsfinder.onlinemicrofiche.com\/quadexpert\/showmodel\/11\/yamahautil\u00a0\u00bb][\/vc_column][vc_column width=\u00a0\u00bb1\/3&Prime;][vc_single_image image=\u00a0\u00bb106165&Prime; img_size=\u00a0\u00bbmedium\u00a0\u00bb alignment=\u00a0\u00bbcenter\u00a0\u00bb onclick=\u00a0\u00bbcustom_link\u00a0\u00bb img_link_target=\u00a0\u00bb_blank\u00a0\u00bb title=\u00a0\u00bbMotoneige\u00a0\u00bb link=\u00a0\u00bbhttps:\/\/partsfinder.onlinemicrofiche.com\/quadexpert\/showmodel\/11\/yamahasnow\u00a0\u00bb][\/vc_column][\/vc_row][vc_row][vc_column][vc_separator][\/vc_column][\/vc_row][vc_row][vc_column width=\u00a0\u00bb1\/3&Prime;][vc_single_image image=\u00a0\u00bb103074&Prime; img_size=\u00a0\u00bbmedium\u00a0\u00bb alignment=\u00a0\u00bbcenter\u00a0\u00bb onclick=\u00a0\u00bbcustom_link\u00a0\u00bb img_link_target=\u00a0\u00bb_blank\u00a0\u00bb title=\u00a0\u00bbMotocross\u00a0\u00bb link=\u00a0\u00bbhttps:\/\/partsfinder.onlinemicrofiche.com\/quadexpert\/showmodel\/11\/yamahadb\u00a0\u00bb][\/vc_column][vc_column width=\u00a0\u00bb1\/3&Prime;][vc_single_image image=\u00a0\u00bb106691&Prime; img_size=\u00a0\u00bbmedium\u00a0\u00bb alignment=\u00a0\u00bbcenter\u00a0\u00bb onclick=\u00a0\u00bbcustom_link\u00a0\u00bb img_link_target=\u00a0\u00bb_blank\u00a0\u00bb title=\u00a0\u00bbV\u00e9lo \u00e9lectrique\u00a0\u00bb link=\u00a0\u00bbhttps:\/\/partsfinder.onlinemicrofiche.com\/quadexpert\/showmodel\/11\/yamahapab\u00a0\u00bb][\/vc_column][vc_column width=\u00a0\u00bb1\/3&Prime;][\/vc_column][\/vc_row][vc_row][vc_column][vc_separator][\/vc_column][\/vc_row][vc_row][vc_column width=\u00a0\u00bb1\/3&Prime;][vc_single_image image=\u00a0\u00bb75238&Prime; img_size=\u00a0\u00bblarge\u00a0\u00bb alignment=\u00a0\u00bbcenter\u00a0\u00bb onclick=\u00a0\u00bbcustom_link\u00a0\u00bb img_link_target=\u00a0\u00bb_blank\u00a0\u00bb title=\u00a0\u00bbMoto de route\u00a0\u00bb link=\u00a0\u00bbhttps:\/\/partsfinder.onlinemicrofiche.com\/quadexpert\/showmodel\/11\/yamahamc\u00a0\u00bb][\/vc_column][vc_column width=\u00a0\u00bb1\/3&Prime;][vc_single_image image=\u00a0\u00bb106686&Prime; img_size=\u00a0\u00bblarge\u00a0\u00bb alignment=\u00a0\u00bbcenter\u00a0\u00bb onclick=\u00a0\u00bbcustom_link\u00a0\u00bb img_link_target=\u00a0\u00bb_blank\u00a0\u00bb title=\u00a0\u00bbScooter\u00a0\u00bb link=\u00a0\u00bbhttps:\/\/partsfinder.onlinemicrofiche.com\/quadexpert\/showmodel\/11\/yamahasc\u00a0\u00bb][\/vc_column][vc_column width=\u00a0\u00bb1\/3&Prime;][\/vc_column][\/vc_row][vc_row][vc_column][vc_separator][\/vc_column][\/vc_row][vc_row][vc_column width=\u00a0\u00bb1\/3&Prime;][vc_single_image image=\u00a0\u00bb105319&Prime; img_size=\u00a0\u00bbmedium\u00a0\u00bb alignment=\u00a0\u00bbcenter\u00a0\u00bb onclick=\u00a0\u00bbcustom_link\u00a0\u00bb img_link_target=\u00a0\u00bb_blank\u00a0\u00bb title=\u00a0\u00bbMoteurs hors-bord\u00a0\u00bb link=\u00a0\u00bbhttps:\/\/partsfinder.onlinemicrofiche.com\/quadexpert\/showmodel\/11\/yamahaob\u00a0\u00bb][\/vc_column][vc_column width=\u00a0\u00bb1\/3&Prime;][vc_single_image image=\u00a0\u00bb106699&Prime; img_size=\u00a0\u00bblarge\u00a0\u00bb alignment=\u00a0\u00bbcenter\u00a0\u00bb onclick=\u00a0\u00bbcustom_link\u00a0\u00bb img_link_target=\u00a0\u00bb_blank\u00a0\u00bb title=\u00a0\u00bbMotomarine\u00a0\u00bb link=\u00a0\u00bbhttps:\/\/partsfinder.onlinemicrofiche.com\/quadexpert\/showmodel\/11\/yamahapwc\u00a0\u00bb][\/vc_column][vc_column width=\u00a0\u00bb1\/3&Prime;][vc_single_image [&#8230;]<\/p>\n","protected":false},"author":2,"featured_media":0,"parent":0,"menu_order":0,"comment_status":"closed","ping_status":"closed","template":"","meta":{"content-type":"","slim_seo":{"title":"Pi\u00e8ces OEM Yamaha - Quad Expert","description":"[vc_row css=\".vc_custom_1410354226977{margin-bottom: 60px !important;}\"][vc_column][vc_column_text] Fiche de pi\u00e8ces Yamaha Les diagrammes de pi\u00e8ces OEM Yamaha ("},"footnotes":""},"class_list":["post-106730","page","type-page","status-publish","hentry"],"_links":{"self":[{"href":"https:\/\/www.quadexpert.com\/fr\/wp-json\/wp\/v2\/pages\/106730","targetHints":{"allow":["GET"]}}],"collection":[{"href":"https:\/\/www.quadexpert.com\/fr\/wp-json\/wp\/v2\/pages"}],"about":[{"href":"https:\/\/www.quadexpert.com\/fr\/wp-json\/wp\/v2\/types\/page"}],"author":[{"embeddable":true,"href":"https:\/\/www.quadexpert.com\/fr\/wp-json\/wp\/v2\/users\/2"}],"replies":[{"embeddable":true,"href":"https:\/\/www.quadexpert.com\/fr\/wp-json\/wp\/v2\/comments?post=106730"}],"version-history":[{"count":6,"href":"https:\/\/www.quadexpert.com\/fr\/wp-json\/wp\/v2\/pages\/106730\/revisions"}],"predecessor-version":[{"id":107916,"href":"https:\/\/www.quadexpert.com\/fr\/wp-json\/wp\/v2\/pages\/106730\/revisions\/107916"}],"wp:attachment":[{"href":"https:\/\/www.quadexpert.com\/fr\/wp-json\/wp\/v2\/media?parent=106730"}],"curies":[{"name":"wp","href":"https:\/\/api.w.org\/{rel}","templated":true}]}}