{"id":105211,"date":"2023-02-09T11:14:52","date_gmt":"2023-02-09T16:14:52","guid":{"rendered":"https:\/\/www.quadexpert.com\/?page_id=105211"},"modified":"2023-02-09T11:23:14","modified_gmt":"2023-02-09T16:23:14","slug":"pontons","status":"publish","type":"page","link":"https:\/\/www.quadexpert.com\/fr\/pontons\/","title":{"rendered":"Pontons"},"content":{"rendered":"<div class=\"wpb-content-wrapper\"><p>[vc_row][vc_column][vc_column_text]<\/p>\n<h3 style=\"text-align: center;\">Nouveau Pontons<\/h3>\n<p style=\"text-align: center;\">Soyez le premier \u00e0 avoir les derniers mod\u00e8les de Pontons.<br \/>\nVisit\u00e9 le site de\u00a0<a href=\"https:\/\/www.yamaha-motor.ca\/en\" target=\"_blank\" rel=\"noopener\">Yamaha Motor Canada<\/a>\u00a0pour voir toute la ligne de produit offert.<\/p>\n<p>[\/vc_column_text]        <script>var inventoryCurrentFilters = {\"condition\":{\"singular\":\"Condition\",\"data\":{\"new\":\"New\"}},\"vehicle-type\":{\"singular\":\"Vehicle Type\",\"data\":{\"pontoons\":\"Pontoons\"}}};<\/script>\n<div class=\"listing-view margin-bottom-20\" data-selected-categories='{\"condition\":\"new\",\"vehicle-type\":\"pontoons\"}'>\n<div class=\"row\">\n<div class=\"col-lg-8 col-md-6 col-sm-6 col-xs-12 padding-none\">\n<span class=\"ribbon\"><strong><span class=\"number_of_listings\">2<\/span> <span class=\"listings_grammar\">V\u00e9hicules<\/span> Matching:<\/strong><\/span>\n<ul class=\"ribbon-item filter margin-bottom-none\" data-all-listings=\"Toutes les annonces\">\n\t<li data-type='condition'><a href=''><i class='fa fa-times-circle'><\/i> Condition:  <span data-key='new'>Neuf<\/span><\/a><\/li>\n\t<li data-type='vehicle-type'><a href=''><i class='fa fa-times-circle'><\/i> Type de v\u00e9hicule:  <span data-key='pontoons'>Pontoons<\/span><\/a><\/li>\n<\/ul>\n<\/div>\n<div class=\"col-lg-4 col-md-6 col-sm-6 col-xs-12 pull-right select_view padding-none\" data-layout=\"wide_left\"><ul class=\"page-view nav nav-tabs\">\n\t<li data-layout='wide_fullwidth'><a href=\"#\"><i class=\"fa\"><\/i><\/a><\/li>\n\t<li class='active' data-layout='wide_left'><a href=\"#\"><i class=\"fa\"><\/i><\/a><\/li>\n\t<li data-layout='wide_right'><a href=\"#\"><i class=\"fa\"><\/i><\/a><\/li>\n\t<li data-layout='boxed_fullwidth'><a href=\"#\"><i class=\"fa\"><\/i><\/a><\/li>\n\t<li data-layout='boxed_left'><a href=\"#\"><i class=\"fa\"><\/i><\/a><\/li>\n\t<li data-layout='boxed_right'><a href=\"#\"><i class=\"fa\"><\/i><\/a><\/li>\n<\/ul>\n <span class=\"align-right\">Select View:<\/span>\n<\/div>\n<\/div>\n<\/div>\n<div class=\"clearfix\"><\/div>\r\n<form method=\"post\" action=\"#\" class=\"listing_sort\">\r\n\t<div class=\"select-wrapper listing_select clearfix margin-bottom-15\"\tstyle='display: none;'>\r\n\t\t<div class=\"my-dropdown condition-dropdown\"><label for=\"condition\" class=\"sr-only\">All Conditions<\/label><select id=\"condition\" name=\"condition\" class=\"listing_filter\" data-sort=\"condition\" data-prefix=\"All\" data-label-singular=\"Condition\" data-label-plural=\"Conditions\" data-no-options=\"Aucune option\" aria-hidden=\"true\" data-compare-value=\"=\" multiple=\"true\">\n<option value=''>All Conditions<\/option>\n\t<option value='New'selected='selected' data-key='new'>Neuf<\/option>\n<\/select>\n\n<\/div><div class=\"my-dropdown vehicle-type-dropdown\"><label for=\"vehicle-type\" class=\"sr-only\">All Types de v\u00e9hicules<\/label><select id=\"vehicle-type\" name=\"vehicle-type\" class=\"listing_filter\" data-sort=\"vehicle-type\" data-prefix=\"All\" data-label-singular=\"Type de v\u00e9hicule\" data-label-plural=\"Types de v\u00e9hicules\" data-no-options=\"Aucune option\" aria-hidden=\"true\" data-compare-value=\"=\" multiple=\"true\">\n<option value=''>All Types de v\u00e9hicules<\/option>\n\t<option value='ATVs' data-key='atvs'>ATVs<\/option>\n\t<option value='E-Bikes' data-key='e-bikes'>E-Bikes<\/option>\n\t<option value='Fishing Boats' data-key='fishing-boats'>Fishing Boats<\/option>\n\t<option value='Generators &amp; Inverters' data-key='generators-inverters'>Generators &amp; Inverters<\/option>\n\t<option value='Marine Trailers' data-key='marine-trailers'>Marine Trailers<\/option>\n\t<option value='Motorcycle Off-Roads' data-key='motorcycle-off-roads'>Motorcycle Off-Roads<\/option>\n\t<option value='Motorcycle Streets' data-key='motorcycle-streets'>Motorcycle Streets<\/option>\n\t<option value='Outboard Motors' data-key='outboard-motors'>Outboard Motors<\/option>\n\t<option value='PTV' data-key='ptv'>PTV<\/option>\n\t<option value='Pontoons'selected='selected' data-key='pontoons'>Pontoons<\/option>\n\t<option value='Pumps &amp; Pressure Washers' data-key='pumps-pressure-washers'>Pumps &amp; Pressure Washers<\/option>\n\t<option value='Scooter' data-key='scooter'>Scooter<\/option>\n\t<option value='Side by Side' data-key='side-by-side'>C&ocirc;te &agrave; C&ocirc;te<\/option>\n\t<option value='Snowblowers' data-key='snowblowers'>Snowblowers<\/option>\n\t<option value='Snowmobiles' data-key='snowmobiles'>Snowmobiles<\/option>\n\t<option value='Trailers' data-key='trailers'>Trailers<\/option>\n\t<option value='Utility Boats' data-key='utility-boats'>Utility Boats<\/option>\n\t<option value='Waverunners' data-key='waverunners'>Waverunners<\/option>\n<\/select>\n\n<\/div><div class=\"my-dropdown year-dropdown\"><label for=\"yr\" class=\"sr-only\">All Ann\u00e9es<\/label><select id=\"yr\" name=\"yr\" class=\"listing_filter\" data-sort=\"year\" data-prefix=\"All\" data-label-singular=\"Ann\u00e9e\" data-label-plural=\"Ann\u00e9es\" data-no-options=\"Aucune option\" aria-hidden=\"true\" data-compare-value=\"=\" multiple=\"true\">\n<option value=''>All Ann\u00e9es<\/option>\n\t<option value='2026' data-key='2026'>2026<\/option>\n\t<option value='2025' data-key='2025'>2025<\/option>\n<\/select>\n\n<\/div><div class=\"my-dropdown brand-dropdown\"><label for=\"brand\" class=\"sr-only\">All Marques<\/label><select id=\"brand\" name=\"brand\" class=\"listing_filter\" data-sort=\"brand\" data-prefix=\"All\" data-label-singular=\"Marque\" data-label-plural=\"Marques\" data-no-options=\"Aucune option\" aria-hidden=\"true\" data-compare-value=\"=\" multiple=\"true\">\n<option value=''>All Marques<\/option>\n\t<option value='SunChaser' data-key='sunchaser'>SunChaser<\/option>\n<\/select>\n\n<\/div><div class=\"my-dropdown showroom-dropdown\"><label for=\"showroom\" class=\"sr-only\">All Showrooms<\/label><select id=\"showroom\" name=\"showroom\" class=\"listing_filter\" data-sort=\"showroom\" data-prefix=\"All\" data-label-singular=\"Showroom\" data-label-plural=\"Showrooms\" data-no-options=\"Aucune option\" aria-hidden=\"true\" data-compare-value=\"=\" multiple=\"true\">\n<option value=''>All Showrooms<\/option>\n\t<option value='No' data-key='no'>Non<\/option>\n<\/select>\n\n<\/div>\r\n\t\t<div class=\"loading_results\">\r\n\t\t\t<i class=\"fa fa-circle-o-notch fa-spin\"><\/i>\r\n\t\t<\/div>\r\n\t<\/div>\r\n\t<div class=\"select-wrapper pagination clearfix margin-bottom-15\">\r\n\t\t<div class=\"row\">\r\n\t\t\t<div class=\"col-lg-4 col-md-4 col-sm-12 col-xs-12 sort-by-menu\">\r\n\t\t\t\t\t\t\t\t\t<span class=\"sort-by\">Sort By:<\/span>\r\n\t\t\t\t\t<div class=\"my-dropdown price-ascending-dropdown\">\r\n\t\t\t\t\t\t<select name=\"price_order\" class=\"listing_filter\" tabindex=\"1\" >\r\n\t\t\t\t\t\t\t<option value='year|ASC'>Ann\u00e9e Ascendant<\/option>\n<option value='year|DESC' selected='selected'>Ann\u00e9e Descendant<\/option>\n<option value='condition|ASC'>Condition Ascendant<\/option>\n<option value='condition|DESC'>Condition Descendant<\/option>\n<option value='vehicle-type|ASC'>Type de v\u00e9hicule Ascendant<\/option>\n<option value='vehicle-type|DESC'>Type de v\u00e9hicule Descendant<\/option>\n\t\t\t\t\t\t<\/select>\r\n\t\t\t\t\t<\/div>\r\n\t\t\t<\/div>\r\n\t\t\t<div class=\"col-lg-3 col-md-4 col-sm-12 col-xs-12\">\r\n\t\t\t\t<div class=\"controls full page_of\" data-page=\"1\"><a href=\"#\" class=\"left-arrow disabled\"><i class=\"fa fa-angle-left\"><\/i><\/a><span>Page <span class=\"current_page\">1<\/span> of <span class=\"total_pages\">1<\/span><\/span><a href=\"#\" class=\"right-arrow disabled\"><i class=\"fa fa-angle-right\"><\/i><\/a><\/div>\t\t\t<\/div>\r\n\t\t\t<div class=\"col-lg-4 col-md-4 col-sm-12 col-xs-12 offset-lg-1\">\r\n\t\t\t\t<ul class=\"form-links top_buttons\">\r\n\t\t\t\t\t\t\t\t\t\t<li><a href=\"#\" class=\"gradient_button reset\">Reset Filters<\/a><\/li>\r\n\t\t\t\t\t\t\t\t\t<\/ul>\r\n\t\t\t<\/div>\r\n\t\t<\/div>\r\n\t<\/div>\r\n<\/form>\r\n<div class='row generate_new'><div class=\"inventory-wide-sidebar-left col-lg-9 col-md-12 col-lg-push-3 car_listings\"><div class=\"sidebar\"><div class=\"col-lg-12\">\r\n\t<div class=\"inventory clearfix margin-bottom-20 styled_input has-badge has-tax-label has-photoswipe\" data-listing=\"138222\">\r\n\t\t\t\t\r\n\t\t        <div class=\"angled_badge custom_badge_in-stock\">\r\n          <span class='smaller'>\r\n\t\t\t\t\t\tEn Stock\t\t\t\t\t<\/span>\r\n        <\/div>\r\n        \r\n\t\t<a class=\"inventory\" href=\"https:\/\/www.quadexpert.com\/fr\/listings\/sunchaser-vista-16-lr-2026-ensemble-complet\/\">\r\n\t\t\t<div class=\"title\">Ponton Sunchaser Vista 16 LR 2026<\/div>\r\n\r\n\t\t\t<div class=\"inventory-image-container\">\r\n\t\t\t\r\n\t\t\t<img decoding=\"async\" src=\"https:\/\/www.quadexpert.com\/wp-content\/uploads\/IMG_4249-200x150.jpg\" class=\"preview\" alt=\"IMG\" width=\"200\" height=\"150\"\r\n                 data-gallery-images='[{\"src\":\"https:\\\/\\\/www.quadexpert.com\\\/wp-content\\\/uploads\\\/IMG_4249-rotated.jpg\",\"w\":900,\"h\":1200},{\"src\":\"https:\\\/\\\/www.quadexpert.com\\\/wp-content\\\/uploads\\\/tmp19074_7953-1.jpg\",\"w\":1200,\"h\":800},{\"src\":\"https:\\\/\\\/www.quadexpert.com\\\/wp-content\\\/uploads\\\/QjAwMDg1OTU4MF9TVU40MzEzMkg1MjYvVklTVEEgMTYgTFJfQjAwMDg1OTU4MF9TVU40MzEzMkg1MjZfc3RhcmJvYXJkX2Jvdy5wbmc.png\",\"w\":1200,\"h\":1200},{\"src\":\"https:\\\/\\\/www.quadexpert.com\\\/wp-content\\\/uploads\\\/QjAwMDg1OTU4MF9TVU40MzEzMkg1MjYvVklTVEEgMTYgTFJfQjAwMDg1OTU4MF9TVU40MzEzMkg1MjZfc3RhcmJvYXJkX3N0ZXJuLnBuZw.png\",\"w\":1200,\"h\":1200},{\"src\":\"https:\\\/\\\/www.quadexpert.com\\\/wp-content\\\/uploads\\\/QjAwMDg1OTU4MF9TVU40MzEzMkg1MjYvVklTVEEgMTYgTFJfQjAwMDg1OTU4MF9TVU40MzEzMkg1MjZfc3Rlcm4ucG5n.png\",\"w\":1200,\"h\":1200},{\"src\":\"https:\\\/\\\/www.quadexpert.com\\\/wp-content\\\/uploads\\\/QjAwMDg1OTU4MF9TVU40MzEzMkg1MjYvVklTVEEgMTYgTFJfQjAwMDg1OTU4MF9TVU40MzEzMkg1MjZfcG9ydF9ib3cucG5n.png\",\"w\":1200,\"h\":1200},{\"src\":\"https:\\\/\\\/www.quadexpert.com\\\/wp-content\\\/uploads\\\/QjAwMDg1OTU4MF9TVU40MzEzMkg1MjYvVklTVEEgMTYgTFJfQjAwMDg1OTU4MF9TVU40MzEzMkg1MjZfcG9ydF9zdGVybi5wbmc.png\",\"w\":1200,\"h\":1200},{\"src\":\"https:\\\/\\\/www.quadexpert.com\\\/wp-content\\\/uploads\\\/QjAwMDg1OTU4MF9TVU40MzEzMkg1MjYvVklTVEEgMTYgTFJfQjAwMDg1OTU4MF9TVU40MzEzMkg1MjZfYm93LnBuZw.png\",\"w\":1200,\"h\":1200},{\"src\":\"https:\\\/\\\/www.quadexpert.com\\\/wp-content\\\/uploads\\\/unnamed-2.png\",\"w\":1200,\"h\":1200},{\"src\":\"https:\\\/\\\/www.quadexpert.com\\\/wp-content\\\/uploads\\\/dsc_0139-1.png\",\"w\":1200,\"h\":803},{\"src\":\"https:\\\/\\\/www.quadexpert.com\\\/wp-content\\\/uploads\\\/dsc_0140-1.png\",\"w\":1200,\"h\":803},{\"src\":\"https:\\\/\\\/www.quadexpert.com\\\/wp-content\\\/uploads\\\/dsc_0141-1.png\",\"w\":803,\"h\":1200},{\"src\":\"https:\\\/\\\/www.quadexpert.com\\\/wp-content\\\/uploads\\\/dsc_0142-1.png\",\"w\":1200,\"h\":803},{\"src\":\"https:\\\/\\\/www.quadexpert.com\\\/wp-content\\\/uploads\\\/dsc_0143-1.png\",\"w\":1200,\"h\":803},{\"src\":\"https:\\\/\\\/www.quadexpert.com\\\/wp-content\\\/uploads\\\/dsc_0144-1.png\",\"w\":1200,\"h\":803},{\"src\":\"https:\\\/\\\/www.quadexpert.com\\\/wp-content\\\/uploads\\\/dsc_0145-1.png\",\"w\":1200,\"h\":803},{\"src\":\"https:\\\/\\\/www.quadexpert.com\\\/wp-content\\\/uploads\\\/dsc_0146-1.png\",\"w\":1200,\"h\":803},{\"src\":\"https:\\\/\\\/www.quadexpert.com\\\/wp-content\\\/uploads\\\/dsc_0148-2.png\",\"w\":1200,\"h\":803},{\"src\":\"https:\\\/\\\/www.quadexpert.com\\\/wp-content\\\/uploads\\\/dsc_0149-1.png\",\"w\":1200,\"h\":803},{\"src\":\"https:\\\/\\\/www.quadexpert.com\\\/wp-content\\\/uploads\\\/dsc_0150-2.png\",\"w\":1200,\"h\":803},{\"src\":\"https:\\\/\\\/www.quadexpert.com\\\/wp-content\\\/uploads\\\/dsc_0151-3.png\",\"w\":1200,\"h\":803},{\"src\":\"https:\\\/\\\/www.quadexpert.com\\\/wp-content\\\/uploads\\\/tmp19074_7767-1.jpg\",\"w\":1200,\"h\":800},{\"src\":\"https:\\\/\\\/www.quadexpert.com\\\/wp-content\\\/uploads\\\/tmp19074_8178.jpg\",\"w\":1200,\"h\":800},{\"src\":\"https:\\\/\\\/www.quadexpert.com\\\/wp-content\\\/uploads\\\/tmp19074_8263-1.jpg\",\"w\":1200,\"h\":800},{\"src\":\"https:\\\/\\\/www.quadexpert.com\\\/wp-content\\\/uploads\\\/IMG_4242-rotated.jpg\",\"w\":900,\"h\":1200},{\"src\":\"https:\\\/\\\/www.quadexpert.com\\\/wp-content\\\/uploads\\\/IMG_4241-rotated.jpg\",\"w\":900,\"h\":1200}]'>\r\n      <\/div>\r\n\r\n\t\t\t<table class='options-primary'>\n\t<tr class='listing_category_msrp'>\n\t\t<td class='option primary'>PDSF: <\/td>\n\t\t<td class='spec'>$38,699<\/td>\n\t<\/tr>\n\t<tr class='listing_category_color'>\n\t\t<td class='option primary'>Couleur: <\/td>\n\t\t<td class='spec'>Carbon<\/td>\n\t<\/tr>\n\t<tr class='listing_category_outboard-motor'>\n\t\t<td class='option primary'>Outboard-motor: <\/td>\n\t\t<td class='spec'>Yamaha F40<\/td>\n\t<\/tr>\n\t<tr class='listing_category_stock-number'>\n\t\t<td class='option primary'>Num\u00e9ros d'inventaire: <\/td>\n\t\t<td class='spec'>B6-00001<\/td>\n\t<\/tr>\n\t<tr class='listing_category_vin-number'>\n\t\t<td class='option primary'>Num\u00e9ro VIN: <\/td>\n\t\t<td class='spec'>43132H526<\/td>\n\t<\/tr>\n<\/table>\n\r\n\t\t\t<div class=\"view-details gradient_button\">\r\n\t\t\t\t<i class='fa fa-plus-circle'><\/i> View Details\t\t\t<\/div>\r\n\r\n\t\t\t<div class=\"clearfix\"><\/div>\r\n\t\t<\/a>\r\n\r\n\t\t\r\n\t\t\t\t<div class=\"price\">\r\n\t\t\t\t\t\t\t\t\t\t\t<b class=\"current-price\">Prix :<\/b>\r\n\t\t\t\t\t\t<div class=\"figure\">\r\n\t\t\t\t\t\t\t$38,699\t\t\t\t\t\t<\/div>\r\n\t\t\t\t\t\t<div class=\"tax\">+Licences +Taxes<\/div>\n\t\t\t\t<\/div>\r\n\t\t\t\r\n\t\t\r\n\t\t\t<\/div>\r\n<\/div>\r\n<div class=\"col-lg-12\">\r\n\t<div class=\"inventory clearfix margin-bottom-20 styled_input has-badge has-original-price has-tax-label has-photoswipe\" data-listing=\"136174\">\r\n\t\t\t\t\r\n\t\t        <div class=\"angled_badge custom_badge_clearance-sale\">\r\n          <span class='smaller'>\r\n\t\t\t\t\t\tVENTE DE\nLIQUIDATION\u00a0!\t\t\t\t\t<\/span>\r\n        <\/div>\r\n        \r\n\t\t<a class=\"inventory\" href=\"https:\/\/www.quadexpert.com\/fr\/listings\/2025-sunchaser-lucerne-20-lr-dh-forfait-complet\/\">\r\n\t\t\t<div class=\"title\">Ponton SunChaser Lucerne 20 LR DH 2025 - Liquidation<\/div>\r\n\r\n\t\t\t<div class=\"inventory-image-container\">\r\n\t\t\t\r\n\t\t\t<img decoding=\"async\" src=\"https:\/\/www.quadexpert.com\/wp-content\/uploads\/BDP2385-200x150.jpg\" class=\"preview\" alt=\" Bdp2385\" width=\"200\" height=\"150\"\r\n                 data-gallery-images='[{\"src\":\"https:\\\/\\\/www.quadexpert.com\\\/wp-content\\\/uploads\\\/BDP2385.jpg\",\"w\":1200,\"h\":800},{\"src\":\"https:\\\/\\\/www.quadexpert.com\\\/wp-content\\\/uploads\\\/IMG_5358-rotated.jpg\",\"w\":480,\"h\":640},{\"src\":\"https:\\\/\\\/www.quadexpert.com\\\/wp-content\\\/uploads\\\/IMG_5359-rotated.jpg\",\"w\":480,\"h\":640},{\"src\":\"https:\\\/\\\/www.quadexpert.com\\\/wp-content\\\/uploads\\\/IMG_5361-rotated.jpg\",\"w\":480,\"h\":640},{\"src\":\"https:\\\/\\\/www.quadexpert.com\\\/wp-content\\\/uploads\\\/BDP2484.jpg\",\"w\":1200,\"h\":800},{\"src\":\"https:\\\/\\\/www.quadexpert.com\\\/wp-content\\\/uploads\\\/BDP2511.jpg\",\"w\":1200,\"h\":800},{\"src\":\"https:\\\/\\\/www.quadexpert.com\\\/wp-content\\\/uploads\\\/BDP2540.jpg\",\"w\":1200,\"h\":800},{\"src\":\"https:\\\/\\\/www.quadexpert.com\\\/wp-content\\\/uploads\\\/BDP2584.jpg\",\"w\":1200,\"h\":800},{\"src\":\"https:\\\/\\\/www.quadexpert.com\\\/wp-content\\\/uploads\\\/BDP2597.jpg\",\"w\":1200,\"h\":800},{\"src\":\"https:\\\/\\\/www.quadexpert.com\\\/wp-content\\\/uploads\\\/tmp24050_09775.jpg\",\"w\":1200,\"h\":800},{\"src\":\"https:\\\/\\\/www.quadexpert.com\\\/wp-content\\\/uploads\\\/tmp24050_09812.jpg\",\"w\":1200,\"h\":800},{\"src\":\"https:\\\/\\\/www.quadexpert.com\\\/wp-content\\\/uploads\\\/tmp24050_09831.jpg\",\"w\":1200,\"h\":800},{\"src\":\"https:\\\/\\\/www.quadexpert.com\\\/wp-content\\\/uploads\\\/tmp24050_09862.jpg\",\"w\":1200,\"h\":800},{\"src\":\"https:\\\/\\\/www.quadexpert.com\\\/wp-content\\\/uploads\\\/tmp24050_09924.jpg\",\"w\":1200,\"h\":800},{\"src\":\"https:\\\/\\\/www.quadexpert.com\\\/wp-content\\\/uploads\\\/tmp24050_09964.jpg\",\"w\":1200,\"h\":800},{\"src\":\"https:\\\/\\\/www.quadexpert.com\\\/wp-content\\\/uploads\\\/unnamed-2.png\",\"w\":1200,\"h\":1200}]'>\r\n      <\/div>\r\n\r\n\t\t\t<table class='options-primary'>\n\t<tr class='listing_category_msrp'>\n\t\t<td class='option primary'>PDSF: <\/td>\n\t\t<td class='spec'>$57,986<\/td>\n\t<\/tr>\n\t<tr class='listing_category_color'>\n\t\t<td class='option primary'>Couleur: <\/td>\n\t\t<td class='spec'>Bourgogne<\/td>\n\t<\/tr>\n\t<tr class='listing_category_outboard-motor'>\n\t\t<td class='option primary'>Outboard-motor: <\/td>\n\t\t<td class='spec'>Yamaha T60LB High Thrust<\/td>\n\t<\/tr>\n\t<tr class='listing_category_stock-number'>\n\t\t<td class='option primary'>Num\u00e9ros d'inventaire: <\/td>\n\t\t<td class='spec'>B5-00030<\/td>\n\t<\/tr>\n\t<tr class='listing_category_vin-number'>\n\t\t<td class='option primary'>Num\u00e9ro VIN: <\/td>\n\t\t<td class='spec'>SUN41708A525<\/td>\n\t<\/tr>\n<\/table>\n\r\n\t\t\t<div class=\"view-details gradient_button\">\r\n\t\t\t\t<i class='fa fa-plus-circle'><\/i> View Details\t\t\t<\/div>\r\n\r\n\t\t\t<div class=\"clearfix\"><\/div>\r\n\t\t<\/a>\r\n\r\n\t\t\r\n\t\t\t\t<div class=\"price\">\r\n\t\t\t\t\t<div class='original_price'><b>Original Price: <\/b><div class=\"figure\">$57,986<\/div><\/div>\t\t\t\t\t\t<b class=\"current-price\">VentePrix :<\/b>\r\n\t\t\t\t\t\t<div class=\"figure\">\r\n\t\t\t\t\t\t\t$42,486\t\t\t\t\t\t<\/div>\r\n\t\t\t\t\t\t<div class=\"tax\">+Licences +Taxes<\/div>\n\t\t\t\t<\/div>\r\n\t\t\t\r\n\t\t\t\t\t<div class=\"view-video gradient_button\" data-youtube-id=\"Yr7-uWpQ4jg\"\r\n\t\t\t\t\t\t\t\t>\r\n\t\t\t\t<i class=\"fa fa-video-camera\"><\/i> View Video\t\t\t<\/div>\r\n\t\t\r\n\t\t\t<\/div>\r\n<\/div>\r\n<div class=\"clearfix\"><\/div><\/div><\/div><div class=\"col-xl-3 col-lg-3 order-xl-first order-lg-first col-md-12 left-sidebar side-content listing-sidebar\"><div class=\"side-widget padding-bottom-50\"><h3 class=\"side-widget-title margin-bottom-25\">Rechercher dans notre inventaire<\/h3><div class='dropdowns select-form'><div class=\"my-dropdown condition-dropdown max-dropdown\"><label for=\"condition\" class=\"sr-only\"> Conditions<\/label><select id=\"condition\" name=\"condition\" class=\"listing_filter sidebar_widget_filter\" data-sort=\"condition\" data-prefix=\"\" data-label-singular=\"Condition\" data-label-plural=\"Conditions\" data-no-options=\"Aucune option\" aria-hidden=\"true\" data-compare-value=\"=\" multiple=\"true\">\n<option value=''> Conditions<\/option>\n\t<option value='New' data-key='new'>Neuf<\/option>\n<\/select>\n\n<\/div><div class=\"my-dropdown vehicle-type-dropdown max-dropdown\"><label for=\"vehicle-type\" class=\"sr-only\"> Types de v\u00e9hicules<\/label><select id=\"vehicle-type\" name=\"vehicle-type\" class=\"listing_filter sidebar_widget_filter\" data-sort=\"vehicle-type\" data-prefix=\"\" data-label-singular=\"Type de v\u00e9hicule\" data-label-plural=\"Types de v\u00e9hicules\" data-no-options=\"Aucune option\" aria-hidden=\"true\" data-compare-value=\"=\" multiple=\"true\">\n<option value=''> Types de v\u00e9hicules<\/option>\n\t<option value='ATVs' data-key='atvs'>ATVs<\/option>\n\t<option value='E-Bikes' data-key='e-bikes'>E-Bikes<\/option>\n\t<option value='Fishing Boats' data-key='fishing-boats'>Fishing Boats<\/option>\n\t<option value='Generators &amp; Inverters' data-key='generators-inverters'>Generators &amp; Inverters<\/option>\n\t<option value='Marine Trailers' data-key='marine-trailers'>Marine Trailers<\/option>\n\t<option value='Motorcycle Off-Roads' data-key='motorcycle-off-roads'>Motorcycle Off-Roads<\/option>\n\t<option value='Motorcycle Streets' data-key='motorcycle-streets'>Motorcycle Streets<\/option>\n\t<option value='Outboard Motors' data-key='outboard-motors'>Outboard Motors<\/option>\n\t<option value='PTV' data-key='ptv'>PTV<\/option>\n\t<option value='Pontoons' data-key='pontoons'>Pontoons<\/option>\n\t<option value='Pumps &amp; Pressure Washers' data-key='pumps-pressure-washers'>Pumps &amp; Pressure Washers<\/option>\n\t<option value='Scooter' data-key='scooter'>Scooter<\/option>\n\t<option value='Side by Side' data-key='side-by-side'>C&ocirc;te &agrave; C&ocirc;te<\/option>\n\t<option value='Snowblowers' data-key='snowblowers'>Snowblowers<\/option>\n\t<option value='Snowmobiles' data-key='snowmobiles'>Snowmobiles<\/option>\n\t<option value='Trailers' data-key='trailers'>Trailers<\/option>\n\t<option value='Utility Boats' data-key='utility-boats'>Utility Boats<\/option>\n\t<option value='Waverunners' data-key='waverunners'>Waverunners<\/option>\n<\/select>\n\n<\/div><div class=\"my-dropdown year-dropdown max-dropdown\"><label for=\"yr\" class=\"sr-only\"> Ann\u00e9es<\/label><select id=\"yr\" name=\"yr\" class=\"listing_filter sidebar_widget_filter\" data-sort=\"year\" data-prefix=\"\" data-label-singular=\"Ann\u00e9e\" data-label-plural=\"Ann\u00e9es\" data-no-options=\"Aucune option\" aria-hidden=\"true\" data-compare-value=\"=\" multiple=\"true\">\n<option value=''> Ann\u00e9es<\/option>\n\t<option value='2026' data-key='2026'>2026<\/option>\n\t<option value='2025' data-key='2025'>2025<\/option>\n<\/select>\n\n<\/div><div class=\"my-dropdown brand-dropdown max-dropdown\"><label for=\"brand\" class=\"sr-only\"> Marques<\/label><select id=\"brand\" name=\"brand\" class=\"listing_filter sidebar_widget_filter\" data-sort=\"brand\" data-prefix=\"\" data-label-singular=\"Marque\" data-label-plural=\"Marques\" data-no-options=\"Aucune option\" aria-hidden=\"true\" data-compare-value=\"=\" multiple=\"true\">\n<option value=''> Marques<\/option>\n\t<option value='SunChaser' data-key='sunchaser'>SunChaser<\/option>\n<\/select>\n\n<\/div><\/div><button class='button reset_widget_filter md-button margin-top-10 margin-bottom-none btn-inventory'>Reset Search Filters<\/button><div class='clearfix'><\/div><div class=\"clearfix\"><\/div><\/div><div class=\"side-widget padding-bottom-50\"><div class=\"financing_calculator\" data-currency-symbol=\"$\"><h3 class=\"side-widget-title margin-bottom-25\">Calculateur de financement<\/h3>\t<div class=\"table-responsive\">\r\n\t\t<table class=\"table no-border no-margin\">\r\n\t\t\t<tbody>\r\n\t\t\t<tr>\r\n\t\t\t\t<td>Cost of Vehicle ($):<\/td>\r\n\t\t\t\t<td><input type=\"text\" class=\"number cost\" value=\"10000\"><\/td>\r\n\t\t\t<\/tr>\r\n\t\t\t<tr>\r\n\t\t\t\t<td>Down Payment ($):<\/td>\r\n\t\t\t\t<td><input type=\"text\" class=\"number down_payment\" value=\"1000\"><\/td>\r\n\t\t\t<\/tr>\r\n\t\t\t<tr>\r\n\t\t\t\t<td>Annual Interest Rate (%):<\/td>\r\n\t\t\t\t<td><input type=\"text\" class=\"number interest\" value=\"7\"><\/td>\r\n\t\t\t<\/tr>\r\n\t\t\t<tr>\r\n\t\t\t\t<td>Term of Loan in Years:<\/td>\r\n\t\t\t\t<td><input type=\"text\" class=\"number loan_years\" value=\"5\"><\/td>\r\n\t\t\t<\/tr>\r\n\t\t\t<\/tbody>\r\n\t\t<\/table>\r\n\t<\/div>\r\n\t<div class=\"bi_weekly clearfix\">\r\n\t\t<div class=\"pull-left\">Frequency of Payments:<\/div>\r\n\t\t\t\t<div class=\"styled pull-right\">\r\n\t\t\t<select class=\"frequency css-dropdowns\">\r\n\t\t\t\t<option value='0' selected='selected'>Bihebdomadaire<\/option>\r\n\t\t\t\t<option value='1'>Hebdomadaire<\/option>\r\n\t\t\t\t<option value='2'>Mensuel<\/option>\r\n\t\t\t<\/select>\r\n\t\t<\/div>\r\n\t<\/div>\r\n\t<span class=\"btn-inventory pull-right calculate\">Calculate My Payment<\/span>\r\n\t<div class=\"clear\"><\/div>\r\n\t<div class=\"calculation\">\r\n\t\t<div class=\"table-responsive\">\r\n\t\t\t<table>\r\n\t\t\t\t<tbody><tr>\r\n\t\t\t\t\t<td><strong>NUMBER OF PAYMENTS:<\/strong><\/td>\r\n\t\t\t\t\t<td><strong class=\"payments\">60<\/strong><\/td>\r\n\t\t\t\t<\/tr>\r\n\t\t\t\t<tr>\r\n\t\t\t\t\t<td><strong>PAYMENT AMOUNT:<\/strong><\/td>\r\n\t\t\t\t\t<td><strong class=\"payment_amount\">$ 89.11<\/strong><\/td>\r\n\t\t\t\t<\/tr>\r\n\t\t\t\t<\/tbody><\/table>\r\n\t\t<\/div>\r\n\t<\/div>\r\n\r\n\t<\/div>\r\n<div class=\"clearfix\"><\/div><\/div><\/div><div class=\"col-lg-9 col-md-9 col-sm-12 col-xs-12 pagination_container col-lg-offset-3\">\n\r\n\t\t\t<ul class=\"pagination margin-bottom-none margin-top-25 md-margin-bottom-none bottom_pagination\">\n\t<li data-page='previous' class='disabled previous'><a href='#'><i class='fa fa-angle-left'><\/i><\/a><\/li>\n\t<li data-page='1' class='disabled number active'><a href='#'>1<\/a><\/li>\n\t<li data-page='next' class='disabled next'><a href='#'><i class='fa fa-angle-right'><\/i><\/a><\/li>\n<\/ul>\n<\/div>\n<\/div><div id='autocheck_history_report'><\/div><div class='clearfix'><\/div><div id=\"youtube_video\">\r\n\t\t\t<iframe width=\"560\" height=\"315\" src=\"about:blank\" allowfullscreen style=\"width: 560px; height: 315px; border: 0;\"><\/iframe>\r\n\t\t<\/div>[\/vc_column][\/vc_row]<\/p>\n<\/div>","protected":false},"excerpt":{"rendered":"<p>[vc_row][vc_column][vc_column_text]<\/p>\n<p> Nouveau Pontons <\/p>\n<p style=\"text-align: center;\">Soyez le premier \u00e0 avoir les derniers mod\u00e8les de Pontons.<br \/> Visit\u00e9 le site de\u00a0Yamaha Motor Canada\u00a0pour voir toute la ligne de produit offert.<\/p>\n<p>[\/vc_column_text][\/vc_column][\/vc_row]<\/p>\n","protected":false},"author":2,"featured_media":0,"parent":0,"menu_order":0,"comment_status":"closed","ping_status":"closed","template":"","meta":{"content-type":"","slim_seo":{"title":"Pontons - Quad Expert","description":"[vc_row][vc_column][vc_column_text] Nouveau Pontons Soyez le premier \u00e0 avoir les derniers mod\u00e8les de Pontons. Visit\u00e9 le site de\u00a0 Yamaha Motor Canada \u00a0pour voir"},"footnotes":""},"class_list":["post-105211","page","type-page","status-publish","hentry"],"_links":{"self":[{"href":"https:\/\/www.quadexpert.com\/fr\/wp-json\/wp\/v2\/pages\/105211","targetHints":{"allow":["GET"]}}],"collection":[{"href":"https:\/\/www.quadexpert.com\/fr\/wp-json\/wp\/v2\/pages"}],"about":[{"href":"https:\/\/www.quadexpert.com\/fr\/wp-json\/wp\/v2\/types\/page"}],"author":[{"embeddable":true,"href":"https:\/\/www.quadexpert.com\/fr\/wp-json\/wp\/v2\/users\/2"}],"replies":[{"embeddable":true,"href":"https:\/\/www.quadexpert.com\/fr\/wp-json\/wp\/v2\/comments?post=105211"}],"version-history":[{"count":5,"href":"https:\/\/www.quadexpert.com\/fr\/wp-json\/wp\/v2\/pages\/105211\/revisions"}],"predecessor-version":[{"id":105243,"href":"https:\/\/www.quadexpert.com\/fr\/wp-json\/wp\/v2\/pages\/105211\/revisions\/105243"}],"wp:attachment":[{"href":"https:\/\/www.quadexpert.com\/fr\/wp-json\/wp\/v2\/media?parent=105211"}],"curies":[{"name":"wp","href":"https:\/\/api.w.org\/{rel}","templated":true}]}}