{"id":102604,"date":"2017-03-08T12:55:26","date_gmt":"2017-03-08T17:55:26","guid":{"rendered":"https:\/\/www.quadexpert.com\/about\/"},"modified":"2026-03-26T16:34:41","modified_gmt":"2026-03-26T20:34:41","slug":"apropos","status":"publish","type":"page","link":"https:\/\/www.quadexpert.com\/fr\/apropos\/","title":{"rendered":"\u00c0 propos de Quad Expert"},"content":{"rendered":"<div class=\"wpb-content-wrapper\"><p>[vc_section css=\u00a0\u00bb.vc_custom_1489036831493{margin-top: 30px !important;}\u00a0\u00bb][vc_row 0=\u00a0\u00bb\u00a0\u00bb][vc_column 0=\u00a0\u00bb\u00a0\u00bb][vc_column_text css=\u00a0\u00bb.vc_custom_1489758749655{margin-bottom: 0px !important;padding-bottom: 20px !important;}\u00a0\u00bb]<\/p>\n<h3>\u00c0 PROPOS DE NOS CHEF DE L&rsquo;ENTREPRISE<\/h3>\n<p>[\/vc_column_text][\/vc_column][\/vc_row][vc_row 0=\u00a0\u00bb\u00a0\u00bb][vc_column width=\u00a0\u00bb1\/2&Prime;][vc_single_image image=\u00a0\u00bb27446&Prime; img_size=\u00a0\u00bbfull\u00a0\u00bb][\/vc_column][vc_column width=\u00a0\u00bb1\/2&Prime;][vc_column_text 0=\u00a0\u00bb\u00a0\u00bb]Mark Schroeder a suivi une formation de technicien automobile et s&rsquo;est lanc\u00e9 dans la course de VTT en 1991. Il a gagn\u00e9 sa place en tant que pilote expert de VTT, avec un championnat \u00e0 sa ceinture en 1993. Sa vaste exp\u00e9rience dans le domaine de l&rsquo;automobile s&rsquo;est \u00e9tendue au monde des sports motoris\u00e9s, o\u00f9 il a appris \u00e0 r\u00e9parer, modifier et r\u00e9organiser n&rsquo;importe quoi. Il s&rsquo;est retrouv\u00e9 \u00e0 aider ses amis et ses concurrents le jour des courses. En 2008, il a trouv\u00e9 sa niche dans l&rsquo;industrie du sport de moto et a quitt\u00e9 le monde de la r\u00e9paration d&rsquo;automobiles et de camions. Avec le soutien de Roxanne Rollin, sa femme qu&rsquo;il a rencontr\u00e9e sur un circuit de course, ils ont fond\u00e9 ensemble Quad Expert.[\/vc_column_text][vc_column_text css=\u00a0\u00bb.vc_custom_1489037512181{margin-bottom: 0px !important;padding-bottom: 0px !important;}\u00a0\u00bb]<\/p>\n<h6 style=\"text-align: center;\"><em><strong>\u201c Nous nous effor\u00e7ons de respecter les d\u00e9lais de livraison et de vous donner enti\u00e8re satisfaction.\u201d<\/strong><\/em><\/h6>\n<p>[\/vc_column_text][vc_column_text css=\u00a0\u00bb.vc_custom_1489037154152{margin-top: 0px !important;margin-bottom: 0px !important;padding-top: 0px !important;padding-bottom: 0px !important;}\u00a0\u00bb]<\/p>\n<p style=\"text-align: right;\"><strong><span style=\"color: #ff0000;\"><em>Mark Schroeder &amp; Roxanne Rollin<\/em><\/span><\/strong><\/p>\n<p>[\/vc_column_text][\/vc_column][\/vc_row][vc_row 0=\u00a0\u00bb\u00a0\u00bb][vc_column width=\u00a0\u00bb1\/2&Prime;][vc_column_text css=\u00a0\u00bb.vc_custom_1489037696504{margin-bottom: 0px !important;padding-bottom: 0px !important;}\u00a0\u00bb]<\/p>\n<h3>NOTRE MISSION<\/h3>\n<p>[\/vc_column_text][\/vc_column][vc_column width=\u00a0\u00bb1\/2&Prime;][vc_column_text css=\u00a0\u00bb.vc_custom_1489037716020{margin-bottom: 0px !important;padding-bottom: 0px !important;}\u00a0\u00bb]<\/p>\n<h3>NOTRE MANDAT<\/h3>\n<p>[\/vc_column_text][\/vc_column][\/vc_row][vc_row 0=\u00a0\u00bb\u00a0\u00bb][vc_column width=\u00a0\u00bb1\/2&Prime;][vc_column_text 0=\u00a0\u00bb\u00a0\u00bb css=\u00a0\u00bb\u00a0\u00bb]<\/p>\n<div class=\"flex-shrink-0 flex flex-col relative items-end\">\n<div>\n<div class=\"pt-0.5 juice:pt-0\">\n<div class=\"gizmo-bot-avatar flex h-6 w-6 items-center justify-center overflow-hidden rounded-full juice:h-8 juice:w-8\">\n<div class=\"relative p-1 rounded-sm flex items-center justify-center bg-token-main-surface-primary text-token-text-primary h-8 w-8\">Notre mission est d&rsquo;\u00eatre \u00e0 la fois les leaders r\u00e9gionaux dans le domaine des sports motoris\u00e9s au sein d&rsquo;une installation physique et les leaders nationaux avec une plateforme de commerce \u00e9lectronique. Nous nous effor\u00e7ons de r\u00e9pondre \u00e0 tous les besoins et d\u00e9sirs des fans de sports motoris\u00e9s, des experts aux amateurs, en offrant une large s\u00e9lection de v\u00e9hicules de sports motoris\u00e9s, de pi\u00e8ces, de v\u00eatements et d&rsquo;accessoires, tout en r\u00e9pondant \u00e0 tous les budgets, tous les \u00e2ges et tous les styles de conduite, ainsi qu&rsquo;en fournissant des services de maintenance et des r\u00e9parations de qualit\u00e9 sup\u00e9rieure. Tout cela avec le sourire et un d\u00e9sir sinc\u00e8re de vous offrir une satisfaction client \u00e0 100% !<\/div>\n<\/div>\n<\/div>\n<\/div>\n<\/div>\n<p>[\/vc_column_text][\/vc_column][vc_column width=\u00a0\u00bb1\/2&Prime;][vc_column_text 0=\u00a0\u00bb\u00a0\u00bb css=\u00a0\u00bb\u00a0\u00bb]Notre mandat est de d\u00e9velopper une image corporative forte menant \u00e0 la reconnaissance du nom et du logo de Quad Expert. Nous visons \u00e0 devenir la destination n\u00b01 pour tous les pilotes amateurs et professionnels de v\u00e9hicules r\u00e9cr\u00e9atifs motoris\u00e9s. Nous voulons \u00eatre l&rsquo;endroit id\u00e9al pour que tout pilote puisse obtenir tous les produits et services de sports motoris\u00e9s dont il a besoin pour pratiquer son passe-temps.[\/vc_column_text][\/vc_column][\/vc_row][\/vc_section][vc_row 0=\u00a0\u00bb\u00a0\u00bb][vc_column 0=\u00a0\u00bb\u00a0\u00bb][vc_images_carousel images=\u00a0\u00bb142477,142481,142492,28569,27689,27693,27775,27900,27695,27894,27697,27893,27698,27892,27891,27890,27700,27889,27825,27823,27799,27800,27801,27802,27803,27804,27805,27806,27807,27811,27822,27781,27778,27776,27752,27715,27702,27696,27691,142484&Prime; img_size=\u00a0\u00bbfull\u00a0\u00bb speed=\u00a0\u00bb3000&Prime; slides_per_view=\u00a0\u00bb7&Prime; autoplay=\u00a0\u00bbyes\u00a0\u00bb hide_pagination_control=\u00a0\u00bbyes\u00a0\u00bb hide_prev_next_buttons=\u00a0\u00bbyes\u00a0\u00bb wrap=\u00a0\u00bbyes\u00a0\u00bb css=\u00a0\u00bb\u00a0\u00bb][\/vc_column][\/vc_row][vc_section 0=\u00a0\u00bb\u00a0\u00bb][vc_row 0=\u00a0\u00bb\u00a0\u00bb][vc_column width=\u00a0\u00bb2\/3&Prime;][vc_column_text 0=\u00a0\u00bb\u00a0\u00bb css=\u00a0\u00bb\u00a0\u00bb]Quad Expert, votre concessionnaire de choix pour les VTT, motos, UTV, PVT et motoneiges, place votre satisfaction au c\u0153ur de son engagement. Concessionnaire autoris\u00e9 Yamaha, nous proposons une gamme compl\u00e8te de VTT, UTV, motoneiges, g\u00e9n\u00e9rateurs, onduleurs, pompes ainsi que des motos de route et hors route. Nous offrons \u00e9galement une s\u00e9lection haut de gamme de produits nautiques, incluant les bateaux de p\u00eache Smokercraft, les pontons Sunchaser, les WaveRunners Yamaha et les moteurs hors-bord Yamaha . Entreprise familiale depuis 2001, Quad Expert se distingue par son h\u00e9ritage en sports motoris\u00e9s et sa collection de troph\u00e9es, reflet de sa passion et de son expertise.<\/p>\n<p><a href=\"https:\/\/www.quadexpert.com\/wp-content\/uploads\/\/opendocument-2-4-300x200.jpg\"><img fetchpriority=\"high\" decoding=\"async\" class=\"alignnone size-medium wp-image-143281\" src=\"https:\/\/www.quadexpert.com\/wp-content\/uploads\/\/opendocument-2-4-300x200.jpg\" alt=\"Opendocument (2)\" width=\"300\" height=\"200\" srcset=\"https:\/\/www.quadexpert.com\/wp-content\/uploads\/opendocument-2-4-300x200.jpg 300w, https:\/\/www.quadexpert.com\/wp-content\/uploads\/opendocument-2-4-1024x683.jpg 1024w, https:\/\/www.quadexpert.com\/wp-content\/uploads\/opendocument-2-4-150x100.jpg 150w, https:\/\/www.quadexpert.com\/wp-content\/uploads\/opendocument-2-4-768x512.jpg 768w, https:\/\/www.quadexpert.com\/wp-content\/uploads\/opendocument-2-4.jpg 1200w\" sizes=\"(max-width: 300px) 100vw, 300px\" \/><\/a><\/p>\n<p>Notre \u00e9quipe est tr\u00e8s comp\u00e9tente dans tous les aspects des SPORTS MOTORIS\u00c9S \u2013 VTT, G\u00c9N\u00c9RATEURS, ONDULEURS, MOTOS, MOTONEIGES et motos tout-terrain et autres v\u00e9hicules tout-terrain. Votre guichet unique dans l&rsquo;Est de l&rsquo;Ontario se sp\u00e9cialise dans la VENTE et les SERVICES DE QUALIT\u00c9 tels que les r\u00e9glages, les reconstructions de moteurs et les am\u00e9liorations de haute performance. Nous faisons tout \u2013 et nous le faisons BIEN ! Notre impressionnant showroom de 5000 pieds carr\u00e9s, avec casques, accessoires, pi\u00e8ces, v\u00eatements et tout le reste \u2013 nous avons tout ce qu&rsquo;il vous faut.<\/p>\n<p>Profitez de notre installation exclusive de test de 4 acres pour essayer votre prochaine machine. Avec une vaste zone de stationnement adapt\u00e9e aux remorques, il n&rsquo;a jamais \u00e9t\u00e9 aussi facile de d\u00e9poser votre v\u00e9hicule ou de r\u00e9cup\u00e9rer votre nouveau v\u00e9hicule.<br \/>\nQue vous soyez des coureurs chevronn\u00e9s ou des guerriers du week-end, nous avons h\u00e2te de vous offrir une exp\u00e9rience de vente imbattable.[\/vc_column_text][\/vc_column][vc_column width=\u00a0\u00bb1\/3&Prime;][vc_column_text 0=\u00a0\u00bb\u00a0\u00bb]<\/p>\n<h3>L&rsquo;ADVANTAGE QUADEXPERT<\/h3>\n<p>[\/vc_column_text]<ul class='shortcode type-checkboxes '><li><span><i class='fa fa-check '><\/i><\/span><strong>Nous avons une installation de test de 4 acres !<\/strong><\/li><li><span><i class='fa fa-check '><\/i><\/span><strong>Nous avons un parking adapt\u00e9 aux remorques !<\/strong><\/li><li><span><i class='fa fa-check '><\/i><\/span><strong>Nous avons les MEILLEURS techniciens !<\/strong><\/li><li><span><i class='fa fa-check '><\/i><\/span><strong>Nous vous traitons comme de la FAMILLE ! Parce que VOUS en faites partie !<\/strong><\/li><li><span><i class='fa fa-check '><\/i><\/span><strong>Nous sommes heureux que vous choisissiez de faire affaire avec nous !<\/strong><\/li><li><span><i class='fa fa-check '><\/i><\/span><strong>Nous soutenons les clubs de sports motoris\u00e9s locaux !<\/strong><\/li><li><span><i class='fa fa-check '><\/i><\/span><\/p>\n<div class=\"flex-shrink-0 flex flex-col relative items-end\">\n<div>\n<div class=\"pt-0.5 juice:pt-0\">\n<div class=\"gizmo-bot-avatar flex h-6 w-6 items-center justify-center overflow-hidden rounded-full juice:h-8 juice:w-8\"><strong>Nous soutenons les programmes \u00e9tudiants locaux !<\/strong><\/div>\n<\/div>\n<\/div>\n<\/div>\n<p><\/li><li><span><i class='fa fa-check '><\/i><\/span><strong>Nous AIMONS tout simplement ce que nous FAISONS !<\/strong><\/li><\/ul>[\/vc_column][\/vc_row][\/vc_section]<\/p>\n<\/div>","protected":false},"excerpt":{"rendered":"<p>[vc_section css=\u00a0\u00bb.vc_custom_1489036831493{margin-top: 30px !important;}\u00a0\u00bb][vc_row 0=\u00a0\u00bb\u00a0\u00bb][vc_column 0=\u00a0\u00bb\u00a0\u00bb][vc_column_text css=\u00a0\u00bb.vc_custom_1489758749655{margin-bottom: 0px !important;padding-bottom: 20px !important;}\u00a0\u00bb]<\/p>\n<p> \u00c0 PROPOS DE NOS CHEF DE L&rsquo;ENTREPRISE <\/p>\n<p>[\/vc_column_text][\/vc_column][\/vc_row][vc_row 0=\u00a0\u00bb\u00a0\u00bb][vc_column width=\u00a0\u00bb1\/2&Prime;][vc_single_image image=\u00a0\u00bb27446&Prime; img_size=\u00a0\u00bbfull\u00a0\u00bb][\/vc_column][vc_column width=\u00a0\u00bb1\/2&Prime;][vc_column_text 0=\u00a0\u00bb\u00a0\u00bb]Mark Schroeder a suivi une formation de technicien automobile et s&rsquo;est lanc\u00e9 dans la course de VTT en 1991. Il a gagn\u00e9 sa place en tant que pilote expert de VTT, avec un championnat \u00e0 sa ceinture en 1993. Sa vaste exp\u00e9rience dans le domaine de l&rsquo;automobile s&rsquo;est \u00e9tendue au monde des sports motoris\u00e9s, o\u00f9 il a appris \u00e0 r\u00e9parer, modifier et r\u00e9organiser n&rsquo;importe quoi. Il s&rsquo;est retrouv\u00e9 \u00e0 aider ses amis et ses concurrents le jour des courses. En 2008, il a trouv\u00e9 sa niche dans l&rsquo;industrie du sport de moto et a quitt\u00e9 le monde de la r\u00e9paration d&rsquo;automobiles et de camions. Avec le soutien de Roxanne Rollin, sa femme qu&rsquo;il a rencontr\u00e9e sur un circuit de course, ils ont fond\u00e9 ensemble Quad Expert.[\/vc_column_text][vc_column_text css=\u00a0\u00bb.vc_custom_1489037512181{margin-bottom: 0px !important;padding-bottom: 0px !important;}\u00a0\u00bb]<\/p>\n<p> [&#8230;]<\/p>\n","protected":false},"author":55,"featured_media":0,"parent":0,"menu_order":0,"comment_status":"closed","ping_status":"closed","template":"","meta":{"content-type":"","slim_seo":{"title":"On & Off Bikes | Snowmobile | Generator | ATV | Boat","description":"[vc_section css=\".vc_custom_1489036831493{margin-top: 30px !important;}\"][vc_row 0=\"\"][vc_column 0=\"\"][vc_column_text css=\".vc_custom_1489758749655{margin-botto"},"footnotes":""},"class_list":["post-102604","page","type-page","status-publish","hentry"],"_links":{"self":[{"href":"https:\/\/www.quadexpert.com\/fr\/wp-json\/wp\/v2\/pages\/102604","targetHints":{"allow":["GET"]}}],"collection":[{"href":"https:\/\/www.quadexpert.com\/fr\/wp-json\/wp\/v2\/pages"}],"about":[{"href":"https:\/\/www.quadexpert.com\/fr\/wp-json\/wp\/v2\/types\/page"}],"author":[{"embeddable":true,"href":"https:\/\/www.quadexpert.com\/fr\/wp-json\/wp\/v2\/users\/55"}],"replies":[{"embeddable":true,"href":"https:\/\/www.quadexpert.com\/fr\/wp-json\/wp\/v2\/comments?post=102604"}],"version-history":[{"count":14,"href":"https:\/\/www.quadexpert.com\/fr\/wp-json\/wp\/v2\/pages\/102604\/revisions"}],"predecessor-version":[{"id":143301,"href":"https:\/\/www.quadexpert.com\/fr\/wp-json\/wp\/v2\/pages\/102604\/revisions\/143301"}],"wp:attachment":[{"href":"https:\/\/www.quadexpert.com\/fr\/wp-json\/wp\/v2\/media?parent=102604"}],"curies":[{"name":"wp","href":"https:\/\/api.w.org\/{rel}","templated":true}]}}